{"id":835781,"date":"2025-06-12T09:07:27","date_gmt":"2025-06-12T06:07:27","guid":{"rendered":"https:\/\/nextsnkr.com\/product\/3xl-extreme-lace-black\/"},"modified":"2026-01-30T17:28:54","modified_gmt":"2026-01-30T14:28:54","slug":"3xl-extreme-lace-black","status":"publish","type":"product","link":"https:\/\/nextsnkr.com\/et\/toode\/3xl-extreme-lace-black\/","title":{"rendered":"Tossud 3XL Extreme Lace Black Tekstiil aktiivseks kandmiseks"},"content":{"rendered":"<h2>Tossud 3XL Extreme Lace Black Tekstiil aktiivseks kandmiseks<\/h2>\n<p>3XL Extreme Lace Black tossud on valmistatud vastupidavast tekstiilist, mis tagab mugavuse ja vastupidavuse. Mudel sobib ideaalselt aktiivseks igap\u00e4evaseks kasutamiseks ja sporditreeninguteks. Ergonoomiline tald toetab jalga ja stiilne must disain sobib kergesti mis tahes v\u00e4limusega. Tootja Hiina tagab tossude k\u00f5rge kvaliteedi ja t\u00f6\u00f6kindluse, muutes need igap\u00e4evaseks kandmiseks praktiliseks ja stiilseks valikuks.<\/p>\n","protected":false},"excerpt":{"rendered":"<p>3XL Extreme Lace Black tossud on valmistatud vastupidavast tekstiilist, mis tagab mugavuse ja vastupidavuse. Mudel sobib ideaalselt aktiivseks igap\u00e4evaseks kasutamiseks ja sporditreeninguteks. Ergonoomiline tald toetab jalga ja stiilne must disain sobib kergesti mis tahes v\u00e4limusega. Tootja Hiina tagab tossude k\u00f5rge kvaliteedi ja t\u00f6\u00f6kindluse, muutes need igap\u00e4evaseks kandmiseks praktiliseks ja stiilseks valikuks.<\/p>\n","protected":false},"featured_media":835782,"comment_status":"open","ping_status":"open","template":"","meta":[],"product_brand":[],"product_cat":[3186,3187],"product_tag":[],"class_list":{"0":"post-835781","1":"product","2":"type-product","3":"status-publish","4":"has-post-thumbnail","6":"product_cat-all-product","7":"product_cat-krosivky","8":"pa_rozmir-910","9":"pa_rozmir-912","10":"pa_rozmir-914","11":"pa_rozmir-915","12":"pa_rozmir-916","13":"pa_rozmir-917","14":"pa_rozmir-918","15":"pa_rozmir-919","16":"pa_rozmir-920","17":"pa_rozmir-921","18":"pa_rozmir-922","20":"first","21":"onbackorder","22":"purchasable","23":"product-type-variable"},"_links":{"self":[{"href":"https:\/\/nextsnkr.com\/et\/wp-json\/wp\/v2\/product\/835781","targetHints":{"allow":["GET"]}}],"collection":[{"href":"https:\/\/nextsnkr.com\/et\/wp-json\/wp\/v2\/product"}],"about":[{"href":"https:\/\/nextsnkr.com\/et\/wp-json\/wp\/v2\/types\/product"}],"replies":[{"embeddable":true,"href":"https:\/\/nextsnkr.com\/et\/wp-json\/wp\/v2\/comments?post=835781"}],"version-history":[{"count":0,"href":"https:\/\/nextsnkr.com\/et\/wp-json\/wp\/v2\/product\/835781\/revisions"}],"wp:featuredmedia":[{"embeddable":true,"href":"https:\/\/nextsnkr.com\/et\/wp-json\/wp\/v2\/media\/835782"}],"wp:attachment":[{"href":"https:\/\/nextsnkr.com\/et\/wp-json\/wp\/v2\/media?parent=835781"}],"wp:term":[{"taxonomy":"product_brand","embeddable":true,"href":"https:\/\/nextsnkr.com\/et\/wp-json\/wp\/v2\/product_brand?post=835781"},{"taxonomy":"product_cat","embeddable":true,"href":"https:\/\/nextsnkr.com\/et\/wp-json\/wp\/v2\/product_cat?post=835781"},{"taxonomy":"product_tag","embeddable":true,"href":"https:\/\/nextsnkr.com\/et\/wp-json\/wp\/v2\/product_tag?post=835781"}],"curies":[{"name":"wp","href":"https:\/\/api.w.org\/{rel}","templated":true}]}}