{"id":835611,"date":"2025-06-12T09:08:10","date_gmt":"2025-06-12T06:08:10","guid":{"rendered":"https:\/\/nextsnkr.com\/product\/10xl-silver\/"},"modified":"2026-01-30T17:28:50","modified_gmt":"2026-01-30T14:28:50","slug":"10xl-silver","status":"publish","type":"product","link":"https:\/\/nextsnkr.com\/et\/toode\/10xl-silver\/","title":{"rendered":"10xl Silver textile meeste tossud-Stiil ja mugavus"},"content":{"rendered":"<h2>10xl Silver textile meeste tossud-Stiil ja mugavus<\/h2>\n<p>10xl Silver tossud on kerged ja mugavad vastupidavast tekstiilist kingad, mis sobivad ideaalselt igap\u00e4evaseks kasutamiseks. Vietnami tootja mudel tagab mugava istuvuse, hea ventilatsiooni ja mitmek\u00fclgse stiili, mis sobib igale v\u00e4limusele. Usaldusv\u00e4\u00e4rsed materjalid ja kaasaegne disain muudavad need tossud suurep\u00e4raseks valikuks aktiivseks eluks. Valige 10xl Silver enesekindluse ja mugavuse tagamiseks iga p\u00e4ev.<\/p>\n","protected":false},"excerpt":{"rendered":"<p>10xl Silver tossud on kerged ja mugavad vastupidavast tekstiilist kingad, mis sobivad ideaalselt igap\u00e4evaseks kasutamiseks. Vietnami tootja mudel tagab mugava istuvuse, hea ventilatsiooni ja mitmek\u00fclgse stiili, mis sobib igale v\u00e4limusele. Usaldusv\u00e4\u00e4rsed materjalid ja kaasaegne disain muudavad need tossud suurep\u00e4raseks valikuks aktiivseks eluks. Valige 10xl Silver enesekindluse ja mugavuse tagamiseks iga p\u00e4ev.<\/p>\n","protected":false},"featured_media":835612,"comment_status":"open","ping_status":"open","template":"","meta":[],"product_brand":[],"product_cat":[3186,3187],"product_tag":[],"class_list":{"0":"post-835611","1":"product","2":"type-product","3":"status-publish","4":"has-post-thumbnail","6":"product_cat-all-product","7":"product_cat-krosivky","8":"pa_rozmir-910","9":"pa_rozmir-912","10":"pa_rozmir-914","11":"pa_rozmir-915","12":"pa_rozmir-916","13":"pa_rozmir-917","14":"pa_rozmir-918","15":"pa_rozmir-919","16":"pa_rozmir-920","17":"pa_rozmir-921","18":"pa_rozmir-922","20":"first","21":"onbackorder","22":"purchasable","23":"product-type-variable"},"_links":{"self":[{"href":"https:\/\/nextsnkr.com\/et\/wp-json\/wp\/v2\/product\/835611","targetHints":{"allow":["GET"]}}],"collection":[{"href":"https:\/\/nextsnkr.com\/et\/wp-json\/wp\/v2\/product"}],"about":[{"href":"https:\/\/nextsnkr.com\/et\/wp-json\/wp\/v2\/types\/product"}],"replies":[{"embeddable":true,"href":"https:\/\/nextsnkr.com\/et\/wp-json\/wp\/v2\/comments?post=835611"}],"version-history":[{"count":0,"href":"https:\/\/nextsnkr.com\/et\/wp-json\/wp\/v2\/product\/835611\/revisions"}],"wp:featuredmedia":[{"embeddable":true,"href":"https:\/\/nextsnkr.com\/et\/wp-json\/wp\/v2\/media\/835612"}],"wp:attachment":[{"href":"https:\/\/nextsnkr.com\/et\/wp-json\/wp\/v2\/media?parent=835611"}],"wp:term":[{"taxonomy":"product_brand","embeddable":true,"href":"https:\/\/nextsnkr.com\/et\/wp-json\/wp\/v2\/product_brand?post=835611"},{"taxonomy":"product_cat","embeddable":true,"href":"https:\/\/nextsnkr.com\/et\/wp-json\/wp\/v2\/product_cat?post=835611"},{"taxonomy":"product_tag","embeddable":true,"href":"https:\/\/nextsnkr.com\/et\/wp-json\/wp\/v2\/product_tag?post=835611"}],"curies":[{"name":"wp","href":"https:\/\/api.w.org\/{rel}","templated":true}]}}