{"id":835102,"date":"2025-06-12T09:09:55","date_gmt":"2025-06-12T06:09:55","guid":{"rendered":"https:\/\/nextsnkr.com\/product\/track-black-premium\/"},"modified":"2026-01-30T17:28:28","modified_gmt":"2026-01-30T14:28:28","slug":"track-black-premium","status":"publish","type":"product","link":"https:\/\/nextsnkr.com\/et\/toode\/track-black-premium\/","title":{"rendered":"Track Black Premium nahast Mustad tossud"},"content":{"rendered":"<h2>Track Black Premium nahast Mustad tossud<\/h2>\n<p>Track Black Premium tossud \u00fchendavad ehtsa naha ja vastupidava tekstiili, et tagada k\u00f5rge kulumiskindlus, mugavus ja stiilne v\u00e4limus. Must disain on mitmek\u00fclgne ja sobib h\u00f5lpsasti igap\u00e4evase ja sportliku v\u00e4ljan\u00e4gemisega. Pehmendav tald tagab mugavuse k\u00f5ndimise ja aktiivse treeningu ajal. Suurep\u00e4rane valik neile, kes hindavad kvaliteeti, usaldusv\u00e4\u00e4rsust ja kaasaegset stiili. Tootja: Hiina. SKU: 9546-266958<\/p>\n","protected":false},"excerpt":{"rendered":"<p>Track Black Premium tossud \u00fchendavad ehtsa naha ja vastupidava tekstiili, et tagada k\u00f5rge kulumiskindlus, mugavus ja stiilne v\u00e4limus. Must disain on mitmek\u00fclgne ja sobib h\u00f5lpsasti igap\u00e4evase ja sportliku v\u00e4ljan\u00e4gemisega. Pehmendav tald tagab mugavuse k\u00f5ndimise ja aktiivse treeningu ajal. Suurep\u00e4rane valik neile, kes hindavad kvaliteeti, usaldusv\u00e4\u00e4rsust ja kaasaegset stiili. Tootja: Hiina. SKU: 9546-266958<\/p>\n","protected":false},"featured_media":835103,"comment_status":"open","ping_status":"open","template":"","meta":[],"product_brand":[],"product_cat":[3186,3187],"product_tag":[],"class_list":{"0":"post-835102","1":"product","2":"type-product","3":"status-publish","4":"has-post-thumbnail","6":"product_cat-all-product","7":"product_cat-krosivky","8":"pa_rozmir-910","9":"pa_rozmir-912","10":"pa_rozmir-914","11":"pa_rozmir-915","12":"pa_rozmir-916","13":"pa_rozmir-917","14":"pa_rozmir-918","15":"pa_rozmir-919","16":"pa_rozmir-920","17":"pa_rozmir-921","18":"pa_rozmir-922","20":"first","21":"onbackorder","22":"purchasable","23":"product-type-variable"},"_links":{"self":[{"href":"https:\/\/nextsnkr.com\/et\/wp-json\/wp\/v2\/product\/835102","targetHints":{"allow":["GET"]}}],"collection":[{"href":"https:\/\/nextsnkr.com\/et\/wp-json\/wp\/v2\/product"}],"about":[{"href":"https:\/\/nextsnkr.com\/et\/wp-json\/wp\/v2\/types\/product"}],"replies":[{"embeddable":true,"href":"https:\/\/nextsnkr.com\/et\/wp-json\/wp\/v2\/comments?post=835102"}],"version-history":[{"count":0,"href":"https:\/\/nextsnkr.com\/et\/wp-json\/wp\/v2\/product\/835102\/revisions"}],"wp:featuredmedia":[{"embeddable":true,"href":"https:\/\/nextsnkr.com\/et\/wp-json\/wp\/v2\/media\/835103"}],"wp:attachment":[{"href":"https:\/\/nextsnkr.com\/et\/wp-json\/wp\/v2\/media?parent=835102"}],"wp:term":[{"taxonomy":"product_brand","embeddable":true,"href":"https:\/\/nextsnkr.com\/et\/wp-json\/wp\/v2\/product_brand?post=835102"},{"taxonomy":"product_cat","embeddable":true,"href":"https:\/\/nextsnkr.com\/et\/wp-json\/wp\/v2\/product_cat?post=835102"},{"taxonomy":"product_tag","embeddable":true,"href":"https:\/\/nextsnkr.com\/et\/wp-json\/wp\/v2\/product_tag?post=835102"}],"curies":[{"name":"wp","href":"https:\/\/api.w.org\/{rel}","templated":true}]}}