{"id":834242,"date":"2025-06-12T09:12:24","date_gmt":"2025-06-12T06:12:24","guid":{"rendered":"https:\/\/nextsnkr.com\/product\/3xl-silver-pink\/"},"modified":"2026-01-30T17:27:48","modified_gmt":"2026-01-30T14:27:48","slug":"3xl-silver-pink","status":"publish","type":"product","link":"https:\/\/nextsnkr.com\/et\/toode\/3xl-silver-pink\/","title":{"rendered":"3XL Silver Pink textile tossud-stiilne ja kerge igap\u00e4evaseks mugavuseks"},"content":{"rendered":"<h2>3XL Silver Pink textile tossud-stiilne ja kerge igap\u00e4evaseks mugavuseks<\/h2>\n<p>3XL Silver Pink tossud on kerge tekstiilimudel koos h\u00f5bedaste ja roosade aktsentidega, mis annavad stiilse ja kaasaegse ilme. Hingav materjal tagab kogu p\u00e4eva mugavuse ja vastupidav konstruktsioon tagab kulumiskindluse. Hiinas valmistatud tossud sobivad ideaalselt aktiivseks linnar\u00fctmiks ja igap\u00e4evaseks jalutusk\u00e4iguks. Valige 3XL Silver Pink, et \u00fchendada mugavus ja trendikas disain.<\/p>\n","protected":false},"excerpt":{"rendered":"<p>3XL Silver Pink tossud on kerge tekstiilimudel koos h\u00f5bedaste ja roosade aktsentidega, mis annavad stiilse ja kaasaegse ilme. Hingav materjal tagab kogu p\u00e4eva mugavuse ja vastupidav konstruktsioon tagab kulumiskindluse. Hiinas valmistatud tossud sobivad ideaalselt aktiivseks linnar\u00fctmiks ja igap\u00e4evaseks jalutusk\u00e4iguks. Valige 3XL Silver Pink, et \u00fchendada mugavus ja trendikas disain.<\/p>\n","protected":false},"featured_media":834243,"comment_status":"open","ping_status":"open","template":"","meta":[],"product_brand":[],"product_cat":[3186,3187],"product_tag":[],"class_list":{"0":"post-834242","1":"product","2":"type-product","3":"status-publish","4":"has-post-thumbnail","6":"product_cat-all-product","7":"product_cat-krosivky","8":"pa_rozmir-910","9":"pa_rozmir-912","10":"pa_rozmir-914","11":"pa_rozmir-915","12":"pa_rozmir-916","13":"pa_rozmir-917","14":"pa_rozmir-918","15":"pa_rozmir-919","16":"pa_rozmir-920","17":"pa_rozmir-921","18":"pa_rozmir-922","20":"first","21":"onbackorder","22":"purchasable","23":"product-type-variable"},"_links":{"self":[{"href":"https:\/\/nextsnkr.com\/et\/wp-json\/wp\/v2\/product\/834242","targetHints":{"allow":["GET"]}}],"collection":[{"href":"https:\/\/nextsnkr.com\/et\/wp-json\/wp\/v2\/product"}],"about":[{"href":"https:\/\/nextsnkr.com\/et\/wp-json\/wp\/v2\/types\/product"}],"replies":[{"embeddable":true,"href":"https:\/\/nextsnkr.com\/et\/wp-json\/wp\/v2\/comments?post=834242"}],"version-history":[{"count":0,"href":"https:\/\/nextsnkr.com\/et\/wp-json\/wp\/v2\/product\/834242\/revisions"}],"wp:featuredmedia":[{"embeddable":true,"href":"https:\/\/nextsnkr.com\/et\/wp-json\/wp\/v2\/media\/834243"}],"wp:attachment":[{"href":"https:\/\/nextsnkr.com\/et\/wp-json\/wp\/v2\/media?parent=834242"}],"wp:term":[{"taxonomy":"product_brand","embeddable":true,"href":"https:\/\/nextsnkr.com\/et\/wp-json\/wp\/v2\/product_brand?post=834242"},{"taxonomy":"product_cat","embeddable":true,"href":"https:\/\/nextsnkr.com\/et\/wp-json\/wp\/v2\/product_cat?post=834242"},{"taxonomy":"product_tag","embeddable":true,"href":"https:\/\/nextsnkr.com\/et\/wp-json\/wp\/v2\/product_tag?post=834242"}],"curies":[{"name":"wp","href":"https:\/\/api.w.org\/{rel}","templated":true}]}}