{"id":833369,"date":"2025-06-12T15:52:13","date_gmt":"2025-06-12T12:52:13","guid":{"rendered":"https:\/\/nextsnkr.com\/product\/3xl-extreme-lace-beige\/"},"modified":"2026-01-30T17:27:05","modified_gmt":"2026-01-30T14:27:05","slug":"3xl-extreme-lace-beige","status":"publish","type":"product","link":"https:\/\/nextsnkr.com\/et\/toode\/3xl-extreme-lace-beige\/","title":{"rendered":"3XL Extreme Lace beige tekstiilist tossud mugavuse ja stiili jaoks"},"content":{"rendered":"<h2>3XL Extreme Lace beige tekstiilist tossud mugavuse ja stiili jaoks<\/h2>\n<p>Stiilsed 3XL Extreme Lace beige tekstiilist tossud pakuvad aktiivse liikumise ajal kergust ja hingavust. Ideaalne igap\u00e4evaseks kasutamiseks ja sportimiseks. Kvaliteetne t\u00f6\u00f6 tagab vastupidavuse ja mugavuse. Kerge, kaasaegne ja mitmek\u00fclgne \u2014 need tossud on teie garderoobi jaoks kindel valik. Telli kohe ja tunne stiili ja praktilisuse kombinatsiooni.<\/p>\n","protected":false},"excerpt":{"rendered":"<p>Stiilsed 3XL Extreme Lace beige tekstiilist tossud pakuvad aktiivse liikumise ajal kergust ja hingavust. Ideaalne igap\u00e4evaseks kasutamiseks ja sportimiseks. Kvaliteetne t\u00f6\u00f6 tagab vastupidavuse ja mugavuse. Kerge, kaasaegne ja mitmek\u00fclgne \u2014 need tossud on teie garderoobi jaoks kindel valik. Telli kohe ja tunne stiili ja praktilisuse kombinatsiooni.<\/p>\n","protected":false},"featured_media":833370,"comment_status":"open","ping_status":"open","template":"","meta":[],"product_brand":[],"product_cat":[3186,3187],"product_tag":[],"class_list":{"0":"post-833369","1":"product","2":"type-product","3":"status-publish","4":"has-post-thumbnail","6":"product_cat-all-product","7":"product_cat-krosivky","8":"pa_rozmir-910","9":"pa_rozmir-912","10":"pa_rozmir-914","11":"pa_rozmir-915","12":"pa_rozmir-916","13":"pa_rozmir-917","14":"pa_rozmir-918","15":"pa_rozmir-919","16":"pa_rozmir-920","17":"pa_rozmir-921","18":"pa_rozmir-922","20":"first","21":"onbackorder","22":"purchasable","23":"product-type-variable"},"_links":{"self":[{"href":"https:\/\/nextsnkr.com\/et\/wp-json\/wp\/v2\/product\/833369","targetHints":{"allow":["GET"]}}],"collection":[{"href":"https:\/\/nextsnkr.com\/et\/wp-json\/wp\/v2\/product"}],"about":[{"href":"https:\/\/nextsnkr.com\/et\/wp-json\/wp\/v2\/types\/product"}],"replies":[{"embeddable":true,"href":"https:\/\/nextsnkr.com\/et\/wp-json\/wp\/v2\/comments?post=833369"}],"version-history":[{"count":0,"href":"https:\/\/nextsnkr.com\/et\/wp-json\/wp\/v2\/product\/833369\/revisions"}],"wp:featuredmedia":[{"embeddable":true,"href":"https:\/\/nextsnkr.com\/et\/wp-json\/wp\/v2\/media\/833370"}],"wp:attachment":[{"href":"https:\/\/nextsnkr.com\/et\/wp-json\/wp\/v2\/media?parent=833369"}],"wp:term":[{"taxonomy":"product_brand","embeddable":true,"href":"https:\/\/nextsnkr.com\/et\/wp-json\/wp\/v2\/product_brand?post=833369"},{"taxonomy":"product_cat","embeddable":true,"href":"https:\/\/nextsnkr.com\/et\/wp-json\/wp\/v2\/product_cat?post=833369"},{"taxonomy":"product_tag","embeddable":true,"href":"https:\/\/nextsnkr.com\/et\/wp-json\/wp\/v2\/product_tag?post=833369"}],"curies":[{"name":"wp","href":"https:\/\/api.w.org\/{rel}","templated":true}]}}