{"id":832352,"date":"2025-06-12T15:55:37","date_gmt":"2025-06-12T12:55:37","guid":{"rendered":"https:\/\/nextsnkr.com\/product\/walk-n-dior-platform-white-black-premium\/"},"modified":"2026-01-30T17:26:19","modified_gmt":"2026-01-30T14:26:19","slug":"walk-n-dior-platform-white-black-premium","status":"publish","type":"product","link":"https:\/\/nextsnkr.com\/et\/toode\/walk-n-dior-platform-white-black-premium\/","title":{"rendered":"Walk-N Dior Platform White\/Black Premium tossud stiili jaoks"},"content":{"rendered":"<h2>Walk-N Dior Platform White\/Black Premium tossud stiili jaoks<\/h2>\n<p>Walk-N Dior Platform White \/ Black Premium tossud \u2b50\ufe0f \u00fchendavad stiilse disaini ja mugavuse igap\u00e4evaseks kandmiseks. Valmistatud kvaliteetsest materjalist, tagavad need pikaealisuse ja mugavuse k\u00f5ndimisel. Mustvalge kombinatsioon muudab tossud mitmek\u00fclgseks ning platvorm lisab kaasaegse ilme ja stabiilsuse. Ideaalne jalutamiseks, linnaks ja v\u00e4litegevuseks, need tossud r\u00f5hutavad teie stiili ja staatust. Valige Walk-n Dior ja nautige iga p\u00e4ev esmaklassilist kvaliteeti.<\/p>\n","protected":false},"excerpt":{"rendered":"<p>Walk-N Dior Platform White \/ Black Premium tossud \u2b50\ufe0f \u00fchendavad stiilse disaini ja mugavuse igap\u00e4evaseks kandmiseks. Valmistatud kvaliteetsest materjalist, tagavad need pikaealisuse ja mugavuse k\u00f5ndimisel. Mustvalge kombinatsioon muudab tossud mitmek\u00fclgseks ning platvorm lisab kaasaegse ilme ja stabiilsuse. Ideaalne jalutamiseks, linnaks ja v\u00e4litegevuseks, need tossud r\u00f5hutavad teie stiili ja staatust. Valige Walk-n Dior ja nautige iga p\u00e4ev esmaklassilist kvaliteeti.<\/p>\n","protected":false},"featured_media":832353,"comment_status":"open","ping_status":"open","template":"","meta":[],"product_brand":[],"product_cat":[3186,3317],"product_tag":[],"class_list":{"0":"post-832352","1":"product","2":"type-product","3":"status-publish","4":"has-post-thumbnail","6":"product_cat-all-product","7":"product_cat-kedy","8":"pa_rozmir-910","9":"pa_rozmir-912","10":"pa_rozmir-914","11":"pa_rozmir-915","12":"pa_rozmir-916","13":"pa_rozmir-917","14":"pa_rozmir-918","15":"pa_rozmir-919","16":"pa_rozmir-920","17":"pa_rozmir-921","18":"pa_rozmir-922","20":"first","21":"instock","22":"purchasable","23":"product-type-variable"},"_links":{"self":[{"href":"https:\/\/nextsnkr.com\/et\/wp-json\/wp\/v2\/product\/832352","targetHints":{"allow":["GET"]}}],"collection":[{"href":"https:\/\/nextsnkr.com\/et\/wp-json\/wp\/v2\/product"}],"about":[{"href":"https:\/\/nextsnkr.com\/et\/wp-json\/wp\/v2\/types\/product"}],"replies":[{"embeddable":true,"href":"https:\/\/nextsnkr.com\/et\/wp-json\/wp\/v2\/comments?post=832352"}],"version-history":[{"count":0,"href":"https:\/\/nextsnkr.com\/et\/wp-json\/wp\/v2\/product\/832352\/revisions"}],"wp:featuredmedia":[{"embeddable":true,"href":"https:\/\/nextsnkr.com\/et\/wp-json\/wp\/v2\/media\/832353"}],"wp:attachment":[{"href":"https:\/\/nextsnkr.com\/et\/wp-json\/wp\/v2\/media?parent=832352"}],"wp:term":[{"taxonomy":"product_brand","embeddable":true,"href":"https:\/\/nextsnkr.com\/et\/wp-json\/wp\/v2\/product_brand?post=832352"},{"taxonomy":"product_cat","embeddable":true,"href":"https:\/\/nextsnkr.com\/et\/wp-json\/wp\/v2\/product_cat?post=832352"},{"taxonomy":"product_tag","embeddable":true,"href":"https:\/\/nextsnkr.com\/et\/wp-json\/wp\/v2\/product_tag?post=832352"}],"curies":[{"name":"wp","href":"https:\/\/api.w.org\/{rel}","templated":true}]}}