{"id":830997,"date":"2025-06-12T15:59:54","date_gmt":"2025-06-12T12:59:54","guid":{"rendered":"https:\/\/nextsnkr.com\/product\/golden-goose-leopard-sneakers\/"},"modified":"2026-01-30T17:25:21","modified_gmt":"2026-01-30T14:25:21","slug":"golden-goose-leopard-sneakers","status":"publish","type":"product","link":"https:\/\/nextsnkr.com\/et\/toode\/golden-goose-leopard-sneakers\/","title":{"rendered":"Golden Goose Leopard Sneakers tossud on stiilsed ja s\u00e4ravad"},"content":{"rendered":"<h2>Golden Goose Leopard Sneakers tossud on stiilsed ja s\u00e4ravad<\/h2>\n<p>Golden Goose Leopard Sneakers on valmistatud kvaliteetsest materjalist, \u00fchendades mugavuse ja moekujunduse igap\u00e4evaseks kandmiseks. Leoparditr\u00fckk lisab originaalsust ja r\u00f5hutab individuaalset stiili, samas kui kerge konstruktsioon pakub k\u00f5ndimise mugavust. Ideaalne jalutamiseks, linnaks ja v\u00e4litegevuseks, need tossud r\u00f5hutavad teie maitset ja staatust. Valige Golden Goose stiilsete, mugavate ja kauakestvate kingade jaoks iga p\u00e4ev.<\/p>\n","protected":false},"excerpt":{"rendered":"<p>Golden Goose Leopard Sneakers on valmistatud kvaliteetsest materjalist, \u00fchendades mugavuse ja moekujunduse igap\u00e4evaseks kandmiseks. Leoparditr\u00fckk lisab originaalsust ja r\u00f5hutab individuaalset stiili, samas kui kerge konstruktsioon pakub k\u00f5ndimise mugavust. Ideaalne jalutamiseks, linnaks ja v\u00e4litegevuseks, need tossud r\u00f5hutavad teie maitset ja staatust. Valige Golden Goose stiilsete, mugavate ja kauakestvate kingade jaoks iga p\u00e4ev.<\/p>\n","protected":false},"featured_media":830998,"comment_status":"open","ping_status":"open","template":"","meta":[],"product_brand":[],"product_cat":[3186,3317],"product_tag":[],"class_list":{"0":"post-830997","1":"product","2":"type-product","3":"status-publish","4":"has-post-thumbnail","6":"product_cat-all-product","7":"product_cat-kedy","8":"pa_rozmir-910","9":"pa_rozmir-912","10":"pa_rozmir-914","11":"pa_rozmir-915","12":"pa_rozmir-916","13":"pa_rozmir-917","14":"pa_rozmir-918","15":"pa_rozmir-919","16":"pa_rozmir-920","17":"pa_rozmir-921","18":"pa_rozmir-922","20":"first","21":"instock","22":"purchasable","23":"product-type-variable"},"_links":{"self":[{"href":"https:\/\/nextsnkr.com\/et\/wp-json\/wp\/v2\/product\/830997","targetHints":{"allow":["GET"]}}],"collection":[{"href":"https:\/\/nextsnkr.com\/et\/wp-json\/wp\/v2\/product"}],"about":[{"href":"https:\/\/nextsnkr.com\/et\/wp-json\/wp\/v2\/types\/product"}],"replies":[{"embeddable":true,"href":"https:\/\/nextsnkr.com\/et\/wp-json\/wp\/v2\/comments?post=830997"}],"version-history":[{"count":0,"href":"https:\/\/nextsnkr.com\/et\/wp-json\/wp\/v2\/product\/830997\/revisions"}],"wp:featuredmedia":[{"embeddable":true,"href":"https:\/\/nextsnkr.com\/et\/wp-json\/wp\/v2\/media\/830998"}],"wp:attachment":[{"href":"https:\/\/nextsnkr.com\/et\/wp-json\/wp\/v2\/media?parent=830997"}],"wp:term":[{"taxonomy":"product_brand","embeddable":true,"href":"https:\/\/nextsnkr.com\/et\/wp-json\/wp\/v2\/product_brand?post=830997"},{"taxonomy":"product_cat","embeddable":true,"href":"https:\/\/nextsnkr.com\/et\/wp-json\/wp\/v2\/product_cat?post=830997"},{"taxonomy":"product_tag","embeddable":true,"href":"https:\/\/nextsnkr.com\/et\/wp-json\/wp\/v2\/product_tag?post=830997"}],"curies":[{"name":"wp","href":"https:\/\/api.w.org\/{rel}","templated":true}]}}