{"id":829641,"date":"2025-06-12T16:03:03","date_gmt":"2025-06-12T13:03:03","guid":{"rendered":"https:\/\/nextsnkr.com\/product\/prada-double-wheel-nylon-gabardine-white-premium\/"},"modified":"2026-01-30T17:24:12","modified_gmt":"2026-01-30T14:24:12","slug":"prada-double-wheel-nylon-gabardine-white-premium","status":"publish","type":"product","link":"https:\/\/nextsnkr.com\/et\/toode\/prada-double-wheel-nylon-gabardine-white-premium\/","title":{"rendered":"Prada Double Wheel nylon gabardine White Premium tossud \u2b50\ufe0f"},"content":{"rendered":"<h2>Prada Double Wheel nylon gabardine White Premium tossud \u2b50\ufe0f<\/h2>\n<p>Prada Double Wheel nylon Gabardine White Premium tossud \u2b50\ufe0f on valmistatud kvaliteetsetest tekstiilidest, mis \u00fchendavad stiilse disaini ja mugavuse igap\u00e4evaseks kandmiseks. Kerge ja vastupidav konstruktsioon tagab mugava k\u00f5ndimise, samas kui valge v\u00e4rv lisab v\u00e4limusele mitmek\u00fclgsust ja elegantsi. Itaalia br\u00e4ndi esmaklassiline kvaliteet tagab pikaealisuse ja kaasaegse v\u00e4limuse. Ideaalne jalutamiseks, linnaks ja v\u00e4litegevuseks, need tossud r\u00f5hutavad teie stiili ja staatust iga p\u00e4ev.<\/p>\n","protected":false},"excerpt":{"rendered":"<p>Prada Double Wheel nylon Gabardine White Premium tossud \u2b50\ufe0f on valmistatud kvaliteetsetest tekstiilidest, mis \u00fchendavad stiilse disaini ja mugavuse igap\u00e4evaseks kandmiseks. Kerge ja vastupidav konstruktsioon tagab mugava k\u00f5ndimise, samas kui valge v\u00e4rv lisab v\u00e4limusele mitmek\u00fclgsust ja elegantsi. Itaalia br\u00e4ndi esmaklassiline kvaliteet tagab pikaealisuse ja kaasaegse v\u00e4limuse. Ideaalne jalutamiseks, linnaks ja v\u00e4litegevuseks, need tossud r\u00f5hutavad teie stiili ja staatust iga p\u00e4ev.<\/p>\n","protected":false},"featured_media":829642,"comment_status":"open","ping_status":"open","template":"","meta":[],"product_brand":[],"product_cat":[3186,3317],"product_tag":[],"class_list":{"0":"post-829641","1":"product","2":"type-product","3":"status-publish","4":"has-post-thumbnail","6":"product_cat-all-product","7":"product_cat-kedy","8":"pa_rozmir-910","9":"pa_rozmir-912","10":"pa_rozmir-914","11":"pa_rozmir-915","12":"pa_rozmir-916","13":"pa_rozmir-917","14":"pa_rozmir-918","15":"pa_rozmir-919","16":"pa_rozmir-920","17":"pa_rozmir-921","18":"pa_rozmir-922","20":"first","21":"onbackorder","22":"purchasable","23":"product-type-variable"},"_links":{"self":[{"href":"https:\/\/nextsnkr.com\/et\/wp-json\/wp\/v2\/product\/829641","targetHints":{"allow":["GET"]}}],"collection":[{"href":"https:\/\/nextsnkr.com\/et\/wp-json\/wp\/v2\/product"}],"about":[{"href":"https:\/\/nextsnkr.com\/et\/wp-json\/wp\/v2\/types\/product"}],"replies":[{"embeddable":true,"href":"https:\/\/nextsnkr.com\/et\/wp-json\/wp\/v2\/comments?post=829641"}],"version-history":[{"count":0,"href":"https:\/\/nextsnkr.com\/et\/wp-json\/wp\/v2\/product\/829641\/revisions"}],"wp:featuredmedia":[{"embeddable":true,"href":"https:\/\/nextsnkr.com\/et\/wp-json\/wp\/v2\/media\/829642"}],"wp:attachment":[{"href":"https:\/\/nextsnkr.com\/et\/wp-json\/wp\/v2\/media?parent=829641"}],"wp:term":[{"taxonomy":"product_brand","embeddable":true,"href":"https:\/\/nextsnkr.com\/et\/wp-json\/wp\/v2\/product_brand?post=829641"},{"taxonomy":"product_cat","embeddable":true,"href":"https:\/\/nextsnkr.com\/et\/wp-json\/wp\/v2\/product_cat?post=829641"},{"taxonomy":"product_tag","embeddable":true,"href":"https:\/\/nextsnkr.com\/et\/wp-json\/wp\/v2\/product_tag?post=829641"}],"curies":[{"name":"wp","href":"https:\/\/api.w.org\/{rel}","templated":true}]}}