{"id":828950,"date":"2025-06-13T09:21:03","date_gmt":"2025-06-13T06:21:03","guid":{"rendered":"https:\/\/nextsnkr.com\/product\/adidas-ozelia-white\/"},"modified":"2026-01-30T17:23:45","modified_gmt":"2026-01-30T14:23:45","slug":"adidas-ozelia-white","status":"publish","type":"product","link":"https:\/\/nextsnkr.com\/et\/toode\/adidas-ozelia-white\/","title":{"rendered":"Adidas Ozelia White v\u00f5rgusilma tossud igap\u00e4evaseks mugavuseks"},"content":{"rendered":"<h2>Adidas Ozelia White v\u00f5rgusilma tossud igap\u00e4evaseks mugavuseks<\/h2>\n<p>Adidas Ozelia White tossud on valmistatud kvaliteetsest v\u00f5rgust, mis tagab suurep\u00e4rase ventilatsiooni ja h\u00f5lpsa kandmise. Adidase kaubam\u00e4rk tagab stiilse disaini ja t\u00f6\u00f6kindluse, muutes need tossud ideaalseks jalutamiseks, sportimiseks ja v\u00e4litegevuseks. Kerge ja paindlik tald pakub kogu p\u00e4eva mugavust, \u00fchendades praktilisuse ja kaasaegse v\u00e4limuse igap\u00e4evaseks kasutamiseks.<\/p>\n","protected":false},"excerpt":{"rendered":"<p>Adidas Ozelia White tossud on valmistatud kvaliteetsest v\u00f5rgust, mis tagab suurep\u00e4rase ventilatsiooni ja h\u00f5lpsa kandmise. Adidase kaubam\u00e4rk tagab stiilse disaini ja t\u00f6\u00f6kindluse, muutes need tossud ideaalseks jalutamiseks, sportimiseks ja v\u00e4litegevuseks. Kerge ja paindlik tald pakub kogu p\u00e4eva mugavust, \u00fchendades praktilisuse ja kaasaegse v\u00e4limuse igap\u00e4evaseks kasutamiseks.<\/p>\n","protected":false},"featured_media":828951,"comment_status":"open","ping_status":"open","template":"","meta":[],"product_brand":[],"product_cat":[3186,3187],"product_tag":[],"class_list":{"0":"post-828950","1":"product","2":"type-product","3":"status-publish","4":"has-post-thumbnail","6":"product_cat-all-product","7":"product_cat-krosivky","8":"pa_rozmir-910","9":"pa_rozmir-912","10":"pa_rozmir-914","11":"pa_rozmir-915","12":"pa_rozmir-916","13":"pa_rozmir-917","14":"pa_rozmir-918","15":"pa_rozmir-919","16":"pa_rozmir-920","17":"pa_rozmir-921","18":"pa_rozmir-922","20":"first","21":"onbackorder","22":"purchasable","23":"product-type-variable"},"_links":{"self":[{"href":"https:\/\/nextsnkr.com\/et\/wp-json\/wp\/v2\/product\/828950","targetHints":{"allow":["GET"]}}],"collection":[{"href":"https:\/\/nextsnkr.com\/et\/wp-json\/wp\/v2\/product"}],"about":[{"href":"https:\/\/nextsnkr.com\/et\/wp-json\/wp\/v2\/types\/product"}],"replies":[{"embeddable":true,"href":"https:\/\/nextsnkr.com\/et\/wp-json\/wp\/v2\/comments?post=828950"}],"version-history":[{"count":0,"href":"https:\/\/nextsnkr.com\/et\/wp-json\/wp\/v2\/product\/828950\/revisions"}],"wp:featuredmedia":[{"embeddable":true,"href":"https:\/\/nextsnkr.com\/et\/wp-json\/wp\/v2\/media\/828951"}],"wp:attachment":[{"href":"https:\/\/nextsnkr.com\/et\/wp-json\/wp\/v2\/media?parent=828950"}],"wp:term":[{"taxonomy":"product_brand","embeddable":true,"href":"https:\/\/nextsnkr.com\/et\/wp-json\/wp\/v2\/product_brand?post=828950"},{"taxonomy":"product_cat","embeddable":true,"href":"https:\/\/nextsnkr.com\/et\/wp-json\/wp\/v2\/product_cat?post=828950"},{"taxonomy":"product_tag","embeddable":true,"href":"https:\/\/nextsnkr.com\/et\/wp-json\/wp\/v2\/product_tag?post=828950"}],"curies":[{"name":"wp","href":"https:\/\/api.w.org\/{rel}","templated":true}]}}