{"id":828101,"date":"2025-06-13T09:23:09","date_gmt":"2025-06-13T06:23:09","guid":{"rendered":"https:\/\/nextsnkr.com\/product\/nike-air-force-1-low-black-white\/"},"modified":"2026-01-30T17:23:04","modified_gmt":"2026-01-30T14:23:04","slug":"nike-air-force-1-low-black-white","status":"publish","type":"product","link":"https:\/\/nextsnkr.com\/et\/toode\/nike-air-force-1-low-black-white\/","title":{"rendered":"Adidas Forum Low White Black nahast tossud-Stiil ja mugavus"},"content":{"rendered":"<h2>Adidas Forum Low White Black nahast tossud-Stiil ja mugavus<\/h2>\n<p>Adidas Forum Low White Black tossud on ikooniline nahast mudel, mis \u00fchendab stiili ja usaldusv\u00e4\u00e4rse kvaliteedi. Br\u00e4ndimaterjalid tagavad vastupidavuse ja mugav madal istuvus muudab need ideaalseks igap\u00e4evaseks kasutamiseks. Mustad aktsendid valgel taustal lisavad mitmek\u00fclgsust, sulandudes h\u00f5lpsalt mis tahes viisil. Vietnamis toodetud need tossud tagavad mugavuse, vastupidavuse ja enesekindluse igal sammul. Valige Adidas Forum Low-t\u00f5estatud klassika, mis on alati trendis.<\/p>\n","protected":false},"excerpt":{"rendered":"<p>Adidas Forum Low White Black tossud on ikooniline nahast mudel, mis \u00fchendab stiili ja usaldusv\u00e4\u00e4rse kvaliteedi. Br\u00e4ndimaterjalid tagavad vastupidavuse ja mugav madal istuvus muudab need ideaalseks igap\u00e4evaseks kasutamiseks. Mustad aktsendid valgel taustal lisavad mitmek\u00fclgsust, sulandudes h\u00f5lpsalt mis tahes viisil. Vietnamis toodetud need tossud tagavad mugavuse, vastupidavuse ja enesekindluse igal sammul. Valige Adidas Forum Low-t\u00f5estatud klassika, mis on alati trendis.<\/p>\n","protected":false},"featured_media":828102,"comment_status":"open","ping_status":"open","template":"","meta":[],"product_brand":[],"product_cat":[3186,3317],"product_tag":[],"class_list":{"0":"post-828101","1":"product","2":"type-product","3":"status-publish","4":"has-post-thumbnail","6":"product_cat-all-product","7":"product_cat-kedy","8":"pa_rozmir-910","9":"pa_rozmir-912","10":"pa_rozmir-914","11":"pa_rozmir-915","12":"pa_rozmir-916","13":"pa_rozmir-917","14":"pa_rozmir-918","15":"pa_rozmir-919","16":"pa_rozmir-920","17":"pa_rozmir-921","18":"pa_rozmir-922","20":"first","21":"instock","22":"purchasable","23":"product-type-variable"},"_links":{"self":[{"href":"https:\/\/nextsnkr.com\/et\/wp-json\/wp\/v2\/product\/828101","targetHints":{"allow":["GET"]}}],"collection":[{"href":"https:\/\/nextsnkr.com\/et\/wp-json\/wp\/v2\/product"}],"about":[{"href":"https:\/\/nextsnkr.com\/et\/wp-json\/wp\/v2\/types\/product"}],"replies":[{"embeddable":true,"href":"https:\/\/nextsnkr.com\/et\/wp-json\/wp\/v2\/comments?post=828101"}],"version-history":[{"count":0,"href":"https:\/\/nextsnkr.com\/et\/wp-json\/wp\/v2\/product\/828101\/revisions"}],"wp:featuredmedia":[{"embeddable":true,"href":"https:\/\/nextsnkr.com\/et\/wp-json\/wp\/v2\/media\/828102"}],"wp:attachment":[{"href":"https:\/\/nextsnkr.com\/et\/wp-json\/wp\/v2\/media?parent=828101"}],"wp:term":[{"taxonomy":"product_brand","embeddable":true,"href":"https:\/\/nextsnkr.com\/et\/wp-json\/wp\/v2\/product_brand?post=828101"},{"taxonomy":"product_cat","embeddable":true,"href":"https:\/\/nextsnkr.com\/et\/wp-json\/wp\/v2\/product_cat?post=828101"},{"taxonomy":"product_tag","embeddable":true,"href":"https:\/\/nextsnkr.com\/et\/wp-json\/wp\/v2\/product_tag?post=828101"}],"curies":[{"name":"wp","href":"https:\/\/api.w.org\/{rel}","templated":true}]}}