{"id":826575,"date":"2025-06-12T16:03:46","date_gmt":"2025-06-12T13:03:46","guid":{"rendered":"https:\/\/nextsnkr.com\/product\/gucci-gg-rhyton\/"},"modified":"2026-01-30T17:21:54","modified_gmt":"2026-01-30T14:21:54","slug":"gucci-gg-rhyton","status":"publish","type":"product","link":"https:\/\/nextsnkr.com\/et\/toode\/gucci-gg-rhyton\/","title":{"rendered":"Gucci GG Rhyton textile tossud stiilseks ja mugavaks kandmiseks"},"content":{"rendered":"<h2>Gucci GG Rhyton textile tossud stiilseks ja mugavaks kandmiseks<\/h2>\n<p>Gucci GG Rhytoni tossud on valmistatud kvaliteetsest tekstiilist, \u00fchendades kaasaegse disaini ja mugavuse igap\u00e4evaseks kasutamiseks. Kerge konstruktsioon tagab mugava k\u00f5ndimise, samas kui stiilne disain ja \u00e4ratuntav Gucci kaubam\u00e4rk r\u00f5hutavad teie staatust ja maitset. Ideaalne jalutamiseks, linnaks ja v\u00e4litegevuseks on need tossud teie v\u00e4limuses silmatorkav aktsent, \u00fchendades iga p\u00e4ev praktilisuse, elegantsi ja vastupidavuse.<\/p>\n","protected":false},"excerpt":{"rendered":"<p>Gucci GG Rhytoni tossud on valmistatud kvaliteetsest tekstiilist, \u00fchendades kaasaegse disaini ja mugavuse igap\u00e4evaseks kasutamiseks. Kerge konstruktsioon tagab mugava k\u00f5ndimise, samas kui stiilne disain ja \u00e4ratuntav Gucci kaubam\u00e4rk r\u00f5hutavad teie staatust ja maitset. Ideaalne jalutamiseks, linnaks ja v\u00e4litegevuseks on need tossud teie v\u00e4limuses silmatorkav aktsent, \u00fchendades iga p\u00e4ev praktilisuse, elegantsi ja vastupidavuse.<\/p>\n","protected":false},"featured_media":826576,"comment_status":"open","ping_status":"open","template":"","meta":[],"product_brand":[],"product_cat":[3186,3187],"product_tag":[],"class_list":{"0":"post-826575","1":"product","2":"type-product","3":"status-publish","4":"has-post-thumbnail","6":"product_cat-all-product","7":"product_cat-krosivky","8":"pa_rozmir-910","9":"pa_rozmir-912","10":"pa_rozmir-914","11":"pa_rozmir-915","12":"pa_rozmir-916","13":"pa_rozmir-917","14":"pa_rozmir-918","15":"pa_rozmir-919","16":"pa_rozmir-920","17":"pa_rozmir-921","18":"pa_rozmir-922","20":"first","21":"onbackorder","22":"purchasable","23":"product-type-variable"},"_links":{"self":[{"href":"https:\/\/nextsnkr.com\/et\/wp-json\/wp\/v2\/product\/826575","targetHints":{"allow":["GET"]}}],"collection":[{"href":"https:\/\/nextsnkr.com\/et\/wp-json\/wp\/v2\/product"}],"about":[{"href":"https:\/\/nextsnkr.com\/et\/wp-json\/wp\/v2\/types\/product"}],"replies":[{"embeddable":true,"href":"https:\/\/nextsnkr.com\/et\/wp-json\/wp\/v2\/comments?post=826575"}],"version-history":[{"count":0,"href":"https:\/\/nextsnkr.com\/et\/wp-json\/wp\/v2\/product\/826575\/revisions"}],"wp:featuredmedia":[{"embeddable":true,"href":"https:\/\/nextsnkr.com\/et\/wp-json\/wp\/v2\/media\/826576"}],"wp:attachment":[{"href":"https:\/\/nextsnkr.com\/et\/wp-json\/wp\/v2\/media?parent=826575"}],"wp:term":[{"taxonomy":"product_brand","embeddable":true,"href":"https:\/\/nextsnkr.com\/et\/wp-json\/wp\/v2\/product_brand?post=826575"},{"taxonomy":"product_cat","embeddable":true,"href":"https:\/\/nextsnkr.com\/et\/wp-json\/wp\/v2\/product_cat?post=826575"},{"taxonomy":"product_tag","embeddable":true,"href":"https:\/\/nextsnkr.com\/et\/wp-json\/wp\/v2\/product_tag?post=826575"}],"curies":[{"name":"wp","href":"https:\/\/api.w.org\/{rel}","templated":true}]}}