{"id":820776,"date":"2025-06-12T16:12:00","date_gmt":"2025-06-12T13:12:00","guid":{"rendered":"https:\/\/nextsnkr.com\/product\/350-v2-boost-white\/"},"modified":"2026-01-30T17:17:38","modified_gmt":"2026-01-30T14:17:38","slug":"350-v2-boost-white","status":"publish","type":"product","link":"https:\/\/nextsnkr.com\/et\/toode\/350-v2-boost-white\/","title":{"rendered":"Tossud 350 v2 Boost White Tekstiil igap\u00e4evaseks kandmiseks"},"content":{"rendered":"<h2>Tossud 350 v2 Boost White Tekstiil igap\u00e4evaseks kandmiseks<\/h2>\n<p>350 v2 boost White tossud on valmistatud kvaliteetsest tekstiilist, mis tagab mugavuse ja h\u00f5lpsa k\u00f5ndimise. Mudel \u00fchendab kaasaegse stiili ja praktilisuse, sobib aktiivseks igap\u00e4evaseks kasutamiseks. Kerge tald tagab jala mugavuse ja toe igal sammul. Valge v\u00e4rv lisab v\u00e4limusele v\u00e4rskust ja mitmek\u00fclgsust. Valige 350 V2 Boost White moodsate ja usaldusv\u00e4\u00e4rsete kingade jaoks iga p\u00e4ev.<\/p>\n","protected":false},"excerpt":{"rendered":"<p>350 v2 boost White tossud on valmistatud kvaliteetsest tekstiilist, mis tagab mugavuse ja h\u00f5lpsa k\u00f5ndimise. Mudel \u00fchendab kaasaegse stiili ja praktilisuse, sobib aktiivseks igap\u00e4evaseks kasutamiseks. Kerge tald tagab jala mugavuse ja toe igal sammul. Valge v\u00e4rv lisab v\u00e4limusele v\u00e4rskust ja mitmek\u00fclgsust. Valige 350 V2 Boost White moodsate ja usaldusv\u00e4\u00e4rsete kingade jaoks iga p\u00e4ev.<\/p>\n","protected":false},"featured_media":820777,"comment_status":"open","ping_status":"open","template":"","meta":[],"product_brand":[],"product_cat":[3186,3187],"product_tag":[],"class_list":{"0":"post-820776","1":"product","2":"type-product","3":"status-publish","4":"has-post-thumbnail","6":"product_cat-all-product","7":"product_cat-krosivky","8":"pa_rozmir-910","9":"pa_rozmir-912","10":"pa_rozmir-914","11":"pa_rozmir-915","12":"pa_rozmir-916","13":"pa_rozmir-917","14":"pa_rozmir-918","15":"pa_rozmir-919","16":"pa_rozmir-920","17":"pa_rozmir-921","18":"pa_rozmir-922","20":"first","21":"onbackorder","22":"purchasable","23":"product-type-variable"},"_links":{"self":[{"href":"https:\/\/nextsnkr.com\/et\/wp-json\/wp\/v2\/product\/820776","targetHints":{"allow":["GET"]}}],"collection":[{"href":"https:\/\/nextsnkr.com\/et\/wp-json\/wp\/v2\/product"}],"about":[{"href":"https:\/\/nextsnkr.com\/et\/wp-json\/wp\/v2\/types\/product"}],"replies":[{"embeddable":true,"href":"https:\/\/nextsnkr.com\/et\/wp-json\/wp\/v2\/comments?post=820776"}],"version-history":[{"count":0,"href":"https:\/\/nextsnkr.com\/et\/wp-json\/wp\/v2\/product\/820776\/revisions"}],"wp:featuredmedia":[{"embeddable":true,"href":"https:\/\/nextsnkr.com\/et\/wp-json\/wp\/v2\/media\/820777"}],"wp:attachment":[{"href":"https:\/\/nextsnkr.com\/et\/wp-json\/wp\/v2\/media?parent=820776"}],"wp:term":[{"taxonomy":"product_brand","embeddable":true,"href":"https:\/\/nextsnkr.com\/et\/wp-json\/wp\/v2\/product_brand?post=820776"},{"taxonomy":"product_cat","embeddable":true,"href":"https:\/\/nextsnkr.com\/et\/wp-json\/wp\/v2\/product_cat?post=820776"},{"taxonomy":"product_tag","embeddable":true,"href":"https:\/\/nextsnkr.com\/et\/wp-json\/wp\/v2\/product_tag?post=820776"}],"curies":[{"name":"wp","href":"https:\/\/api.w.org\/{rel}","templated":true}]}}