{"id":820096,"date":"2025-06-12T16:12:42","date_gmt":"2025-06-12T13:12:42","guid":{"rendered":"https:\/\/nextsnkr.com\/product\/yeezy-700-v3-fade\/"},"modified":"2026-01-30T17:16:59","modified_gmt":"2026-01-30T14:16:59","slug":"yeezy-700-v3-fade","status":"publish","type":"product","link":"https:\/\/nextsnkr.com\/et\/toode\/yeezy-700-v3-fade\/","title":{"rendered":"Yeezy 700 V3 Fade tekstiilist tossud igap\u00e4evaseks kandmiseks"},"content":{"rendered":"<h2>Yeezy 700 V3 Fade tekstiilist tossud igap\u00e4evaseks kandmiseks<\/h2>\n<p>Yeezy 700 V3 Fade tossud on valmistatud kvaliteetsetest tekstiilidest, mis tagavad kandmise ajal kerguse ja mugavuse. Mudel \u00fchendab stiilse disaini ja praktilisuse igap\u00e4evaseks kasutamiseks. Ergonoomiline tald toetab jalga ja lisab mugavust igal sammul. Fade universaalne v\u00e4rv muudab need tossud ideaalseks iga v\u00e4limuse jaoks. Valige Yeezy 700 v3 Fade iga p\u00e4ev moodsate ja mugavate kingade jaoks.<\/p>\n","protected":false},"excerpt":{"rendered":"<p>Yeezy 700 V3 Fade tossud on valmistatud kvaliteetsetest tekstiilidest, mis tagavad kandmise ajal kerguse ja mugavuse. Mudel \u00fchendab stiilse disaini ja praktilisuse igap\u00e4evaseks kasutamiseks. Ergonoomiline tald toetab jalga ja lisab mugavust igal sammul. Fade universaalne v\u00e4rv muudab need tossud ideaalseks iga v\u00e4limuse jaoks. Valige Yeezy 700 v3 Fade iga p\u00e4ev moodsate ja mugavate kingade jaoks.<\/p>\n","protected":false},"featured_media":820097,"comment_status":"open","ping_status":"open","template":"","meta":[],"product_brand":[],"product_cat":[3395,3186,3187],"product_tag":[],"class_list":{"0":"post-820096","1":"product","2":"type-product","3":"status-publish","4":"has-post-thumbnail","6":"product_cat-adidas-yeezy","7":"product_cat-all-product","8":"product_cat-krosivky","9":"pa_rozmir-910","10":"pa_rozmir-912","11":"pa_rozmir-914","12":"pa_rozmir-915","13":"pa_rozmir-916","14":"pa_rozmir-917","15":"pa_rozmir-918","16":"pa_rozmir-919","17":"pa_rozmir-920","18":"pa_rozmir-921","19":"pa_rozmir-922","21":"first","22":"instock","23":"purchasable","24":"product-type-variable"},"_links":{"self":[{"href":"https:\/\/nextsnkr.com\/et\/wp-json\/wp\/v2\/product\/820096","targetHints":{"allow":["GET"]}}],"collection":[{"href":"https:\/\/nextsnkr.com\/et\/wp-json\/wp\/v2\/product"}],"about":[{"href":"https:\/\/nextsnkr.com\/et\/wp-json\/wp\/v2\/types\/product"}],"replies":[{"embeddable":true,"href":"https:\/\/nextsnkr.com\/et\/wp-json\/wp\/v2\/comments?post=820096"}],"version-history":[{"count":0,"href":"https:\/\/nextsnkr.com\/et\/wp-json\/wp\/v2\/product\/820096\/revisions"}],"wp:featuredmedia":[{"embeddable":true,"href":"https:\/\/nextsnkr.com\/et\/wp-json\/wp\/v2\/media\/820097"}],"wp:attachment":[{"href":"https:\/\/nextsnkr.com\/et\/wp-json\/wp\/v2\/media?parent=820096"}],"wp:term":[{"taxonomy":"product_brand","embeddable":true,"href":"https:\/\/nextsnkr.com\/et\/wp-json\/wp\/v2\/product_brand?post=820096"},{"taxonomy":"product_cat","embeddable":true,"href":"https:\/\/nextsnkr.com\/et\/wp-json\/wp\/v2\/product_cat?post=820096"},{"taxonomy":"product_tag","embeddable":true,"href":"https:\/\/nextsnkr.com\/et\/wp-json\/wp\/v2\/product_tag?post=820096"}],"curies":[{"name":"wp","href":"https:\/\/api.w.org\/{rel}","templated":true}]}}