{"id":818738,"date":"2025-06-12T16:14:13","date_gmt":"2025-06-12T13:14:13","guid":{"rendered":"https:\/\/nextsnkr.com\/product\/dior-black-sock\/"},"modified":"2026-01-30T17:16:03","modified_gmt":"2026-01-30T14:16:03","slug":"dior-black-sock","status":"publish","type":"product","link":"https:\/\/nextsnkr.com\/et\/toode\/dior-black-sock\/","title":{"rendered":"Dior Black Sock saapad nahast Mustad"},"content":{"rendered":"<h2>Dior Black Sock saapad nahast Mustad<\/h2>\n<p>Dior Black Sock saapad \u00fchendavad esmaklassilise ehtsa naha ja veniva tekstiili, et luua stiilne siluett &#8220;sock boots&#8221; formaadis. Must universaalne disain muudab mudeli ideaalseks igap\u00e4evaseks ja klassikaliseks v\u00e4ljan\u00e4gemiseks. Pehme, mugav istuvus ja kvaliteetsed materjalid tagavad mugavuse ja vastupidavuse. Tootja: T\u00fcrgi. Suurep\u00e4rane valik neile, kes hindavad elegantsi, trendikat stiili ja esmaklassilist kvaliteeti. SKU: 8401-215010<\/p>\n","protected":false},"excerpt":{"rendered":"<p>Dior Black Sock saapad \u00fchendavad esmaklassilise ehtsa naha ja veniva tekstiili, et luua stiilne siluett &#8220;sock boots&#8221; formaadis. Must universaalne disain muudab mudeli ideaalseks igap\u00e4evaseks ja klassikaliseks v\u00e4ljan\u00e4gemiseks. Pehme, mugav istuvus ja kvaliteetsed materjalid tagavad mugavuse ja vastupidavuse. Tootja: T\u00fcrgi. Suurep\u00e4rane valik neile, kes hindavad elegantsi, trendikat stiili ja esmaklassilist kvaliteeti. SKU: 8401-215010<\/p>\n","protected":false},"featured_media":818739,"comment_status":"open","ping_status":"open","template":"","meta":[],"product_brand":[],"product_cat":[3186,3330],"product_tag":[],"class_list":{"0":"post-818738","1":"product","2":"type-product","3":"status-publish","4":"has-post-thumbnail","6":"product_cat-all-product","7":"product_cat-cherevyky","8":"pa_rozmir-910","9":"pa_rozmir-912","10":"pa_rozmir-914","11":"pa_rozmir-915","12":"pa_rozmir-916","13":"pa_rozmir-917","14":"pa_rozmir-918","15":"pa_rozmir-919","16":"pa_rozmir-920","17":"pa_rozmir-921","18":"pa_rozmir-922","20":"first","21":"instock","22":"purchasable","23":"product-type-variable"},"_links":{"self":[{"href":"https:\/\/nextsnkr.com\/et\/wp-json\/wp\/v2\/product\/818738","targetHints":{"allow":["GET"]}}],"collection":[{"href":"https:\/\/nextsnkr.com\/et\/wp-json\/wp\/v2\/product"}],"about":[{"href":"https:\/\/nextsnkr.com\/et\/wp-json\/wp\/v2\/types\/product"}],"replies":[{"embeddable":true,"href":"https:\/\/nextsnkr.com\/et\/wp-json\/wp\/v2\/comments?post=818738"}],"version-history":[{"count":0,"href":"https:\/\/nextsnkr.com\/et\/wp-json\/wp\/v2\/product\/818738\/revisions"}],"wp:featuredmedia":[{"embeddable":true,"href":"https:\/\/nextsnkr.com\/et\/wp-json\/wp\/v2\/media\/818739"}],"wp:attachment":[{"href":"https:\/\/nextsnkr.com\/et\/wp-json\/wp\/v2\/media?parent=818738"}],"wp:term":[{"taxonomy":"product_brand","embeddable":true,"href":"https:\/\/nextsnkr.com\/et\/wp-json\/wp\/v2\/product_brand?post=818738"},{"taxonomy":"product_cat","embeddable":true,"href":"https:\/\/nextsnkr.com\/et\/wp-json\/wp\/v2\/product_cat?post=818738"},{"taxonomy":"product_tag","embeddable":true,"href":"https:\/\/nextsnkr.com\/et\/wp-json\/wp\/v2\/product_tag?post=818738"}],"curies":[{"name":"wp","href":"https:\/\/api.w.org\/{rel}","templated":true}]}}