{"id":817038,"date":"2025-06-12T16:16:12","date_gmt":"2025-06-12T13:16:12","guid":{"rendered":"https:\/\/nextsnkr.com\/product\/dr-martens-1460-black\/"},"modified":"2026-01-30T17:14:37","modified_gmt":"2026-01-30T14:14:37","slug":"dr-martens-1460-black","status":"publish","type":"product","link":"https:\/\/nextsnkr.com\/et\/toode\/dr-martens-1460-black\/","title":{"rendered":"Choboti Dr. Martens 1460 Black \u2030 zamsh\u0456 ilma karusnahata stiilse v\u00e4limuse jaoks"},"content":{"rendered":"<h2>Choboti Dr. Martens 1460 Black \u2030 zamsh\u0456 ilma karusnahata stiilse v\u00e4limuse jaoks<\/h2>\n<p>Saapad Dr. Martens 1460 Black on valmistatud kvaliteetsest karusnahast seemisnahast, mis tagab mugavuse ja vastupidavuse. Klassikaline must disain \u00fchendab elegantsi ja kaasaegse stiili, muutes need igap\u00e4evaseks kandmiseks ja erilistel puhkudel mitmek\u00fclgseks. Tootmine Hiinas tagab Dr br\u00e4ndi k\u00f5rge kvaliteedi. Martens. Valige need saapad oma garderoobi jaoks ja lisage oma v\u00e4limusele s\u00e4rav aktsent, tundes mugavust ja stiili igal sammul!<\/p>\n","protected":false},"excerpt":{"rendered":"<p>Saapad Dr. Martens 1460 Black on valmistatud kvaliteetsest karusnahast seemisnahast, mis tagab mugavuse ja vastupidavuse. Klassikaline must disain \u00fchendab elegantsi ja kaasaegse stiili, muutes need igap\u00e4evaseks kandmiseks ja erilistel puhkudel mitmek\u00fclgseks. Tootmine Hiinas tagab Dr br\u00e4ndi k\u00f5rge kvaliteedi. Martens. Valige need saapad oma garderoobi jaoks ja lisage oma v\u00e4limusele s\u00e4rav aktsent, tundes mugavust ja stiili igal sammul!<\/p>\n","protected":false},"featured_media":817039,"comment_status":"open","ping_status":"open","template":"","meta":[],"product_brand":[2398],"product_cat":[3615,3186,3330],"product_tag":[],"class_list":{"0":"post-817038","1":"product","2":"type-product","3":"status-publish","4":"has-post-thumbnail","6":"product_brand-dr-martens","7":"product_cat-dr-martens","8":"product_cat-all-product","9":"product_cat-cherevyky","10":"pa_rozmir-910","11":"pa_rozmir-912","12":"pa_rozmir-914","13":"pa_rozmir-915","14":"pa_rozmir-916","15":"pa_rozmir-917","16":"pa_rozmir-918","17":"pa_rozmir-919","18":"pa_rozmir-920","19":"pa_rozmir-921","20":"pa_rozmir-922","22":"first","23":"onbackorder","24":"purchasable","25":"product-type-variable"},"_links":{"self":[{"href":"https:\/\/nextsnkr.com\/et\/wp-json\/wp\/v2\/product\/817038","targetHints":{"allow":["GET"]}}],"collection":[{"href":"https:\/\/nextsnkr.com\/et\/wp-json\/wp\/v2\/product"}],"about":[{"href":"https:\/\/nextsnkr.com\/et\/wp-json\/wp\/v2\/types\/product"}],"replies":[{"embeddable":true,"href":"https:\/\/nextsnkr.com\/et\/wp-json\/wp\/v2\/comments?post=817038"}],"version-history":[{"count":0,"href":"https:\/\/nextsnkr.com\/et\/wp-json\/wp\/v2\/product\/817038\/revisions"}],"wp:featuredmedia":[{"embeddable":true,"href":"https:\/\/nextsnkr.com\/et\/wp-json\/wp\/v2\/media\/817039"}],"wp:attachment":[{"href":"https:\/\/nextsnkr.com\/et\/wp-json\/wp\/v2\/media?parent=817038"}],"wp:term":[{"taxonomy":"product_brand","embeddable":true,"href":"https:\/\/nextsnkr.com\/et\/wp-json\/wp\/v2\/product_brand?post=817038"},{"taxonomy":"product_cat","embeddable":true,"href":"https:\/\/nextsnkr.com\/et\/wp-json\/wp\/v2\/product_cat?post=817038"},{"taxonomy":"product_tag","embeddable":true,"href":"https:\/\/nextsnkr.com\/et\/wp-json\/wp\/v2\/product_tag?post=817038"}],"curies":[{"name":"wp","href":"https:\/\/api.w.org\/{rel}","templated":true}]}}