{"id":814659,"date":"2025-06-12T16:18:58","date_gmt":"2025-06-12T13:18:58","guid":{"rendered":"https:\/\/nextsnkr.com\/product\/6-inch-premium-black-termo\/"},"modified":"2026-01-30T17:12:55","modified_gmt":"2026-01-30T14:12:55","slug":"6-inch-premium-black-termo","status":"publish","type":"product","link":"https:\/\/nextsnkr.com\/et\/toode\/6-inch-premium-black-termo\/","title":{"rendered":"6-tollised Premium Mustad nubuki TERMOSAAPAD soojuse ja mugavuse tagamiseks"},"content":{"rendered":"<h2>6-tollised Premium Mustad nubuki TERMOSAAPAD soojuse ja mugavuse tagamiseks<\/h2>\n<p>6-tollised Premium black Thermo saapad on valmistatud kvaliteetsest nubukist, mis pakub soojust, mugavust ja vastupidavust ka k\u00fclma ilmaga. Spetsiaalne termovooder hoiab jalgade optimaalset temperatuuri ja vastupidav konstruktsioon tagab usaldusv\u00e4\u00e4rsuse igas olukorras. USA tootmine kinnitab br\u00e4ndi kvaliteeti. Valige oma garderoobi jaoks 6 tolli Premium Black Thermo ja tundke igal sammul mugavust ja stiili!<\/p>\n","protected":false},"excerpt":{"rendered":"<p>6-tollised Premium black Thermo saapad on valmistatud kvaliteetsest nubukist, mis pakub soojust, mugavust ja vastupidavust ka k\u00fclma ilmaga. Spetsiaalne termovooder hoiab jalgade optimaalset temperatuuri ja vastupidav konstruktsioon tagab usaldusv\u00e4\u00e4rsuse igas olukorras. USA tootmine kinnitab br\u00e4ndi kvaliteeti. Valige oma garderoobi jaoks 6 tolli Premium Black Thermo ja tundke igal sammul mugavust ja stiili!<\/p>\n","protected":false},"featured_media":814660,"comment_status":"open","ping_status":"open","template":"","meta":[],"product_brand":[],"product_cat":[3186,3330],"product_tag":[],"class_list":{"0":"post-814659","1":"product","2":"type-product","3":"status-publish","4":"has-post-thumbnail","6":"product_cat-all-product","7":"product_cat-cherevyky","8":"pa_rozmir-910","9":"pa_rozmir-912","10":"pa_rozmir-914","11":"pa_rozmir-915","12":"pa_rozmir-916","13":"pa_rozmir-917","14":"pa_rozmir-918","15":"pa_rozmir-919","16":"pa_rozmir-920","17":"pa_rozmir-921","18":"pa_rozmir-922","20":"first","21":"instock","22":"purchasable","23":"product-type-variable"},"_links":{"self":[{"href":"https:\/\/nextsnkr.com\/et\/wp-json\/wp\/v2\/product\/814659","targetHints":{"allow":["GET"]}}],"collection":[{"href":"https:\/\/nextsnkr.com\/et\/wp-json\/wp\/v2\/product"}],"about":[{"href":"https:\/\/nextsnkr.com\/et\/wp-json\/wp\/v2\/types\/product"}],"replies":[{"embeddable":true,"href":"https:\/\/nextsnkr.com\/et\/wp-json\/wp\/v2\/comments?post=814659"}],"version-history":[{"count":0,"href":"https:\/\/nextsnkr.com\/et\/wp-json\/wp\/v2\/product\/814659\/revisions"}],"wp:featuredmedia":[{"embeddable":true,"href":"https:\/\/nextsnkr.com\/et\/wp-json\/wp\/v2\/media\/814660"}],"wp:attachment":[{"href":"https:\/\/nextsnkr.com\/et\/wp-json\/wp\/v2\/media?parent=814659"}],"wp:term":[{"taxonomy":"product_brand","embeddable":true,"href":"https:\/\/nextsnkr.com\/et\/wp-json\/wp\/v2\/product_brand?post=814659"},{"taxonomy":"product_cat","embeddable":true,"href":"https:\/\/nextsnkr.com\/et\/wp-json\/wp\/v2\/product_cat?post=814659"},{"taxonomy":"product_tag","embeddable":true,"href":"https:\/\/nextsnkr.com\/et\/wp-json\/wp\/v2\/product_tag?post=814659"}],"curies":[{"name":"wp","href":"https:\/\/api.w.org\/{rel}","templated":true}]}}