{"id":813980,"date":"2025-06-12T16:19:39","date_gmt":"2025-06-12T13:19:39","guid":{"rendered":"https:\/\/nextsnkr.com\/product\/jordan-1\/"},"modified":"2026-01-30T17:12:17","modified_gmt":"2026-01-30T14:12:17","slug":"jordan-1","status":"publish","type":"product","link":"https:\/\/nextsnkr.com\/et\/toode\/jordan-1\/","title":{"rendered":"Jordan 1 tossud on klassikalised stiilse ja sportliku v\u00e4ljan\u00e4gemise jaoks"},"content":{"rendered":"<h2>Jordan 1 tossud on klassikalised stiilse ja sportliku v\u00e4ljan\u00e4gemise jaoks<\/h2>\n<p>Jordan 1 tossud \u00fchendavad br\u00e4ndi legendaarse disaini ja mugavuse igap\u00e4evaseks kandmiseks. Kvaliteetsed materjalid pakuvad vastupidavust ja mugavust, samas kui klassikaline siluett r\u00f5hutab stiili ja sportlikku vaimu. Need tossud sobivad ideaalselt jalutamiseks, sportimiseks ja trendika v\u00e4limuse loomiseks. Valige oma garderoobi jaoks Jordan 1, et kogeda legendaarset mugavust ja r\u00f5hutada isikup\u00e4rast stiili igas olukorras!<\/p>\n","protected":false},"excerpt":{"rendered":"<p>Jordan 1 tossud \u00fchendavad br\u00e4ndi legendaarse disaini ja mugavuse igap\u00e4evaseks kandmiseks. Kvaliteetsed materjalid pakuvad vastupidavust ja mugavust, samas kui klassikaline siluett r\u00f5hutab stiili ja sportlikku vaimu. Need tossud sobivad ideaalselt jalutamiseks, sportimiseks ja trendika v\u00e4limuse loomiseks. Valige oma garderoobi jaoks Jordan 1, et kogeda legendaarset mugavust ja r\u00f5hutada isikup\u00e4rast stiili igas olukorras!<\/p>\n","protected":false},"featured_media":813981,"comment_status":"open","ping_status":"open","template":"","meta":[],"product_brand":[],"product_cat":[3382,3186,3317],"product_tag":[],"class_list":{"0":"post-813980","1":"product","2":"type-product","3":"status-publish","4":"has-post-thumbnail","6":"product_cat-nike-jordan","7":"product_cat-all-product","8":"product_cat-kedy","9":"pa_rozmir-910","10":"pa_rozmir-912","11":"pa_rozmir-914","12":"pa_rozmir-915","13":"pa_rozmir-916","14":"pa_rozmir-917","15":"pa_rozmir-918","16":"pa_rozmir-919","17":"pa_rozmir-920","18":"pa_rozmir-921","19":"pa_rozmir-922","21":"first","22":"onbackorder","23":"purchasable","24":"product-type-variable"},"_links":{"self":[{"href":"https:\/\/nextsnkr.com\/et\/wp-json\/wp\/v2\/product\/813980","targetHints":{"allow":["GET"]}}],"collection":[{"href":"https:\/\/nextsnkr.com\/et\/wp-json\/wp\/v2\/product"}],"about":[{"href":"https:\/\/nextsnkr.com\/et\/wp-json\/wp\/v2\/types\/product"}],"replies":[{"embeddable":true,"href":"https:\/\/nextsnkr.com\/et\/wp-json\/wp\/v2\/comments?post=813980"}],"version-history":[{"count":0,"href":"https:\/\/nextsnkr.com\/et\/wp-json\/wp\/v2\/product\/813980\/revisions"}],"wp:featuredmedia":[{"embeddable":true,"href":"https:\/\/nextsnkr.com\/et\/wp-json\/wp\/v2\/media\/813981"}],"wp:attachment":[{"href":"https:\/\/nextsnkr.com\/et\/wp-json\/wp\/v2\/media?parent=813980"}],"wp:term":[{"taxonomy":"product_brand","embeddable":true,"href":"https:\/\/nextsnkr.com\/et\/wp-json\/wp\/v2\/product_brand?post=813980"},{"taxonomy":"product_cat","embeddable":true,"href":"https:\/\/nextsnkr.com\/et\/wp-json\/wp\/v2\/product_cat?post=813980"},{"taxonomy":"product_tag","embeddable":true,"href":"https:\/\/nextsnkr.com\/et\/wp-json\/wp\/v2\/product_tag?post=813980"}],"curies":[{"name":"wp","href":"https:\/\/api.w.org\/{rel}","templated":true}]}}