{"id":813714,"date":"2025-06-13T09:42:53","date_gmt":"2025-06-13T06:42:53","guid":{"rendered":"https:\/\/nextsnkr.com\/product\/500-blush-uteplennye\/"},"modified":"2026-01-30T17:12:13","modified_gmt":"2026-01-30T14:12:13","slug":"500-blush-uteplennye","status":"publish","type":"product","link":"https:\/\/nextsnkr.com\/et\/toode\/500-blush-uteplennye\/","title":{"rendered":"Tossud 500 Blush isoleeritud seemisnahk \/ karusnahk-mugavus ja soojus"},"content":{"rendered":"<h2>Tossud 500 Blush isoleeritud seemisnahk \/ karusnahk-mugavus ja soojus<\/h2>\n<p>500 Blush soojustatud tossud on valmistatud kvaliteetsest seemisnahast ja pehmest karusnahast, mis tagab usaldusv\u00e4\u00e4rse kaitse k\u00fclma eest ja mugavuse igap\u00e4evaseks kandmiseks. Mudel \u00fchendab stiilse disaini praktilisusega, sobib ideaalselt jalutamiseks ja aktiivseks puhkuseks k\u00fclmal ajal. Tootmine Vietnamis tagab materjalide vastupidavuse ja kvaliteedi. Kood: YE018-168739.<\/p>\n","protected":false},"excerpt":{"rendered":"<p>500 Blush soojustatud tossud on valmistatud kvaliteetsest seemisnahast ja pehmest karusnahast, mis tagab usaldusv\u00e4\u00e4rse kaitse k\u00fclma eest ja mugavuse igap\u00e4evaseks kandmiseks. Mudel \u00fchendab stiilse disaini praktilisusega, sobib ideaalselt jalutamiseks ja aktiivseks puhkuseks k\u00fclmal ajal. Tootmine Vietnamis tagab materjalide vastupidavuse ja kvaliteedi. Kood: YE018-168739.<\/p>\n","protected":false},"featured_media":813716,"comment_status":"open","ping_status":"open","template":"","meta":[],"product_brand":[],"product_cat":[3186,3187],"product_tag":[],"class_list":{"0":"post-813714","1":"product","2":"type-product","3":"status-publish","4":"has-post-thumbnail","6":"product_cat-all-product","7":"product_cat-krosivky","8":"pa_rozmir-910","9":"pa_rozmir-912","10":"pa_rozmir-914","11":"pa_rozmir-915","12":"pa_rozmir-916","13":"pa_rozmir-917","14":"pa_rozmir-918","15":"pa_rozmir-919","16":"pa_rozmir-920","17":"pa_rozmir-921","18":"pa_rozmir-922","20":"first","21":"instock","22":"purchasable","23":"product-type-variable"},"_links":{"self":[{"href":"https:\/\/nextsnkr.com\/et\/wp-json\/wp\/v2\/product\/813714","targetHints":{"allow":["GET"]}}],"collection":[{"href":"https:\/\/nextsnkr.com\/et\/wp-json\/wp\/v2\/product"}],"about":[{"href":"https:\/\/nextsnkr.com\/et\/wp-json\/wp\/v2\/types\/product"}],"replies":[{"embeddable":true,"href":"https:\/\/nextsnkr.com\/et\/wp-json\/wp\/v2\/comments?post=813714"}],"version-history":[{"count":0,"href":"https:\/\/nextsnkr.com\/et\/wp-json\/wp\/v2\/product\/813714\/revisions"}],"wp:featuredmedia":[{"embeddable":true,"href":"https:\/\/nextsnkr.com\/et\/wp-json\/wp\/v2\/media\/813716"}],"wp:attachment":[{"href":"https:\/\/nextsnkr.com\/et\/wp-json\/wp\/v2\/media?parent=813714"}],"wp:term":[{"taxonomy":"product_brand","embeddable":true,"href":"https:\/\/nextsnkr.com\/et\/wp-json\/wp\/v2\/product_brand?post=813714"},{"taxonomy":"product_cat","embeddable":true,"href":"https:\/\/nextsnkr.com\/et\/wp-json\/wp\/v2\/product_cat?post=813714"},{"taxonomy":"product_tag","embeddable":true,"href":"https:\/\/nextsnkr.com\/et\/wp-json\/wp\/v2\/product_tag?post=813714"}],"curies":[{"name":"wp","href":"https:\/\/api.w.org\/{rel}","templated":true}]}}