{"id":813059,"date":"2025-06-13T09:43:35","date_gmt":"2025-06-13T06:43:35","guid":{"rendered":"https:\/\/nextsnkr.com\/product\/500-blush\/"},"modified":"2026-01-30T17:11:43","modified_gmt":"2026-01-30T14:11:43","slug":"500-blush","status":"publish","type":"product","link":"https:\/\/nextsnkr.com\/et\/toode\/500-blush\/","title":{"rendered":"Adidas Yeezy 500 Ash Grey tossud-Stiil ja mugavus"},"content":{"rendered":"<h2>Adidas Yeezy 500 Ash Grey tossud-Stiil ja mugavus<\/h2>\n<p>Adidas Yeezy 500 Ash Grey tossud on valmistatud kvaliteetsest tekstiilist ja v\u00f5rgust, pakkudes suurep\u00e4rast ventilatsiooni ja mugavust kogu p\u00e4eva v\u00e4ltel. Adidase kaubam\u00e4rgi mudel sobib ideaalselt aktiivseks puhkuseks ja igap\u00e4evaseks kandmiseks. Stiilne hall varjund sobib kergesti mis tahes viisil. Kerge, vastupidav ja kaasaegne on ideaalne valik neile, kes hindavad kvaliteeti ja esteetikat.<\/p>\n","protected":false},"excerpt":{"rendered":"<p>Adidas Yeezy 500 Ash Grey tossud on valmistatud kvaliteetsest tekstiilist ja v\u00f5rgust, pakkudes suurep\u00e4rast ventilatsiooni ja mugavust kogu p\u00e4eva v\u00e4ltel. Adidase kaubam\u00e4rgi mudel sobib ideaalselt aktiivseks puhkuseks ja igap\u00e4evaseks kandmiseks. Stiilne hall varjund sobib kergesti mis tahes viisil. Kerge, vastupidav ja kaasaegne on ideaalne valik neile, kes hindavad kvaliteeti ja esteetikat.<\/p>\n","protected":false},"featured_media":813063,"comment_status":"open","ping_status":"open","template":"","meta":[],"product_brand":[],"product_cat":[3395,3186,3187],"product_tag":[],"class_list":{"0":"post-813059","1":"product","2":"type-product","3":"status-publish","4":"has-post-thumbnail","6":"product_cat-adidas-yeezy","7":"product_cat-all-product","8":"product_cat-krosivky","9":"pa_rozmir-910","10":"pa_rozmir-912","11":"pa_rozmir-914","12":"pa_rozmir-915","13":"pa_rozmir-916","14":"pa_rozmir-917","15":"pa_rozmir-918","16":"pa_rozmir-919","17":"pa_rozmir-920","18":"pa_rozmir-921","19":"pa_rozmir-922","21":"first","22":"onbackorder","23":"purchasable","24":"product-type-variable"},"_links":{"self":[{"href":"https:\/\/nextsnkr.com\/et\/wp-json\/wp\/v2\/product\/813059","targetHints":{"allow":["GET"]}}],"collection":[{"href":"https:\/\/nextsnkr.com\/et\/wp-json\/wp\/v2\/product"}],"about":[{"href":"https:\/\/nextsnkr.com\/et\/wp-json\/wp\/v2\/types\/product"}],"replies":[{"embeddable":true,"href":"https:\/\/nextsnkr.com\/et\/wp-json\/wp\/v2\/comments?post=813059"}],"version-history":[{"count":0,"href":"https:\/\/nextsnkr.com\/et\/wp-json\/wp\/v2\/product\/813059\/revisions"}],"wp:featuredmedia":[{"embeddable":true,"href":"https:\/\/nextsnkr.com\/et\/wp-json\/wp\/v2\/media\/813063"}],"wp:attachment":[{"href":"https:\/\/nextsnkr.com\/et\/wp-json\/wp\/v2\/media?parent=813059"}],"wp:term":[{"taxonomy":"product_brand","embeddable":true,"href":"https:\/\/nextsnkr.com\/et\/wp-json\/wp\/v2\/product_brand?post=813059"},{"taxonomy":"product_cat","embeddable":true,"href":"https:\/\/nextsnkr.com\/et\/wp-json\/wp\/v2\/product_cat?post=813059"},{"taxonomy":"product_tag","embeddable":true,"href":"https:\/\/nextsnkr.com\/et\/wp-json\/wp\/v2\/product_tag?post=813059"}],"curies":[{"name":"wp","href":"https:\/\/api.w.org\/{rel}","templated":true}]}}