{"id":812720,"date":"2025-06-13T09:43:56","date_gmt":"2025-06-13T06:43:56","guid":{"rendered":"https:\/\/nextsnkr.com\/product\/adidas-yeezy-500-ash-grey\/"},"modified":"2026-01-30T17:11:24","modified_gmt":"2026-01-30T14:11:24","slug":"adidas-yeezy-500-ash-grey","status":"publish","type":"product","link":"https:\/\/nextsnkr.com\/et\/toode\/adidas-yeezy-500-ash-grey\/","title":{"rendered":"Jadon Total Black ehtsast nahast saapad-Stiil ja vastupidavus"},"content":{"rendered":"<h2>Jadon Total Black ehtsast nahast saapad-Stiil ja vastupidavus<\/h2>\n<p>Jadon Total Black saapad on valmistatud kvaliteetsest ehtsast nahast, mis tagab vastupidavuse ja mugavuse. Jadoni kaubam\u00e4rgi mudel r\u00f5hutab stiilset v\u00e4limust ja sobib igap\u00e4evaseks kandmiseks ning aktiivseks linnaeluks. Mugav padi ja kaasaegne disain muudavad need saapad ideaalseks valikuks neile, kes hindavad kvaliteeti, elegantsi ja praktilisust igal sammul.<\/p>\n","protected":false},"excerpt":{"rendered":"<p>Jadon Total Black saapad on valmistatud kvaliteetsest ehtsast nahast, mis tagab vastupidavuse ja mugavuse. Jadoni kaubam\u00e4rgi mudel r\u00f5hutab stiilset v\u00e4limust ja sobib igap\u00e4evaseks kandmiseks ning aktiivseks linnaeluks. Mugav padi ja kaasaegne disain muudavad need saapad ideaalseks valikuks neile, kes hindavad kvaliteeti, elegantsi ja praktilisust igal sammul.<\/p>\n","protected":false},"featured_media":812724,"comment_status":"open","ping_status":"open","template":"","meta":[],"product_brand":[],"product_cat":[3395,3186,3187],"product_tag":[],"class_list":{"0":"post-812720","1":"product","2":"type-product","3":"status-publish","4":"has-post-thumbnail","6":"product_cat-adidas-yeezy","7":"product_cat-all-product","8":"product_cat-krosivky","9":"pa_rozmir-910","10":"pa_rozmir-912","11":"pa_rozmir-914","12":"pa_rozmir-915","13":"pa_rozmir-916","14":"pa_rozmir-917","15":"pa_rozmir-918","16":"pa_rozmir-919","17":"pa_rozmir-920","18":"pa_rozmir-921","19":"pa_rozmir-922","21":"first","22":"instock","23":"purchasable","24":"product-type-variable"},"_links":{"self":[{"href":"https:\/\/nextsnkr.com\/et\/wp-json\/wp\/v2\/product\/812720","targetHints":{"allow":["GET"]}}],"collection":[{"href":"https:\/\/nextsnkr.com\/et\/wp-json\/wp\/v2\/product"}],"about":[{"href":"https:\/\/nextsnkr.com\/et\/wp-json\/wp\/v2\/types\/product"}],"replies":[{"embeddable":true,"href":"https:\/\/nextsnkr.com\/et\/wp-json\/wp\/v2\/comments?post=812720"}],"version-history":[{"count":0,"href":"https:\/\/nextsnkr.com\/et\/wp-json\/wp\/v2\/product\/812720\/revisions"}],"wp:featuredmedia":[{"embeddable":true,"href":"https:\/\/nextsnkr.com\/et\/wp-json\/wp\/v2\/media\/812724"}],"wp:attachment":[{"href":"https:\/\/nextsnkr.com\/et\/wp-json\/wp\/v2\/media?parent=812720"}],"wp:term":[{"taxonomy":"product_brand","embeddable":true,"href":"https:\/\/nextsnkr.com\/et\/wp-json\/wp\/v2\/product_brand?post=812720"},{"taxonomy":"product_cat","embeddable":true,"href":"https:\/\/nextsnkr.com\/et\/wp-json\/wp\/v2\/product_cat?post=812720"},{"taxonomy":"product_tag","embeddable":true,"href":"https:\/\/nextsnkr.com\/et\/wp-json\/wp\/v2\/product_tag?post=812720"}],"curies":[{"name":"wp","href":"https:\/\/api.w.org\/{rel}","templated":true}]}}