{"id":811273,"date":"2025-06-12T16:23:10","date_gmt":"2025-06-12T13:23:10","guid":{"rendered":"https:\/\/nextsnkr.com\/product\/prada-utsinka\/"},"modified":"2026-01-30T17:10:14","modified_gmt":"2026-01-30T14:10:14","slug":"prada-utsinka","status":"publish","type":"product","link":"https:\/\/nextsnkr.com\/et\/toode\/prada-utsinka\/","title":{"rendered":"Prada saapad-stiilsed naiste mustad saapad (allahindlus)"},"content":{"rendered":"<h2>Prada saapad-stiilsed naiste mustad saapad (allahindlus)<\/h2>\n<p>Prada saapad (hinnaalandus) on kaasaegse disainiga elegantne mudel, mis on loodud stiili ja mugavuse \u00fchendamiseks. Valmistatud T\u00fcrgis, neid iseloomustab kvaliteetne teostus ja usaldusv\u00e4\u00e4rsed materjalid. Must universaalne v\u00e4rv sobib h\u00f5lpsalt igasse garderoobi ja nutikas disain pakub mugavust igap\u00e4evase kandmise ajal. V\u00e4ike hinnaalandus ei m\u00f5juta paari praktilisust, muutes selle moes v\u00e4limuse jaoks kasumlikuks valikuks.<\/p>\n","protected":false},"excerpt":{"rendered":"<p>Prada saapad (hinnaalandus) on kaasaegse disainiga elegantne mudel, mis on loodud stiili ja mugavuse \u00fchendamiseks. Valmistatud T\u00fcrgis, neid iseloomustab kvaliteetne teostus ja usaldusv\u00e4\u00e4rsed materjalid. Must universaalne v\u00e4rv sobib h\u00f5lpsalt igasse garderoobi ja nutikas disain pakub mugavust igap\u00e4evase kandmise ajal. V\u00e4ike hinnaalandus ei m\u00f5juta paari praktilisust, muutes selle moes v\u00e4limuse jaoks kasumlikuks valikuks.<\/p>\n","protected":false},"featured_media":811274,"comment_status":"open","ping_status":"open","template":"","meta":[],"product_brand":[],"product_cat":[3186,3330],"product_tag":[],"class_list":{"0":"post-811273","1":"product","2":"type-product","3":"status-publish","4":"has-post-thumbnail","6":"product_cat-all-product","7":"product_cat-cherevyky","8":"pa_rozmir-910","9":"pa_rozmir-912","10":"pa_rozmir-914","11":"pa_rozmir-915","12":"pa_rozmir-916","13":"pa_rozmir-917","14":"pa_rozmir-918","15":"pa_rozmir-919","16":"pa_rozmir-920","17":"pa_rozmir-921","18":"pa_rozmir-922","20":"first","21":"onbackorder","22":"purchasable","23":"product-type-variable"},"_links":{"self":[{"href":"https:\/\/nextsnkr.com\/et\/wp-json\/wp\/v2\/product\/811273","targetHints":{"allow":["GET"]}}],"collection":[{"href":"https:\/\/nextsnkr.com\/et\/wp-json\/wp\/v2\/product"}],"about":[{"href":"https:\/\/nextsnkr.com\/et\/wp-json\/wp\/v2\/types\/product"}],"replies":[{"embeddable":true,"href":"https:\/\/nextsnkr.com\/et\/wp-json\/wp\/v2\/comments?post=811273"}],"version-history":[{"count":0,"href":"https:\/\/nextsnkr.com\/et\/wp-json\/wp\/v2\/product\/811273\/revisions"}],"wp:featuredmedia":[{"embeddable":true,"href":"https:\/\/nextsnkr.com\/et\/wp-json\/wp\/v2\/media\/811274"}],"wp:attachment":[{"href":"https:\/\/nextsnkr.com\/et\/wp-json\/wp\/v2\/media?parent=811273"}],"wp:term":[{"taxonomy":"product_brand","embeddable":true,"href":"https:\/\/nextsnkr.com\/et\/wp-json\/wp\/v2\/product_brand?post=811273"},{"taxonomy":"product_cat","embeddable":true,"href":"https:\/\/nextsnkr.com\/et\/wp-json\/wp\/v2\/product_cat?post=811273"},{"taxonomy":"product_tag","embeddable":true,"href":"https:\/\/nextsnkr.com\/et\/wp-json\/wp\/v2\/product_tag?post=811273"}],"curies":[{"name":"wp","href":"https:\/\/api.w.org\/{rel}","templated":true}]}}