{"id":810253,"date":"2025-06-12T16:24:20","date_gmt":"2025-06-12T13:24:20","guid":{"rendered":"https:\/\/nextsnkr.com\/product\/nike-air-force-1-low-classic-white-utsinka\/"},"modified":"2026-01-30T17:09:27","modified_gmt":"2026-01-30T14:09:27","slug":"nike-air-force-1-low-classic-white-utsinka","status":"publish","type":"product","link":"https:\/\/nextsnkr.com\/et\/toode\/nike-air-force-1-low-classic-white-utsinka\/","title":{"rendered":"Nike Air Force 1 Low Classic White tossud-nahk, stiilne, allahindlus"},"content":{"rendered":"<h2>Nike Air Force 1 Low Classic White tossud-nahk, stiilne, allahindlus<\/h2>\n<p>Nike Air Force 1 Low Classic White tossud on valmistatud kvaliteetsest nahast Vietnamis. Klassikaline disain r\u00f5hutab stiili ja mugavust igap\u00e4evases kasutuses. Ideaalne jalutusk\u00e4ikudeks ja aktiivseks puhkuseks. See m\u00e4rgistuskategooria mudel on suurep\u00e4rane v\u00f5imalus osta legendaarseid Nike kingi soodsa hinnaga. \u00c4ra j\u00e4ta kasutamata v\u00f5imalust t\u00e4iendada oma pilti usaldusv\u00e4\u00e4rsete ja stiilsete kingadega.<\/p>\n","protected":false},"excerpt":{"rendered":"<p>Nike Air Force 1 Low Classic White tossud on valmistatud kvaliteetsest nahast Vietnamis. Klassikaline disain r\u00f5hutab stiili ja mugavust igap\u00e4evases kasutuses. Ideaalne jalutusk\u00e4ikudeks ja aktiivseks puhkuseks. See m\u00e4rgistuskategooria mudel on suurep\u00e4rane v\u00f5imalus osta legendaarseid Nike kingi soodsa hinnaga. \u00c4ra j\u00e4ta kasutamata v\u00f5imalust t\u00e4iendada oma pilti usaldusv\u00e4\u00e4rsete ja stiilsete kingadega.<\/p>\n","protected":false},"featured_media":810254,"comment_status":"open","ping_status":"open","template":"","meta":[],"product_brand":[],"product_cat":[3186,3317],"product_tag":[],"class_list":{"0":"post-810253","1":"product","2":"type-product","3":"status-publish","4":"has-post-thumbnail","6":"product_cat-all-product","7":"product_cat-kedy","8":"pa_rozmir-910","9":"pa_rozmir-912","10":"pa_rozmir-914","11":"pa_rozmir-915","12":"pa_rozmir-916","13":"pa_rozmir-917","14":"pa_rozmir-918","15":"pa_rozmir-919","16":"pa_rozmir-920","17":"pa_rozmir-921","18":"pa_rozmir-922","20":"first","21":"onbackorder","22":"purchasable","23":"product-type-variable"},"_links":{"self":[{"href":"https:\/\/nextsnkr.com\/et\/wp-json\/wp\/v2\/product\/810253","targetHints":{"allow":["GET"]}}],"collection":[{"href":"https:\/\/nextsnkr.com\/et\/wp-json\/wp\/v2\/product"}],"about":[{"href":"https:\/\/nextsnkr.com\/et\/wp-json\/wp\/v2\/types\/product"}],"replies":[{"embeddable":true,"href":"https:\/\/nextsnkr.com\/et\/wp-json\/wp\/v2\/comments?post=810253"}],"version-history":[{"count":0,"href":"https:\/\/nextsnkr.com\/et\/wp-json\/wp\/v2\/product\/810253\/revisions"}],"wp:featuredmedia":[{"embeddable":true,"href":"https:\/\/nextsnkr.com\/et\/wp-json\/wp\/v2\/media\/810254"}],"wp:attachment":[{"href":"https:\/\/nextsnkr.com\/et\/wp-json\/wp\/v2\/media?parent=810253"}],"wp:term":[{"taxonomy":"product_brand","embeddable":true,"href":"https:\/\/nextsnkr.com\/et\/wp-json\/wp\/v2\/product_brand?post=810253"},{"taxonomy":"product_cat","embeddable":true,"href":"https:\/\/nextsnkr.com\/et\/wp-json\/wp\/v2\/product_cat?post=810253"},{"taxonomy":"product_tag","embeddable":true,"href":"https:\/\/nextsnkr.com\/et\/wp-json\/wp\/v2\/product_tag?post=810253"}],"curies":[{"name":"wp","href":"https:\/\/api.w.org\/{rel}","templated":true}]}}