{"id":809986,"date":"2025-06-13T09:47:02","date_gmt":"2025-06-13T06:47:02","guid":{"rendered":"https:\/\/nextsnkr.com\/product\/jadon-black-rozprodazh\/"},"modified":"2026-01-30T17:09:23","modified_gmt":"2026-01-30T14:09:23","slug":"jadon-black-rozprodazh","status":"publish","type":"product","link":"https:\/\/nextsnkr.com\/et\/toode\/jadon-black-rozprodazh\/","title":{"rendered":"1460 Total Black saapad ehtsast nahast ja karusnahast \ufe0f \ufe0f &#8211; m\u00fc\u00fck"},"content":{"rendered":"<h2>1460 Total Black saapad ehtsast nahast ja karusnahast \ufe0f \ufe0f &#8211; m\u00fc\u00fck<\/h2>\n<p>1460 total Black saapad on valmistatud kvaliteetsest ehtsast nahast ja on varustatud soojustava karusnahaga, mis tagab soojuse ja mugavuse k\u00fclmal ajal. Br\u00e4ndi mudel 1460 sobib igap\u00e4evaseks kandmiseks ja stiilse v\u00e4limuse loomiseks. Mugav padi ja vastupidav tald muudavad saapad praktiliseks ja vastupidavaks valikuks. M\u00fc\u00fcgihind v\u00f5imaldab teil osta kvaliteetseid ja moodsaid kingi soodsa pakkumisega.<\/p>\n","protected":false},"excerpt":{"rendered":"<p>1460 total Black saapad on valmistatud kvaliteetsest ehtsast nahast ja on varustatud soojustava karusnahaga, mis tagab soojuse ja mugavuse k\u00fclmal ajal. Br\u00e4ndi mudel 1460 sobib igap\u00e4evaseks kandmiseks ja stiilse v\u00e4limuse loomiseks. Mugav padi ja vastupidav tald muudavad saapad praktiliseks ja vastupidavaks valikuks. M\u00fc\u00fcgihind v\u00f5imaldab teil osta kvaliteetseid ja moodsaid kingi soodsa pakkumisega.<\/p>\n","protected":false},"featured_media":809990,"comment_status":"open","ping_status":"open","template":"","meta":[],"product_brand":[],"product_cat":[3186,3330],"product_tag":[],"class_list":{"0":"post-809986","1":"product","2":"type-product","3":"status-publish","4":"has-post-thumbnail","6":"product_cat-all-product","7":"product_cat-cherevyky","8":"pa_rozmir-910","9":"pa_rozmir-912","10":"pa_rozmir-914","11":"pa_rozmir-915","12":"pa_rozmir-916","13":"pa_rozmir-917","14":"pa_rozmir-918","15":"pa_rozmir-919","16":"pa_rozmir-920","17":"pa_rozmir-921","18":"pa_rozmir-922","20":"first","21":"instock","22":"purchasable","23":"product-type-variable"},"_links":{"self":[{"href":"https:\/\/nextsnkr.com\/et\/wp-json\/wp\/v2\/product\/809986","targetHints":{"allow":["GET"]}}],"collection":[{"href":"https:\/\/nextsnkr.com\/et\/wp-json\/wp\/v2\/product"}],"about":[{"href":"https:\/\/nextsnkr.com\/et\/wp-json\/wp\/v2\/types\/product"}],"replies":[{"embeddable":true,"href":"https:\/\/nextsnkr.com\/et\/wp-json\/wp\/v2\/comments?post=809986"}],"version-history":[{"count":0,"href":"https:\/\/nextsnkr.com\/et\/wp-json\/wp\/v2\/product\/809986\/revisions"}],"wp:featuredmedia":[{"embeddable":true,"href":"https:\/\/nextsnkr.com\/et\/wp-json\/wp\/v2\/media\/809990"}],"wp:attachment":[{"href":"https:\/\/nextsnkr.com\/et\/wp-json\/wp\/v2\/media?parent=809986"}],"wp:term":[{"taxonomy":"product_brand","embeddable":true,"href":"https:\/\/nextsnkr.com\/et\/wp-json\/wp\/v2\/product_brand?post=809986"},{"taxonomy":"product_cat","embeddable":true,"href":"https:\/\/nextsnkr.com\/et\/wp-json\/wp\/v2\/product_cat?post=809986"},{"taxonomy":"product_tag","embeddable":true,"href":"https:\/\/nextsnkr.com\/et\/wp-json\/wp\/v2\/product_tag?post=809986"}],"curies":[{"name":"wp","href":"https:\/\/api.w.org\/{rel}","templated":true}]}}