{"id":806513,"date":"2025-06-17T21:52:23","date_gmt":"2025-06-17T18:52:23","guid":{"rendered":"https:\/\/nextsnkr.com\/product\/hua-winter-acronym-khaki\/"},"modified":"2026-01-30T17:06:49","modified_gmt":"2026-01-30T14:06:49","slug":"hua-winter-acronym-khaki","status":"publish","type":"product","link":"https:\/\/nextsnkr.com\/et\/toode\/hua-winter-acronym-khaki\/","title":{"rendered":"Hua Winter Acronym Khaki tossud-tekstiilist talvised ristid kuni -16\u00b0"},"content":{"rendered":"<h2>Hua Winter Acronym Khaki tossud-tekstiilist talvised ristid kuni -16\u00b0<\/h2>\n<p>Hua Winter Acronym Khaki tossud on ideaalsed talvejalatsid linna-ja v\u00e4litegevuseks. Valmistatud kvaliteetsetest tekstiilidest, millel on sisemine termovooder ja polsterdusvahttald, pakuvad need soojust, mugavust ja kindlat haardumist t\u00e4nu kulumiskindlale kummist tallale. Mudel talub temperatuuri kuni -16\u00b0 ja kaalub 798 grammi, muutes selle igap\u00e4evaseks kandmiseks mugavaks. Need Vietnamis toodetud tossud \u00fchendavad stiili, vastupidavuse ja praktilisuse. Valige Hua Winter Acronym Khaki soojuse ja mugavuse tagamiseks k\u00fclmal ajal.<\/p>\n","protected":false},"excerpt":{"rendered":"<p>Hua Winter Acronym Khaki tossud on ideaalsed talvejalatsid linna-ja v\u00e4litegevuseks. Valmistatud kvaliteetsetest tekstiilidest, millel on sisemine termovooder ja polsterdusvahttald, pakuvad need soojust, mugavust ja kindlat haardumist t\u00e4nu kulumiskindlale kummist tallale. Mudel talub temperatuuri kuni -16\u00b0 ja kaalub 798 grammi, muutes selle igap\u00e4evaseks kandmiseks mugavaks. Need Vietnamis toodetud tossud \u00fchendavad stiili, vastupidavuse ja praktilisuse. Valige Hua Winter Acronym Khaki soojuse ja mugavuse tagamiseks k\u00fclmal ajal.<\/p>\n","protected":false},"featured_media":806514,"comment_status":"open","ping_status":"open","template":"","meta":[],"product_brand":[],"product_cat":[3186,3187],"product_tag":[],"class_list":{"0":"post-806513","1":"product","2":"type-product","3":"status-publish","4":"has-post-thumbnail","6":"product_cat-all-product","7":"product_cat-krosivky","8":"pa_rozmir-910","9":"pa_rozmir-912","10":"pa_rozmir-914","11":"pa_rozmir-915","12":"pa_rozmir-916","13":"pa_rozmir-917","14":"pa_rozmir-918","15":"pa_rozmir-919","16":"pa_rozmir-920","17":"pa_rozmir-921","18":"pa_rozmir-922","20":"first","21":"onbackorder","22":"purchasable","23":"product-type-variable"},"_links":{"self":[{"href":"https:\/\/nextsnkr.com\/et\/wp-json\/wp\/v2\/product\/806513","targetHints":{"allow":["GET"]}}],"collection":[{"href":"https:\/\/nextsnkr.com\/et\/wp-json\/wp\/v2\/product"}],"about":[{"href":"https:\/\/nextsnkr.com\/et\/wp-json\/wp\/v2\/types\/product"}],"replies":[{"embeddable":true,"href":"https:\/\/nextsnkr.com\/et\/wp-json\/wp\/v2\/comments?post=806513"}],"version-history":[{"count":0,"href":"https:\/\/nextsnkr.com\/et\/wp-json\/wp\/v2\/product\/806513\/revisions"}],"wp:featuredmedia":[{"embeddable":true,"href":"https:\/\/nextsnkr.com\/et\/wp-json\/wp\/v2\/media\/806514"}],"wp:attachment":[{"href":"https:\/\/nextsnkr.com\/et\/wp-json\/wp\/v2\/media?parent=806513"}],"wp:term":[{"taxonomy":"product_brand","embeddable":true,"href":"https:\/\/nextsnkr.com\/et\/wp-json\/wp\/v2\/product_brand?post=806513"},{"taxonomy":"product_cat","embeddable":true,"href":"https:\/\/nextsnkr.com\/et\/wp-json\/wp\/v2\/product_cat?post=806513"},{"taxonomy":"product_tag","embeddable":true,"href":"https:\/\/nextsnkr.com\/et\/wp-json\/wp\/v2\/product_tag?post=806513"}],"curies":[{"name":"wp","href":"https:\/\/api.w.org\/{rel}","templated":true}]}}