{"id":804793,"date":"2025-06-13T09:54:55","date_gmt":"2025-06-13T06:54:55","guid":{"rendered":"https:\/\/nextsnkr.com\/product\/air-force-1-low-pivot-point\/"},"modified":"2026-01-30T17:05:24","modified_gmt":"2026-01-30T14:05:24","slug":"air-force-1-low-pivot-point","status":"publish","type":"product","link":"https:\/\/nextsnkr.com\/et\/toode\/air-force-1-low-pivot-point\/","title":{"rendered":"Air Force 1 Low Pivot Point nahast tossud-Stiil ja mugavus"},"content":{"rendered":"<h2>Air Force 1 Low Pivot Point nahast tossud-Stiil ja mugavus<\/h2>\n<p>Air Force 1 Low Pivot Point nahast tossud on stiilsed ja praktilised kingad igap\u00e4evaseks kasutamiseks. Mudel on valmistatud kvaliteetsest ehtsast nahast, mis tagab vastupidavuse, mugavuse ja kerge hoolduse. Usaldusv\u00e4\u00e4rne tald annab k\u00f5ndimise ajal stabiilsuse ja universaalne disain sobib igale v\u00e4limusele. Tootja-Hiina. Suurep\u00e4rane valik neile, kes hindavad stiili, mugavust ja kvaliteeti. SKU kood: 067-392854.<\/p>\n","protected":false},"excerpt":{"rendered":"<p>Air Force 1 Low Pivot Point nahast tossud on stiilsed ja praktilised kingad igap\u00e4evaseks kasutamiseks. Mudel on valmistatud kvaliteetsest ehtsast nahast, mis tagab vastupidavuse, mugavuse ja kerge hoolduse. Usaldusv\u00e4\u00e4rne tald annab k\u00f5ndimise ajal stabiilsuse ja universaalne disain sobib igale v\u00e4limusele. Tootja-Hiina. Suurep\u00e4rane valik neile, kes hindavad stiili, mugavust ja kvaliteeti. SKU kood: 067-392854.<\/p>\n","protected":false},"featured_media":804797,"comment_status":"open","ping_status":"open","template":"","meta":[],"product_brand":[],"product_cat":[3186,3317],"product_tag":[],"class_list":{"0":"post-804793","1":"product","2":"type-product","3":"status-publish","4":"has-post-thumbnail","6":"product_cat-all-product","7":"product_cat-kedy","8":"pa_rozmir-910","9":"pa_rozmir-912","10":"pa_rozmir-914","11":"pa_rozmir-915","12":"pa_rozmir-916","13":"pa_rozmir-917","14":"pa_rozmir-918","15":"pa_rozmir-919","16":"pa_rozmir-920","17":"pa_rozmir-921","18":"pa_rozmir-922","20":"first","21":"instock","22":"purchasable","23":"product-type-variable"},"_links":{"self":[{"href":"https:\/\/nextsnkr.com\/et\/wp-json\/wp\/v2\/product\/804793","targetHints":{"allow":["GET"]}}],"collection":[{"href":"https:\/\/nextsnkr.com\/et\/wp-json\/wp\/v2\/product"}],"about":[{"href":"https:\/\/nextsnkr.com\/et\/wp-json\/wp\/v2\/types\/product"}],"replies":[{"embeddable":true,"href":"https:\/\/nextsnkr.com\/et\/wp-json\/wp\/v2\/comments?post=804793"}],"version-history":[{"count":0,"href":"https:\/\/nextsnkr.com\/et\/wp-json\/wp\/v2\/product\/804793\/revisions"}],"wp:featuredmedia":[{"embeddable":true,"href":"https:\/\/nextsnkr.com\/et\/wp-json\/wp\/v2\/media\/804797"}],"wp:attachment":[{"href":"https:\/\/nextsnkr.com\/et\/wp-json\/wp\/v2\/media?parent=804793"}],"wp:term":[{"taxonomy":"product_brand","embeddable":true,"href":"https:\/\/nextsnkr.com\/et\/wp-json\/wp\/v2\/product_brand?post=804793"},{"taxonomy":"product_cat","embeddable":true,"href":"https:\/\/nextsnkr.com\/et\/wp-json\/wp\/v2\/product_cat?post=804793"},{"taxonomy":"product_tag","embeddable":true,"href":"https:\/\/nextsnkr.com\/et\/wp-json\/wp\/v2\/product_tag?post=804793"}],"curies":[{"name":"wp","href":"https:\/\/api.w.org\/{rel}","templated":true}]}}