{"id":802919,"date":"2025-06-17T22:01:57","date_gmt":"2025-06-17T19:01:57","guid":{"rendered":"https:\/\/nextsnkr.com\/product\/nike-air-zoom-spiridon-cage-2-stussy-pure-platinum\/"},"modified":"2026-01-30T17:04:06","modified_gmt":"2026-01-30T14:04:06","slug":"nike-air-zoom-spiridon-cage-2-stussy-pure-platinum","status":"publish","type":"product","link":"https:\/\/nextsnkr.com\/et\/toode\/nike-air-zoom-spiridon-cage-2-stussy-pure-platinum\/","title":{"rendered":"Nike Air Zoom Spiridon Cage 2 Stussy Pure Platinum tossud-nahk ja Tekstiil"},"content":{"rendered":"<h2>Nike Air Zoom Spiridon Cage 2 Stussy Pure Platinum tossud-nahk ja Tekstiil<\/h2>\n<p>Nike Air Zoom Spiridon Cage 2 Stussy Pure Platinum on stiilne tossu, mis on valmistatud nahast ja tekstiilist, pakkudes mugavust, kergust ja vastupidavust. Pure Platinumi hele varjund lisab v\u00e4limusele modernsust ja mitmek\u00fclgsust. Mudel on v\u00e4lja t\u00f6\u00f6tatud koost\u00f6\u00f6s Stussyga, mis r\u00f5hutab eksklusiivsust ja trendikat disaini. Tehases Vietnamis toodetud tossudel on tugev tald ja mugav istuvus jalal. Ideaalne valik igap\u00e4evaseks kandmiseks ja aktiivseks eluviisiks, keskendudes stiilile ja mugavusele.<\/p>\n","protected":false},"excerpt":{"rendered":"<p>Nike Air Zoom Spiridon Cage 2 Stussy Pure Platinum on stiilne tossu, mis on valmistatud nahast ja tekstiilist, pakkudes mugavust, kergust ja vastupidavust. Pure Platinumi hele varjund lisab v\u00e4limusele modernsust ja mitmek\u00fclgsust. Mudel on v\u00e4lja t\u00f6\u00f6tatud koost\u00f6\u00f6s Stussyga, mis r\u00f5hutab eksklusiivsust ja trendikat disaini. Tehases Vietnamis toodetud tossudel on tugev tald ja mugav istuvus jalal. Ideaalne valik igap\u00e4evaseks kandmiseks ja aktiivseks eluviisiks, keskendudes stiilile ja mugavusele.<\/p>\n","protected":false},"featured_media":802925,"comment_status":"open","ping_status":"open","template":"","meta":[],"product_brand":[],"product_cat":[3186,3187],"product_tag":[],"class_list":{"0":"post-802919","1":"product","2":"type-product","3":"status-publish","4":"has-post-thumbnail","6":"product_cat-all-product","7":"product_cat-krosivky","8":"pa_rozmir-910","9":"pa_rozmir-912","10":"pa_rozmir-914","11":"pa_rozmir-915","12":"pa_rozmir-916","13":"pa_rozmir-917","14":"pa_rozmir-918","15":"pa_rozmir-919","16":"pa_rozmir-920","17":"pa_rozmir-921","18":"pa_rozmir-922","20":"first","21":"instock","22":"purchasable","23":"product-type-variable"},"_links":{"self":[{"href":"https:\/\/nextsnkr.com\/et\/wp-json\/wp\/v2\/product\/802919","targetHints":{"allow":["GET"]}}],"collection":[{"href":"https:\/\/nextsnkr.com\/et\/wp-json\/wp\/v2\/product"}],"about":[{"href":"https:\/\/nextsnkr.com\/et\/wp-json\/wp\/v2\/types\/product"}],"replies":[{"embeddable":true,"href":"https:\/\/nextsnkr.com\/et\/wp-json\/wp\/v2\/comments?post=802919"}],"version-history":[{"count":0,"href":"https:\/\/nextsnkr.com\/et\/wp-json\/wp\/v2\/product\/802919\/revisions"}],"wp:featuredmedia":[{"embeddable":true,"href":"https:\/\/nextsnkr.com\/et\/wp-json\/wp\/v2\/media\/802925"}],"wp:attachment":[{"href":"https:\/\/nextsnkr.com\/et\/wp-json\/wp\/v2\/media?parent=802919"}],"wp:term":[{"taxonomy":"product_brand","embeddable":true,"href":"https:\/\/nextsnkr.com\/et\/wp-json\/wp\/v2\/product_brand?post=802919"},{"taxonomy":"product_cat","embeddable":true,"href":"https:\/\/nextsnkr.com\/et\/wp-json\/wp\/v2\/product_cat?post=802919"},{"taxonomy":"product_tag","embeddable":true,"href":"https:\/\/nextsnkr.com\/et\/wp-json\/wp\/v2\/product_tag?post=802919"}],"curies":[{"name":"wp","href":"https:\/\/api.w.org\/{rel}","templated":true}]}}