{"id":799040,"date":"2025-06-13T10:01:24","date_gmt":"2025-06-13T07:01:24","guid":{"rendered":"https:\/\/nextsnkr.com\/product\/air-force-white-high-fur\/"},"modified":"2026-01-30T17:01:11","modified_gmt":"2026-01-30T14:01:11","slug":"air-force-white-high-fur","status":"publish","type":"product","link":"https:\/\/nextsnkr.com\/et\/toode\/air-force-white-high-fur\/","title":{"rendered":"Air Force white High Fur tossud-stiilsed talvised nahast tossud karusnahaga"},"content":{"rendered":"<h2>Air Force white High Fur tossud-stiilsed talvised nahast tossud karusnahaga<\/h2>\n<p>Air Force White High Fur tossud on Soojad ja stiilsed kingad, mis on valmistatud pehmest karusnahast isoleeritud nahast. K\u00f5rge siluett pakub t\u00e4iendavat mugavust ja fikseerimist ning universaalset valget v\u00e4rvi on lihtne sobitada mis tahes v\u00e4limusega. Hiinast p\u00e4rit tootja mudelit iseloomustab kulumiskindlus ja kvaliteetne \u00f5mblemine. Ideaalne valik igap\u00e4evaseks kandmiseks jahedal aastaajal, kui vajate soojust, usaldusv\u00e4\u00e4rsust ja trendikat v\u00e4limust.<\/p>\n","protected":false},"excerpt":{"rendered":"<p>Air Force White High Fur tossud on Soojad ja stiilsed kingad, mis on valmistatud pehmest karusnahast isoleeritud nahast. K\u00f5rge siluett pakub t\u00e4iendavat mugavust ja fikseerimist ning universaalset valget v\u00e4rvi on lihtne sobitada mis tahes v\u00e4limusega. Hiinast p\u00e4rit tootja mudelit iseloomustab kulumiskindlus ja kvaliteetne \u00f5mblemine. Ideaalne valik igap\u00e4evaseks kandmiseks jahedal aastaajal, kui vajate soojust, usaldusv\u00e4\u00e4rsust ja trendikat v\u00e4limust.<\/p>\n","protected":false},"featured_media":799041,"comment_status":"open","ping_status":"open","template":"","meta":[],"product_brand":[],"product_cat":[3186,3317],"product_tag":[],"class_list":{"0":"post-799040","1":"product","2":"type-product","3":"status-publish","4":"has-post-thumbnail","6":"product_cat-all-product","7":"product_cat-kedy","8":"pa_rozmir-910","9":"pa_rozmir-912","10":"pa_rozmir-914","11":"pa_rozmir-915","12":"pa_rozmir-916","13":"pa_rozmir-917","14":"pa_rozmir-918","15":"pa_rozmir-919","16":"pa_rozmir-920","17":"pa_rozmir-921","18":"pa_rozmir-922","20":"first","21":"onbackorder","22":"purchasable","23":"product-type-variable"},"_links":{"self":[{"href":"https:\/\/nextsnkr.com\/et\/wp-json\/wp\/v2\/product\/799040","targetHints":{"allow":["GET"]}}],"collection":[{"href":"https:\/\/nextsnkr.com\/et\/wp-json\/wp\/v2\/product"}],"about":[{"href":"https:\/\/nextsnkr.com\/et\/wp-json\/wp\/v2\/types\/product"}],"replies":[{"embeddable":true,"href":"https:\/\/nextsnkr.com\/et\/wp-json\/wp\/v2\/comments?post=799040"}],"version-history":[{"count":0,"href":"https:\/\/nextsnkr.com\/et\/wp-json\/wp\/v2\/product\/799040\/revisions"}],"wp:featuredmedia":[{"embeddable":true,"href":"https:\/\/nextsnkr.com\/et\/wp-json\/wp\/v2\/media\/799041"}],"wp:attachment":[{"href":"https:\/\/nextsnkr.com\/et\/wp-json\/wp\/v2\/media?parent=799040"}],"wp:term":[{"taxonomy":"product_brand","embeddable":true,"href":"https:\/\/nextsnkr.com\/et\/wp-json\/wp\/v2\/product_brand?post=799040"},{"taxonomy":"product_cat","embeddable":true,"href":"https:\/\/nextsnkr.com\/et\/wp-json\/wp\/v2\/product_cat?post=799040"},{"taxonomy":"product_tag","embeddable":true,"href":"https:\/\/nextsnkr.com\/et\/wp-json\/wp\/v2\/product_tag?post=799040"}],"curies":[{"name":"wp","href":"https:\/\/api.w.org\/{rel}","templated":true}]}}