{"id":798818,"date":"2025-06-17T22:41:55","date_gmt":"2025-06-17T19:41:55","guid":{"rendered":"https:\/\/nextsnkr.com\/product\/nike-air-max-tn-plus-hyper-blue\/"},"modified":"2026-01-30T17:01:07","modified_gmt":"2026-01-30T14:01:07","slug":"nike-air-max-tn-plus-hyper-blue","status":"publish","type":"product","link":"https:\/\/nextsnkr.com\/et\/toode\/nike-air-max-tn-plus-hyper-blue\/","title":{"rendered":"Nike Air Max TN Plus Hyper Blue tossud-nahast ja tekstiilist stiilsed"},"content":{"rendered":"<h2>Nike Air Max TN Plus Hyper Blue tossud-nahast ja tekstiilist stiilsed<\/h2>\n<p>Nike Air Max TN Plus Hyper Blue tossud \u00fchendavad naha ja tekstiili kombinatsiooniga kaasaegse disaini ja mugavuse. Hyper Blue s\u00e4rav sinine toon annab Teie v\u00e4limusele d\u00fcnaamilisuse ja v\u00e4ljendusrikkuse. L\u00e4bim\u00f5eldud polsterdusega tald pakub mugavust k\u00f5ndimise ja aktiivse kandmise ajal. Valmistatud Vietnamis, on need tossud kvaliteetsed ja kauakestvad. Valige Nike Air Max TN Plus stiilse ja mugava vabaaja v\u00e4ljan\u00e4gemise jaoks.<\/p>\n","protected":false},"excerpt":{"rendered":"<p>Nike Air Max TN Plus Hyper Blue tossud \u00fchendavad naha ja tekstiili kombinatsiooniga kaasaegse disaini ja mugavuse. Hyper Blue s\u00e4rav sinine toon annab Teie v\u00e4limusele d\u00fcnaamilisuse ja v\u00e4ljendusrikkuse. L\u00e4bim\u00f5eldud polsterdusega tald pakub mugavust k\u00f5ndimise ja aktiivse kandmise ajal. Valmistatud Vietnamis, on need tossud kvaliteetsed ja kauakestvad. Valige Nike Air Max TN Plus stiilse ja mugava vabaaja v\u00e4ljan\u00e4gemise jaoks.<\/p>\n","protected":false},"featured_media":798821,"comment_status":"open","ping_status":"open","template":"","meta":[],"product_brand":[],"product_cat":[3186,3187],"product_tag":[],"class_list":{"0":"post-798818","1":"product","2":"type-product","3":"status-publish","4":"has-post-thumbnail","6":"product_cat-all-product","7":"product_cat-krosivky","8":"pa_rozmir-910","9":"pa_rozmir-912","10":"pa_rozmir-914","11":"pa_rozmir-915","12":"pa_rozmir-916","13":"pa_rozmir-917","14":"pa_rozmir-918","15":"pa_rozmir-919","16":"pa_rozmir-920","17":"pa_rozmir-921","18":"pa_rozmir-922","20":"first","21":"onbackorder","22":"purchasable","23":"product-type-variable"},"_links":{"self":[{"href":"https:\/\/nextsnkr.com\/et\/wp-json\/wp\/v2\/product\/798818","targetHints":{"allow":["GET"]}}],"collection":[{"href":"https:\/\/nextsnkr.com\/et\/wp-json\/wp\/v2\/product"}],"about":[{"href":"https:\/\/nextsnkr.com\/et\/wp-json\/wp\/v2\/types\/product"}],"replies":[{"embeddable":true,"href":"https:\/\/nextsnkr.com\/et\/wp-json\/wp\/v2\/comments?post=798818"}],"version-history":[{"count":0,"href":"https:\/\/nextsnkr.com\/et\/wp-json\/wp\/v2\/product\/798818\/revisions"}],"wp:featuredmedia":[{"embeddable":true,"href":"https:\/\/nextsnkr.com\/et\/wp-json\/wp\/v2\/media\/798821"}],"wp:attachment":[{"href":"https:\/\/nextsnkr.com\/et\/wp-json\/wp\/v2\/media?parent=798818"}],"wp:term":[{"taxonomy":"product_brand","embeddable":true,"href":"https:\/\/nextsnkr.com\/et\/wp-json\/wp\/v2\/product_brand?post=798818"},{"taxonomy":"product_cat","embeddable":true,"href":"https:\/\/nextsnkr.com\/et\/wp-json\/wp\/v2\/product_cat?post=798818"},{"taxonomy":"product_tag","embeddable":true,"href":"https:\/\/nextsnkr.com\/et\/wp-json\/wp\/v2\/product_tag?post=798818"}],"curies":[{"name":"wp","href":"https:\/\/api.w.org\/{rel}","templated":true}]}}