{"id":798467,"date":"2025-06-17T22:42:44","date_gmt":"2025-06-17T19:42:44","guid":{"rendered":"https:\/\/nextsnkr.com\/product\/nike-air-max-plus-black-volt\/"},"modified":"2026-01-30T17:00:49","modified_gmt":"2026-01-30T14:00:49","slug":"nike-air-max-plus-black-volt","status":"publish","type":"product","link":"https:\/\/nextsnkr.com\/et\/toode\/nike-air-max-plus-black-volt\/","title":{"rendered":"Nike Air Max Plus Black \/ Volt tossud-nahk-tekstiil, stiilne"},"content":{"rendered":"<h2>Nike Air Max Plus Black \/ Volt tossud-nahk-tekstiil, stiilne<\/h2>\n<p>Nike Air Max Plus Black \/ Volt tossud \u00fchendavad naha ja tekstiili maksimaalse vastupidavuse ja mugavuse tagamiseks. Legendaarne Air Maxi pehmendustald pakub mugavust pikkade jalutusk\u00e4ikude ja aktiivse elustiili ajal. Must v\u00e4rv, millel on erksad Volt aktsendid, loob stiilse v\u00e4limuse ja r\u00f5hutab isikup\u00e4ra. Ideaalne valik Nike kaubam\u00e4rgi tundjatele, kes hindavad esmaklassilist kvaliteeti ja kaasaegset disaini.<\/p>\n","protected":false},"excerpt":{"rendered":"<p>Nike Air Max Plus Black \/ Volt tossud \u00fchendavad naha ja tekstiili maksimaalse vastupidavuse ja mugavuse tagamiseks. Legendaarne Air Maxi pehmendustald pakub mugavust pikkade jalutusk\u00e4ikude ja aktiivse elustiili ajal. Must v\u00e4rv, millel on erksad Volt aktsendid, loob stiilse v\u00e4limuse ja r\u00f5hutab isikup\u00e4ra. Ideaalne valik Nike kaubam\u00e4rgi tundjatele, kes hindavad esmaklassilist kvaliteeti ja kaasaegset disaini.<\/p>\n","protected":false},"featured_media":798470,"comment_status":"open","ping_status":"open","template":"","meta":[],"product_brand":[],"product_cat":[3186,3187],"product_tag":[],"class_list":{"0":"post-798467","1":"product","2":"type-product","3":"status-publish","4":"has-post-thumbnail","6":"product_cat-all-product","7":"product_cat-krosivky","8":"pa_rozmir-910","9":"pa_rozmir-912","10":"pa_rozmir-914","11":"pa_rozmir-915","12":"pa_rozmir-916","13":"pa_rozmir-917","14":"pa_rozmir-918","15":"pa_rozmir-919","16":"pa_rozmir-920","17":"pa_rozmir-921","18":"pa_rozmir-922","20":"first","21":"onbackorder","22":"purchasable","23":"product-type-variable"},"_links":{"self":[{"href":"https:\/\/nextsnkr.com\/et\/wp-json\/wp\/v2\/product\/798467","targetHints":{"allow":["GET"]}}],"collection":[{"href":"https:\/\/nextsnkr.com\/et\/wp-json\/wp\/v2\/product"}],"about":[{"href":"https:\/\/nextsnkr.com\/et\/wp-json\/wp\/v2\/types\/product"}],"replies":[{"embeddable":true,"href":"https:\/\/nextsnkr.com\/et\/wp-json\/wp\/v2\/comments?post=798467"}],"version-history":[{"count":0,"href":"https:\/\/nextsnkr.com\/et\/wp-json\/wp\/v2\/product\/798467\/revisions"}],"wp:featuredmedia":[{"embeddable":true,"href":"https:\/\/nextsnkr.com\/et\/wp-json\/wp\/v2\/media\/798470"}],"wp:attachment":[{"href":"https:\/\/nextsnkr.com\/et\/wp-json\/wp\/v2\/media?parent=798467"}],"wp:term":[{"taxonomy":"product_brand","embeddable":true,"href":"https:\/\/nextsnkr.com\/et\/wp-json\/wp\/v2\/product_brand?post=798467"},{"taxonomy":"product_cat","embeddable":true,"href":"https:\/\/nextsnkr.com\/et\/wp-json\/wp\/v2\/product_cat?post=798467"},{"taxonomy":"product_tag","embeddable":true,"href":"https:\/\/nextsnkr.com\/et\/wp-json\/wp\/v2\/product_tag?post=798467"}],"curies":[{"name":"wp","href":"https:\/\/api.w.org\/{rel}","templated":true}]}}