{"id":796785,"date":"2025-06-17T22:46:53","date_gmt":"2025-06-17T19:46:53","guid":{"rendered":"https:\/\/nextsnkr.com\/product\/nike-air-max-plus-psg\/"},"modified":"2026-01-30T16:59:32","modified_gmt":"2026-01-30T13:59:32","slug":"nike-air-max-plus-psg","status":"publish","type":"product","link":"https:\/\/nextsnkr.com\/et\/toode\/nike-air-max-plus-psg\/","title":{"rendered":"Nike Air Max Plus PSG tossud-nahast ja tekstiilist Sport"},"content":{"rendered":"<h2>Nike Air Max Plus PSG tossud-nahast ja tekstiilist Sport<\/h2>\n<p>Nike Air Max Plus PSG tossud \u00fchendavad naha ja tekstiili, et maksimeerida mugavust, vastupidavust ja jalgade tuge. Stiilne disain PSG v\u00e4rvides muudab mudeli mitmek\u00fclgseks linnastiili ja aktiivse puhkuse jaoks. Kerge pehmendav tald pakub mugavust pikkadel jalutusk\u00e4ikudel ja sportlikel koormustel. Tootja on tehase Vietnam. Valige Nike Air Max Plus PSG, et \u00fchendada kaasaegne disain, mugavus ja k\u00f5rge kvaliteet.<\/p>\n","protected":false},"excerpt":{"rendered":"<p>Nike Air Max Plus PSG tossud \u00fchendavad naha ja tekstiili, et maksimeerida mugavust, vastupidavust ja jalgade tuge. Stiilne disain PSG v\u00e4rvides muudab mudeli mitmek\u00fclgseks linnastiili ja aktiivse puhkuse jaoks. Kerge pehmendav tald pakub mugavust pikkadel jalutusk\u00e4ikudel ja sportlikel koormustel. Tootja on tehase Vietnam. Valige Nike Air Max Plus PSG, et \u00fchendada kaasaegne disain, mugavus ja k\u00f5rge kvaliteet.<\/p>\n","protected":false},"featured_media":796789,"comment_status":"open","ping_status":"open","template":"","meta":[],"product_brand":[],"product_cat":[3186,3187],"product_tag":[],"class_list":{"0":"post-796785","1":"product","2":"type-product","3":"status-publish","4":"has-post-thumbnail","6":"product_cat-all-product","7":"product_cat-krosivky","8":"pa_rozmir-910","9":"pa_rozmir-912","10":"pa_rozmir-914","11":"pa_rozmir-915","12":"pa_rozmir-916","13":"pa_rozmir-917","14":"pa_rozmir-918","15":"pa_rozmir-919","16":"pa_rozmir-920","17":"pa_rozmir-921","18":"pa_rozmir-922","20":"first","21":"onbackorder","22":"purchasable","23":"product-type-variable"},"_links":{"self":[{"href":"https:\/\/nextsnkr.com\/et\/wp-json\/wp\/v2\/product\/796785","targetHints":{"allow":["GET"]}}],"collection":[{"href":"https:\/\/nextsnkr.com\/et\/wp-json\/wp\/v2\/product"}],"about":[{"href":"https:\/\/nextsnkr.com\/et\/wp-json\/wp\/v2\/types\/product"}],"replies":[{"embeddable":true,"href":"https:\/\/nextsnkr.com\/et\/wp-json\/wp\/v2\/comments?post=796785"}],"version-history":[{"count":0,"href":"https:\/\/nextsnkr.com\/et\/wp-json\/wp\/v2\/product\/796785\/revisions"}],"wp:featuredmedia":[{"embeddable":true,"href":"https:\/\/nextsnkr.com\/et\/wp-json\/wp\/v2\/media\/796789"}],"wp:attachment":[{"href":"https:\/\/nextsnkr.com\/et\/wp-json\/wp\/v2\/media?parent=796785"}],"wp:term":[{"taxonomy":"product_brand","embeddable":true,"href":"https:\/\/nextsnkr.com\/et\/wp-json\/wp\/v2\/product_brand?post=796785"},{"taxonomy":"product_cat","embeddable":true,"href":"https:\/\/nextsnkr.com\/et\/wp-json\/wp\/v2\/product_cat?post=796785"},{"taxonomy":"product_tag","embeddable":true,"href":"https:\/\/nextsnkr.com\/et\/wp-json\/wp\/v2\/product_tag?post=796785"}],"curies":[{"name":"wp","href":"https:\/\/api.w.org\/{rel}","templated":true}]}}