{"id":796551,"date":"2025-06-17T22:47:49","date_gmt":"2025-06-17T19:47:49","guid":{"rendered":"https:\/\/nextsnkr.com\/product\/champion-black\/"},"modified":"2026-01-30T16:59:11","modified_gmt":"2026-01-30T13:59:11","slug":"champion-black","status":"publish","type":"product","link":"https:\/\/nextsnkr.com\/et\/toode\/champion-black\/","title":{"rendered":"Champion Black m\u00fcts &#8211; akr\u00fc\u00fcl universaalne mahuka tikandiga"},"content":{"rendered":"<h2>Champion Black m\u00fcts &#8211; akr\u00fc\u00fcl universaalne mahuka tikandiga<\/h2>\n<p>Champion Black m\u00fcts on valmistatud pehmest akr\u00fc\u00fclist, mis pakub soojust ja mugavust k\u00fclmal aastaajal. Mitmek\u00fclgne suurus sobib enamusele ja br\u00e4ndi mahukad tikandid lisavad stiilse aktsendi ja r\u00f5hutavad sportlikku stiili. Kerge ja mugav disain v\u00f5imaldab teil m\u00fctsi iga p\u00e4ev kanda ja hooldus on lihtne \u2014 pesta 30 kraadi juures. Ideaalne valik neile, kes hindavad Championi kaubam\u00e4rki, materjalide kvaliteeti ja kaasaegset disaini.<\/p>\n","protected":false},"excerpt":{"rendered":"<p>Champion Black m\u00fcts on valmistatud pehmest akr\u00fc\u00fclist, mis pakub soojust ja mugavust k\u00fclmal aastaajal. Mitmek\u00fclgne suurus sobib enamusele ja br\u00e4ndi mahukad tikandid lisavad stiilse aktsendi ja r\u00f5hutavad sportlikku stiili. Kerge ja mugav disain v\u00f5imaldab teil m\u00fctsi iga p\u00e4ev kanda ja hooldus on lihtne \u2014 pesta 30 kraadi juures. Ideaalne valik neile, kes hindavad Championi kaubam\u00e4rki, materjalide kvaliteeti ja kaasaegset disaini.<\/p>\n","protected":false},"featured_media":796555,"comment_status":"open","ping_status":"open","template":"","meta":[],"product_brand":[],"product_cat":[3186,4447],"product_tag":[],"class_list":{"0":"post-796551","1":"product","2":"type-product","3":"status-publish","4":"has-post-thumbnail","6":"product_cat-all-product","7":"product_cat-shapky","8":"pa_rozmir-one-size","10":"first","11":"instock","12":"purchasable","13":"product-type-simple"},"_links":{"self":[{"href":"https:\/\/nextsnkr.com\/et\/wp-json\/wp\/v2\/product\/796551","targetHints":{"allow":["GET"]}}],"collection":[{"href":"https:\/\/nextsnkr.com\/et\/wp-json\/wp\/v2\/product"}],"about":[{"href":"https:\/\/nextsnkr.com\/et\/wp-json\/wp\/v2\/types\/product"}],"replies":[{"embeddable":true,"href":"https:\/\/nextsnkr.com\/et\/wp-json\/wp\/v2\/comments?post=796551"}],"version-history":[{"count":0,"href":"https:\/\/nextsnkr.com\/et\/wp-json\/wp\/v2\/product\/796551\/revisions"}],"wp:featuredmedia":[{"embeddable":true,"href":"https:\/\/nextsnkr.com\/et\/wp-json\/wp\/v2\/media\/796555"}],"wp:attachment":[{"href":"https:\/\/nextsnkr.com\/et\/wp-json\/wp\/v2\/media?parent=796551"}],"wp:term":[{"taxonomy":"product_brand","embeddable":true,"href":"https:\/\/nextsnkr.com\/et\/wp-json\/wp\/v2\/product_brand?post=796551"},{"taxonomy":"product_cat","embeddable":true,"href":"https:\/\/nextsnkr.com\/et\/wp-json\/wp\/v2\/product_cat?post=796551"},{"taxonomy":"product_tag","embeddable":true,"href":"https:\/\/nextsnkr.com\/et\/wp-json\/wp\/v2\/product_tag?post=796551"}],"curies":[{"name":"wp","href":"https:\/\/api.w.org\/{rel}","templated":true}]}}