{"id":796360,"date":"2025-06-17T22:48:09","date_gmt":"2025-06-17T19:48:09","guid":{"rendered":"https:\/\/nextsnkr.com\/product\/air-jordan-red\/"},"modified":"2026-01-30T16:58:52","modified_gmt":"2026-01-30T13:58:52","slug":"air-jordan-red","status":"publish","type":"product","link":"https:\/\/nextsnkr.com\/et\/toode\/air-jordan-red\/","title":{"rendered":"AIR JORDAN Red m\u00fcts-stiilne akr\u00fc\u00fclist talvem\u00fcts"},"content":{"rendered":"<h2>AIR JORDAN Red m\u00fcts-stiilne akr\u00fc\u00fclist talvem\u00fcts<\/h2>\n<p>Air JORDAN Red m\u00fcts on mitmek\u00fclgne mudel soojaks ja mugavaks talveks. Valmistatud pehmest akr\u00fc\u00fclist, pakub see kandmisel soojust ja meeldivat tunnet. Mahukad tikandid lisavad stiilse aktsendi ja r\u00f5hutavad br\u00e4ndi ning universaalne suurus sobib enamusele t\u00e4iskasvanutele. Lihtne hooldada &#8211; soovitatav on pesta temperatuuril 30\u00b0C. ideaalne valik moes disaini ja k\u00fclma eest kaitsmiseks igap\u00e4evaelus.<\/p>\n","protected":false},"excerpt":{"rendered":"<p>Air JORDAN Red m\u00fcts on mitmek\u00fclgne mudel soojaks ja mugavaks talveks. Valmistatud pehmest akr\u00fc\u00fclist, pakub see kandmisel soojust ja meeldivat tunnet. Mahukad tikandid lisavad stiilse aktsendi ja r\u00f5hutavad br\u00e4ndi ning universaalne suurus sobib enamusele t\u00e4iskasvanutele. Lihtne hooldada &#8211; soovitatav on pesta temperatuuril 30\u00b0C. ideaalne valik moes disaini ja k\u00fclma eest kaitsmiseks igap\u00e4evaelus.<\/p>\n","protected":false},"featured_media":796363,"comment_status":"open","ping_status":"open","template":"","meta":[],"product_brand":[],"product_cat":[3382,3186,4447],"product_tag":[],"class_list":{"0":"post-796360","1":"product","2":"type-product","3":"status-publish","4":"has-post-thumbnail","6":"product_cat-nike-jordan","7":"product_cat-all-product","8":"product_cat-shapky","9":"pa_rozmir-one-size","11":"first","12":"instock","13":"purchasable","14":"product-type-simple"},"_links":{"self":[{"href":"https:\/\/nextsnkr.com\/et\/wp-json\/wp\/v2\/product\/796360","targetHints":{"allow":["GET"]}}],"collection":[{"href":"https:\/\/nextsnkr.com\/et\/wp-json\/wp\/v2\/product"}],"about":[{"href":"https:\/\/nextsnkr.com\/et\/wp-json\/wp\/v2\/types\/product"}],"replies":[{"embeddable":true,"href":"https:\/\/nextsnkr.com\/et\/wp-json\/wp\/v2\/comments?post=796360"}],"version-history":[{"count":0,"href":"https:\/\/nextsnkr.com\/et\/wp-json\/wp\/v2\/product\/796360\/revisions"}],"wp:featuredmedia":[{"embeddable":true,"href":"https:\/\/nextsnkr.com\/et\/wp-json\/wp\/v2\/media\/796363"}],"wp:attachment":[{"href":"https:\/\/nextsnkr.com\/et\/wp-json\/wp\/v2\/media?parent=796360"}],"wp:term":[{"taxonomy":"product_brand","embeddable":true,"href":"https:\/\/nextsnkr.com\/et\/wp-json\/wp\/v2\/product_brand?post=796360"},{"taxonomy":"product_cat","embeddable":true,"href":"https:\/\/nextsnkr.com\/et\/wp-json\/wp\/v2\/product_cat?post=796360"},{"taxonomy":"product_tag","embeddable":true,"href":"https:\/\/nextsnkr.com\/et\/wp-json\/wp\/v2\/product_tag?post=796360"}],"curies":[{"name":"wp","href":"https:\/\/api.w.org\/{rel}","templated":true}]}}