{"id":795576,"date":"2025-06-17T22:48:37","date_gmt":"2025-06-17T19:48:37","guid":{"rendered":"https:\/\/nextsnkr.com\/product\/nike-grey\/"},"modified":"2026-01-30T16:57:49","modified_gmt":"2026-01-30T13:57:49","slug":"nike-grey","status":"publish","type":"product","link":"https:\/\/nextsnkr.com\/et\/toode\/nike-grey\/","title":{"rendered":"Nike Grey m\u00fcts-universaalne akr\u00fc\u00fcl sportimiseks ja igap\u00e4evaseks kandmiseks"},"content":{"rendered":"<h2>Nike Grey m\u00fcts-universaalne akr\u00fc\u00fcl sportimiseks ja igap\u00e4evaseks kandmiseks<\/h2>\n<p>Nike Grey m\u00fcts on valmistatud pehmest akr\u00fc\u00fclist, mis pakub soojust ja mugavust k\u00fclmal aastaajal. Mahuka tikandiga universaalse suurusega mudel r\u00f5hutab Nike stiilset v\u00e4limust ja kaubam\u00e4rki. Lihtne hooldada &#8211; pestav temperatuuril 30\u00b0C. ideaalne valik sportimiseks, jalutamiseks ja igap\u00e4evaseks kasutamiseks, \u00fchendab praktilisuse ja kaasaegse disaini, tagades vastupidavuse ja mugavuse.<\/p>\n","protected":false},"excerpt":{"rendered":"<p>Nike Grey m\u00fcts on valmistatud pehmest akr\u00fc\u00fclist, mis pakub soojust ja mugavust k\u00fclmal aastaajal. Mahuka tikandiga universaalse suurusega mudel r\u00f5hutab Nike stiilset v\u00e4limust ja kaubam\u00e4rki. Lihtne hooldada &#8211; pestav temperatuuril 30\u00b0C. ideaalne valik sportimiseks, jalutamiseks ja igap\u00e4evaseks kasutamiseks, \u00fchendab praktilisuse ja kaasaegse disaini, tagades vastupidavuse ja mugavuse.<\/p>\n","protected":false},"featured_media":795579,"comment_status":"open","ping_status":"open","template":"","meta":[],"product_brand":[],"product_cat":[3186,4447],"product_tag":[],"class_list":{"0":"post-795576","1":"product","2":"type-product","3":"status-publish","4":"has-post-thumbnail","6":"product_cat-all-product","7":"product_cat-shapky","8":"pa_rozmir-one-size","10":"first","11":"instock","12":"purchasable","13":"product-type-simple"},"_links":{"self":[{"href":"https:\/\/nextsnkr.com\/et\/wp-json\/wp\/v2\/product\/795576","targetHints":{"allow":["GET"]}}],"collection":[{"href":"https:\/\/nextsnkr.com\/et\/wp-json\/wp\/v2\/product"}],"about":[{"href":"https:\/\/nextsnkr.com\/et\/wp-json\/wp\/v2\/types\/product"}],"replies":[{"embeddable":true,"href":"https:\/\/nextsnkr.com\/et\/wp-json\/wp\/v2\/comments?post=795576"}],"version-history":[{"count":0,"href":"https:\/\/nextsnkr.com\/et\/wp-json\/wp\/v2\/product\/795576\/revisions"}],"wp:featuredmedia":[{"embeddable":true,"href":"https:\/\/nextsnkr.com\/et\/wp-json\/wp\/v2\/media\/795579"}],"wp:attachment":[{"href":"https:\/\/nextsnkr.com\/et\/wp-json\/wp\/v2\/media?parent=795576"}],"wp:term":[{"taxonomy":"product_brand","embeddable":true,"href":"https:\/\/nextsnkr.com\/et\/wp-json\/wp\/v2\/product_brand?post=795576"},{"taxonomy":"product_cat","embeddable":true,"href":"https:\/\/nextsnkr.com\/et\/wp-json\/wp\/v2\/product_cat?post=795576"},{"taxonomy":"product_tag","embeddable":true,"href":"https:\/\/nextsnkr.com\/et\/wp-json\/wp\/v2\/product_tag?post=795576"}],"curies":[{"name":"wp","href":"https:\/\/api.w.org\/{rel}","templated":true}]}}