{"id":795369,"date":"2025-06-17T22:48:41","date_gmt":"2025-06-17T19:48:41","guid":{"rendered":"https:\/\/nextsnkr.com\/product\/air-jordan-grey\/"},"modified":"2026-01-30T16:57:41","modified_gmt":"2026-01-30T13:57:41","slug":"air-jordan-grey","status":"publish","type":"product","link":"https:\/\/nextsnkr.com\/et\/toode\/air-jordan-grey\/","title":{"rendered":"AIR JORDAN Grey akr\u00fc\u00fcl universaalne m\u00fcts tikandiga"},"content":{"rendered":"<h2>AIR JORDAN Grey akr\u00fc\u00fcl universaalne m\u00fcts tikandiga<\/h2>\n<p>AIR JORDAN Grey m\u00fcts on valmistatud pehmest akr\u00fc\u00fclist, mis pakub soojust ja mugavust k\u00fclmal aastaajal. Universaalne suurus sobib enamusele ja mahukas tikand br\u00e4ndi logoga lisab teie v\u00e4limusele stiilse aktsendi. Lihtne hooldada &#8211; pestav temperatuuril 30\u00b0C. ideaalne valik igap\u00e4evaseks kandmiseks, v\u00e4litegevuseks ja sportlikuks stiiliks, \u00fchendab AIR Jordani kvaliteedi ja kaasaegse disaini.<\/p>\n","protected":false},"excerpt":{"rendered":"<p>AIR JORDAN Grey m\u00fcts on valmistatud pehmest akr\u00fc\u00fclist, mis pakub soojust ja mugavust k\u00fclmal aastaajal. Universaalne suurus sobib enamusele ja mahukas tikand br\u00e4ndi logoga lisab teie v\u00e4limusele stiilse aktsendi. Lihtne hooldada &#8211; pestav temperatuuril 30\u00b0C. ideaalne valik igap\u00e4evaseks kandmiseks, v\u00e4litegevuseks ja sportlikuks stiiliks, \u00fchendab AIR Jordani kvaliteedi ja kaasaegse disaini.<\/p>\n","protected":false},"featured_media":795373,"comment_status":"open","ping_status":"open","template":"","meta":[],"product_brand":[],"product_cat":[3382,3186,4447],"product_tag":[],"class_list":{"0":"post-795369","1":"product","2":"type-product","3":"status-publish","4":"has-post-thumbnail","6":"product_cat-nike-jordan","7":"product_cat-all-product","8":"product_cat-shapky","9":"pa_rozmir-one-size","11":"first","12":"instock","13":"purchasable","14":"product-type-simple"},"_links":{"self":[{"href":"https:\/\/nextsnkr.com\/et\/wp-json\/wp\/v2\/product\/795369","targetHints":{"allow":["GET"]}}],"collection":[{"href":"https:\/\/nextsnkr.com\/et\/wp-json\/wp\/v2\/product"}],"about":[{"href":"https:\/\/nextsnkr.com\/et\/wp-json\/wp\/v2\/types\/product"}],"replies":[{"embeddable":true,"href":"https:\/\/nextsnkr.com\/et\/wp-json\/wp\/v2\/comments?post=795369"}],"version-history":[{"count":0,"href":"https:\/\/nextsnkr.com\/et\/wp-json\/wp\/v2\/product\/795369\/revisions"}],"wp:featuredmedia":[{"embeddable":true,"href":"https:\/\/nextsnkr.com\/et\/wp-json\/wp\/v2\/media\/795373"}],"wp:attachment":[{"href":"https:\/\/nextsnkr.com\/et\/wp-json\/wp\/v2\/media?parent=795369"}],"wp:term":[{"taxonomy":"product_brand","embeddable":true,"href":"https:\/\/nextsnkr.com\/et\/wp-json\/wp\/v2\/product_brand?post=795369"},{"taxonomy":"product_cat","embeddable":true,"href":"https:\/\/nextsnkr.com\/et\/wp-json\/wp\/v2\/product_cat?post=795369"},{"taxonomy":"product_tag","embeddable":true,"href":"https:\/\/nextsnkr.com\/et\/wp-json\/wp\/v2\/product_tag?post=795369"}],"curies":[{"name":"wp","href":"https:\/\/api.w.org\/{rel}","templated":true}]}}