{"id":795005,"date":"2025-06-17T22:48:56","date_gmt":"2025-06-17T19:48:56","guid":{"rendered":"https:\/\/nextsnkr.com\/product\/champion-grey\/"},"modified":"2026-01-30T16:57:04","modified_gmt":"2026-01-30T13:57:04","slug":"champion-grey","status":"publish","type":"product","link":"https:\/\/nextsnkr.com\/et\/toode\/champion-grey\/","title":{"rendered":"Champion Grey m\u00fcts-universaalne akr\u00fc\u00fcl mahukate Tikanditega"},"content":{"rendered":"<h2>Champion Grey m\u00fcts-universaalne akr\u00fc\u00fcl mahukate Tikanditega<\/h2>\n<p>CHAMPION Grey on stiilne universaalne pehmest akr\u00fc\u00fclist m\u00fcts, mis pakub soojust ja mugavust k\u00fclmal aastaajal. Mahukas tikand lisab moekat aktsenti ja r\u00f5hutab br\u00e4ndi, muutes m\u00fctsi v\u00e4limuse originaalseks elemendiks. Sobib igap\u00e4evaseks kandmiseks ja aktiivseks puhkuseks. Lihtne hooldada-saab pesta 30 kraadi juures, mis tagab vormi vastupidavuse ja s\u00e4ilimise. Valige Champion Grey mugavuse, stiili ja praktilisuse jaoks.<\/p>\n","protected":false},"excerpt":{"rendered":"<p>CHAMPION Grey on stiilne universaalne pehmest akr\u00fc\u00fclist m\u00fcts, mis pakub soojust ja mugavust k\u00fclmal aastaajal. Mahukas tikand lisab moekat aktsenti ja r\u00f5hutab br\u00e4ndi, muutes m\u00fctsi v\u00e4limuse originaalseks elemendiks. Sobib igap\u00e4evaseks kandmiseks ja aktiivseks puhkuseks. Lihtne hooldada-saab pesta 30 kraadi juures, mis tagab vormi vastupidavuse ja s\u00e4ilimise. Valige Champion Grey mugavuse, stiili ja praktilisuse jaoks.<\/p>\n","protected":false},"featured_media":795009,"comment_status":"open","ping_status":"open","template":"","meta":[],"product_brand":[],"product_cat":[3186,4447],"product_tag":[],"class_list":{"0":"post-795005","1":"product","2":"type-product","3":"status-publish","4":"has-post-thumbnail","6":"product_cat-all-product","7":"product_cat-shapky","8":"pa_rozmir-one-size","10":"first","11":"instock","12":"purchasable","13":"product-type-simple"},"_links":{"self":[{"href":"https:\/\/nextsnkr.com\/et\/wp-json\/wp\/v2\/product\/795005","targetHints":{"allow":["GET"]}}],"collection":[{"href":"https:\/\/nextsnkr.com\/et\/wp-json\/wp\/v2\/product"}],"about":[{"href":"https:\/\/nextsnkr.com\/et\/wp-json\/wp\/v2\/types\/product"}],"replies":[{"embeddable":true,"href":"https:\/\/nextsnkr.com\/et\/wp-json\/wp\/v2\/comments?post=795005"}],"version-history":[{"count":0,"href":"https:\/\/nextsnkr.com\/et\/wp-json\/wp\/v2\/product\/795005\/revisions"}],"wp:featuredmedia":[{"embeddable":true,"href":"https:\/\/nextsnkr.com\/et\/wp-json\/wp\/v2\/media\/795009"}],"wp:attachment":[{"href":"https:\/\/nextsnkr.com\/et\/wp-json\/wp\/v2\/media?parent=795005"}],"wp:term":[{"taxonomy":"product_brand","embeddable":true,"href":"https:\/\/nextsnkr.com\/et\/wp-json\/wp\/v2\/product_brand?post=795005"},{"taxonomy":"product_cat","embeddable":true,"href":"https:\/\/nextsnkr.com\/et\/wp-json\/wp\/v2\/product_cat?post=795005"},{"taxonomy":"product_tag","embeddable":true,"href":"https:\/\/nextsnkr.com\/et\/wp-json\/wp\/v2\/product_tag?post=795005"}],"curies":[{"name":"wp","href":"https:\/\/api.w.org\/{rel}","templated":true}]}}