{"id":794814,"date":"2025-06-17T22:49:01","date_gmt":"2025-06-17T19:49:01","guid":{"rendered":"https:\/\/nextsnkr.com\/product\/fila-black\/"},"modified":"2026-01-30T16:56:54","modified_gmt":"2026-01-30T13:56:54","slug":"fila-black","status":"publish","type":"product","link":"https:\/\/nextsnkr.com\/et\/toode\/fila-black\/","title":{"rendered":"Fila Black m\u00fcts &#8211; akr\u00fc\u00fcl universaalne meestele ja naistele"},"content":{"rendered":"<h2>Fila Black m\u00fcts &#8211; akr\u00fc\u00fcl universaalne meestele ja naistele<\/h2>\n<p>Stiilne fila Black m\u00fcts on valmistatud pehmest akr\u00fc\u00fclist, mis pakub soojust ja mugavust k\u00fclmal aastaajal. Universaalne suurus sobib igale peale ja mahukas tikand lisab trendikat aktsenti. Lihtne hooldada-saab pesta temperatuuril 30\u00b0C. ideaalne valik igap\u00e4evaseks kandmiseks, sportimiseks ja \u00f5ues jalutamiseks. Valige FILA stiili ja praktilisuse jaoks iga p\u00e4ev.<\/p>\n","protected":false},"excerpt":{"rendered":"<p>Stiilne fila Black m\u00fcts on valmistatud pehmest akr\u00fc\u00fclist, mis pakub soojust ja mugavust k\u00fclmal aastaajal. Universaalne suurus sobib igale peale ja mahukas tikand lisab trendikat aktsenti. Lihtne hooldada-saab pesta temperatuuril 30\u00b0C. ideaalne valik igap\u00e4evaseks kandmiseks, sportimiseks ja \u00f5ues jalutamiseks. Valige FILA stiili ja praktilisuse jaoks iga p\u00e4ev.<\/p>\n","protected":false},"featured_media":794817,"comment_status":"open","ping_status":"open","template":"","meta":[],"product_brand":[],"product_cat":[3186,4447],"product_tag":[],"class_list":{"0":"post-794814","1":"product","2":"type-product","3":"status-publish","4":"has-post-thumbnail","6":"product_cat-all-product","7":"product_cat-shapky","8":"pa_rozmir-one-size","10":"first","11":"instock","12":"purchasable","13":"product-type-simple"},"_links":{"self":[{"href":"https:\/\/nextsnkr.com\/et\/wp-json\/wp\/v2\/product\/794814","targetHints":{"allow":["GET"]}}],"collection":[{"href":"https:\/\/nextsnkr.com\/et\/wp-json\/wp\/v2\/product"}],"about":[{"href":"https:\/\/nextsnkr.com\/et\/wp-json\/wp\/v2\/types\/product"}],"replies":[{"embeddable":true,"href":"https:\/\/nextsnkr.com\/et\/wp-json\/wp\/v2\/comments?post=794814"}],"version-history":[{"count":0,"href":"https:\/\/nextsnkr.com\/et\/wp-json\/wp\/v2\/product\/794814\/revisions"}],"wp:featuredmedia":[{"embeddable":true,"href":"https:\/\/nextsnkr.com\/et\/wp-json\/wp\/v2\/media\/794817"}],"wp:attachment":[{"href":"https:\/\/nextsnkr.com\/et\/wp-json\/wp\/v2\/media?parent=794814"}],"wp:term":[{"taxonomy":"product_brand","embeddable":true,"href":"https:\/\/nextsnkr.com\/et\/wp-json\/wp\/v2\/product_brand?post=794814"},{"taxonomy":"product_cat","embeddable":true,"href":"https:\/\/nextsnkr.com\/et\/wp-json\/wp\/v2\/product_cat?post=794814"},{"taxonomy":"product_tag","embeddable":true,"href":"https:\/\/nextsnkr.com\/et\/wp-json\/wp\/v2\/product_tag?post=794814"}],"curies":[{"name":"wp","href":"https:\/\/api.w.org\/{rel}","templated":true}]}}