{"id":791750,"date":"2025-06-13T10:15:06","date_gmt":"2025-06-13T07:15:06","guid":{"rendered":"https:\/\/nextsnkr.com\/product\/dior-sneakers-low-deep-blue-premium\/"},"modified":"2026-01-30T16:54:35","modified_gmt":"2026-01-30T13:54:35","slug":"dior-sneakers-low-deep-blue-premium","status":"publish","type":"product","link":"https:\/\/nextsnkr.com\/et\/toode\/dior-sneakers-low-deep-blue-premium\/","title":{"rendered":"Dior Sneakers Low Deep Blue Premium nahast meeste tossud"},"content":{"rendered":"<h2>Dior Sneakers Low Deep Blue Premium nahast meeste tossud<\/h2>\n<p>Dior Sneakers Low Deep Blue Premium tossud on stiilne segu elegantsist ja mugavusest. Valmistatud kvaliteetsest nahast ja tekstiilist, pakuvad need vastupidavust, kergust ja mugavust igap\u00e4evase kandmise ajal. S\u00fcgavsinine toon r\u00f5hutab esmaklassilist disaini, muutes kingad ideaalseks kaasaegse linnaliku v\u00e4ljan\u00e4gemise jaoks. Toodetud Hiinas. Valige Diori tossud, et lisada oma stiilile staatus ja keerukus.<\/p>\n","protected":false},"excerpt":{"rendered":"<p>Dior Sneakers Low Deep Blue Premium tossud on stiilne segu elegantsist ja mugavusest. Valmistatud kvaliteetsest nahast ja tekstiilist, pakuvad need vastupidavust, kergust ja mugavust igap\u00e4evase kandmise ajal. S\u00fcgavsinine toon r\u00f5hutab esmaklassilist disaini, muutes kingad ideaalseks kaasaegse linnaliku v\u00e4ljan\u00e4gemise jaoks. Toodetud Hiinas. Valige Diori tossud, et lisada oma stiilile staatus ja keerukus.<\/p>\n","protected":false},"featured_media":791751,"comment_status":"open","ping_status":"open","template":"","meta":[],"product_brand":[],"product_cat":[3186,3317],"product_tag":[],"class_list":{"0":"post-791750","1":"product","2":"type-product","3":"status-publish","4":"has-post-thumbnail","6":"product_cat-all-product","7":"product_cat-kedy","8":"pa_rozmir-910","9":"pa_rozmir-912","10":"pa_rozmir-914","11":"pa_rozmir-915","12":"pa_rozmir-916","13":"pa_rozmir-917","14":"pa_rozmir-918","15":"pa_rozmir-919","16":"pa_rozmir-920","17":"pa_rozmir-921","18":"pa_rozmir-922","20":"first","21":"onbackorder","22":"purchasable","23":"product-type-variable"},"_links":{"self":[{"href":"https:\/\/nextsnkr.com\/et\/wp-json\/wp\/v2\/product\/791750","targetHints":{"allow":["GET"]}}],"collection":[{"href":"https:\/\/nextsnkr.com\/et\/wp-json\/wp\/v2\/product"}],"about":[{"href":"https:\/\/nextsnkr.com\/et\/wp-json\/wp\/v2\/types\/product"}],"replies":[{"embeddable":true,"href":"https:\/\/nextsnkr.com\/et\/wp-json\/wp\/v2\/comments?post=791750"}],"version-history":[{"count":0,"href":"https:\/\/nextsnkr.com\/et\/wp-json\/wp\/v2\/product\/791750\/revisions"}],"wp:featuredmedia":[{"embeddable":true,"href":"https:\/\/nextsnkr.com\/et\/wp-json\/wp\/v2\/media\/791751"}],"wp:attachment":[{"href":"https:\/\/nextsnkr.com\/et\/wp-json\/wp\/v2\/media?parent=791750"}],"wp:term":[{"taxonomy":"product_brand","embeddable":true,"href":"https:\/\/nextsnkr.com\/et\/wp-json\/wp\/v2\/product_brand?post=791750"},{"taxonomy":"product_cat","embeddable":true,"href":"https:\/\/nextsnkr.com\/et\/wp-json\/wp\/v2\/product_cat?post=791750"},{"taxonomy":"product_tag","embeddable":true,"href":"https:\/\/nextsnkr.com\/et\/wp-json\/wp\/v2\/product_tag?post=791750"}],"curies":[{"name":"wp","href":"https:\/\/api.w.org\/{rel}","templated":true}]}}