{"id":790900,"date":"2025-06-13T10:17:11","date_gmt":"2025-06-13T07:17:11","guid":{"rendered":"https:\/\/nextsnkr.com\/product\/9060-silver-metallic\/"},"modified":"2026-01-30T16:53:55","modified_gmt":"2026-01-30T13:53:55","slug":"9060-silver-metallic","status":"publish","type":"product","link":"https:\/\/nextsnkr.com\/et\/toode\/9060-silver-metallic\/","title":{"rendered":"9060 Silver Metallic seemisnahast tossud-stiilne ja mugav"},"content":{"rendered":"<h2>9060 Silver Metallic seemisnahast tossud-stiilne ja mugav<\/h2>\n<p>Kaasaegsed 9060 Silver Metallic tossud on valmistatud pehmest ja kulumiskindlast seemisnahast, mis pakub mugavust ja esmaklassilist v\u00e4limust. Stiilne h\u00f5bedane disain muudab mudeli erksaks aktsendiks igas v\u00e4limuses. Kerge tald tagab suurep\u00e4rase pehmenduse ja kvaliteetne tootmine Hiinas tagab usaldusv\u00e4\u00e4rsuse igap\u00e4evase kandmise ajal. Ideaalne valik neile, kes hindavad trendikat stiili ja praktilisust.<\/p>\n","protected":false},"excerpt":{"rendered":"<p>Kaasaegsed 9060 Silver Metallic tossud on valmistatud pehmest ja kulumiskindlast seemisnahast, mis pakub mugavust ja esmaklassilist v\u00e4limust. Stiilne h\u00f5bedane disain muudab mudeli erksaks aktsendiks igas v\u00e4limuses. Kerge tald tagab suurep\u00e4rase pehmenduse ja kvaliteetne tootmine Hiinas tagab usaldusv\u00e4\u00e4rsuse igap\u00e4evase kandmise ajal. Ideaalne valik neile, kes hindavad trendikat stiili ja praktilisust.<\/p>\n","protected":false},"featured_media":790901,"comment_status":"open","ping_status":"open","template":"","meta":[],"product_brand":[],"product_cat":[3186,3187],"product_tag":[],"class_list":{"0":"post-790900","1":"product","2":"type-product","3":"status-publish","4":"has-post-thumbnail","6":"product_cat-all-product","7":"product_cat-krosivky","8":"pa_rozmir-910","9":"pa_rozmir-912","10":"pa_rozmir-914","11":"pa_rozmir-915","12":"pa_rozmir-916","13":"pa_rozmir-917","14":"pa_rozmir-918","15":"pa_rozmir-919","16":"pa_rozmir-920","17":"pa_rozmir-921","18":"pa_rozmir-922","20":"first","21":"instock","22":"purchasable","23":"product-type-variable"},"_links":{"self":[{"href":"https:\/\/nextsnkr.com\/et\/wp-json\/wp\/v2\/product\/790900","targetHints":{"allow":["GET"]}}],"collection":[{"href":"https:\/\/nextsnkr.com\/et\/wp-json\/wp\/v2\/product"}],"about":[{"href":"https:\/\/nextsnkr.com\/et\/wp-json\/wp\/v2\/types\/product"}],"replies":[{"embeddable":true,"href":"https:\/\/nextsnkr.com\/et\/wp-json\/wp\/v2\/comments?post=790900"}],"version-history":[{"count":0,"href":"https:\/\/nextsnkr.com\/et\/wp-json\/wp\/v2\/product\/790900\/revisions"}],"wp:featuredmedia":[{"embeddable":true,"href":"https:\/\/nextsnkr.com\/et\/wp-json\/wp\/v2\/media\/790901"}],"wp:attachment":[{"href":"https:\/\/nextsnkr.com\/et\/wp-json\/wp\/v2\/media?parent=790900"}],"wp:term":[{"taxonomy":"product_brand","embeddable":true,"href":"https:\/\/nextsnkr.com\/et\/wp-json\/wp\/v2\/product_brand?post=790900"},{"taxonomy":"product_cat","embeddable":true,"href":"https:\/\/nextsnkr.com\/et\/wp-json\/wp\/v2\/product_cat?post=790900"},{"taxonomy":"product_tag","embeddable":true,"href":"https:\/\/nextsnkr.com\/et\/wp-json\/wp\/v2\/product_tag?post=790900"}],"curies":[{"name":"wp","href":"https:\/\/api.w.org\/{rel}","templated":true}]}}