{"id":790560,"date":"2025-06-13T10:18:14","date_gmt":"2025-06-13T07:18:14","guid":{"rendered":"https:\/\/nextsnkr.com\/product\/natural-indigo\/"},"modified":"2026-01-30T16:53:37","modified_gmt":"2026-01-30T13:53:37","slug":"natural-indigo","status":"publish","type":"product","link":"https:\/\/nextsnkr.com\/et\/toode\/natural-indigo\/","title":{"rendered":"Natural Indigo seemisnahast tossud stiilsed igap\u00e4evaseks kandmiseks"},"content":{"rendered":"<h2>Natural Indigo seemisnahast tossud stiilsed igap\u00e4evaseks kandmiseks<\/h2>\n<p>Moodsad Natural Indigo tossud on valmistatud seemisnahast ja ehtsast nahast, mis tagab elegantse v\u00e4limuse ja vastupidavuse. Pehme pealmine osa kohaneb jalaga h\u00e4sti ja kvaliteetne tald tagab mugavuse pikkade jalutusk\u00e4ikude ajal. Diskreetne disain ja usaldusv\u00e4\u00e4rsed materjalid muudavad selle mudeli igap\u00e4evaseks kasutamiseks universaalseks. Ideaalne valik neile, kes hindavad stiili, mugavust ja praktilisust.<\/p>\n","protected":false},"excerpt":{"rendered":"<p>Moodsad Natural Indigo tossud on valmistatud seemisnahast ja ehtsast nahast, mis tagab elegantse v\u00e4limuse ja vastupidavuse. Pehme pealmine osa kohaneb jalaga h\u00e4sti ja kvaliteetne tald tagab mugavuse pikkade jalutusk\u00e4ikude ajal. Diskreetne disain ja usaldusv\u00e4\u00e4rsed materjalid muudavad selle mudeli igap\u00e4evaseks kasutamiseks universaalseks. Ideaalne valik neile, kes hindavad stiili, mugavust ja praktilisust.<\/p>\n","protected":false},"featured_media":790561,"comment_status":"open","ping_status":"open","template":"","meta":[],"product_brand":[],"product_cat":[3186,3187],"product_tag":[],"class_list":{"0":"post-790560","1":"product","2":"type-product","3":"status-publish","4":"has-post-thumbnail","6":"product_cat-all-product","7":"product_cat-krosivky","8":"pa_rozmir-910","9":"pa_rozmir-912","10":"pa_rozmir-914","11":"pa_rozmir-915","12":"pa_rozmir-916","13":"pa_rozmir-917","14":"pa_rozmir-918","15":"pa_rozmir-919","16":"pa_rozmir-920","17":"pa_rozmir-921","18":"pa_rozmir-922","20":"first","21":"instock","22":"purchasable","23":"product-type-variable"},"_links":{"self":[{"href":"https:\/\/nextsnkr.com\/et\/wp-json\/wp\/v2\/product\/790560","targetHints":{"allow":["GET"]}}],"collection":[{"href":"https:\/\/nextsnkr.com\/et\/wp-json\/wp\/v2\/product"}],"about":[{"href":"https:\/\/nextsnkr.com\/et\/wp-json\/wp\/v2\/types\/product"}],"replies":[{"embeddable":true,"href":"https:\/\/nextsnkr.com\/et\/wp-json\/wp\/v2\/comments?post=790560"}],"version-history":[{"count":0,"href":"https:\/\/nextsnkr.com\/et\/wp-json\/wp\/v2\/product\/790560\/revisions"}],"wp:featuredmedia":[{"embeddable":true,"href":"https:\/\/nextsnkr.com\/et\/wp-json\/wp\/v2\/media\/790561"}],"wp:attachment":[{"href":"https:\/\/nextsnkr.com\/et\/wp-json\/wp\/v2\/media?parent=790560"}],"wp:term":[{"taxonomy":"product_brand","embeddable":true,"href":"https:\/\/nextsnkr.com\/et\/wp-json\/wp\/v2\/product_brand?post=790560"},{"taxonomy":"product_cat","embeddable":true,"href":"https:\/\/nextsnkr.com\/et\/wp-json\/wp\/v2\/product_cat?post=790560"},{"taxonomy":"product_tag","embeddable":true,"href":"https:\/\/nextsnkr.com\/et\/wp-json\/wp\/v2\/product_tag?post=790560"}],"curies":[{"name":"wp","href":"https:\/\/api.w.org\/{rel}","templated":true}]}}