{"id":789540,"date":"2025-06-13T10:20:20","date_gmt":"2025-06-13T07:20:20","guid":{"rendered":"https:\/\/nextsnkr.com\/product\/530\/"},"modified":"2026-01-30T16:52:53","modified_gmt":"2026-01-30T13:52:53","slug":"530","status":"publish","type":"product","link":"https:\/\/nextsnkr.com\/et\/toode\/530\/","title":{"rendered":"Tossud 530 nahast ja tekstiilist Mehed-Stiil ja mugavus"},"content":{"rendered":"<h2>Tossud 530 nahast ja tekstiilist Mehed-Stiil ja mugavus<\/h2>\n<p>Tossud 530 on universaalne mudel, mis on loodud naha ja tekstiili kombinatsioonist maksimaalse mugavuse ja kulumiskindluse tagamiseks. Materjalid tagavad hea ventilatsiooni ja vastupidavuse ning kaasaegne disain sobib igap\u00e4evaseks kasutamiseks. T\u00fcrgis toodetud neid tossusid iseloomustab kvaliteetne \u00f5mblemine ja usaldusv\u00e4\u00e4rsus. Ideaalne valik aktiivse elutempo jaoks.<\/p>\n","protected":false},"excerpt":{"rendered":"<p>Tossud 530 on universaalne mudel, mis on loodud naha ja tekstiili kombinatsioonist maksimaalse mugavuse ja kulumiskindluse tagamiseks. Materjalid tagavad hea ventilatsiooni ja vastupidavuse ning kaasaegne disain sobib igap\u00e4evaseks kasutamiseks. T\u00fcrgis toodetud neid tossusid iseloomustab kvaliteetne \u00f5mblemine ja usaldusv\u00e4\u00e4rsus. Ideaalne valik aktiivse elutempo jaoks.<\/p>\n","protected":false},"featured_media":789541,"comment_status":"open","ping_status":"open","template":"","meta":[],"product_brand":[],"product_cat":[3186,3187],"product_tag":[],"class_list":{"0":"post-789540","1":"product","2":"type-product","3":"status-publish","4":"has-post-thumbnail","6":"product_cat-all-product","7":"product_cat-krosivky","8":"pa_rozmir-910","9":"pa_rozmir-912","10":"pa_rozmir-914","11":"pa_rozmir-915","12":"pa_rozmir-916","13":"pa_rozmir-917","14":"pa_rozmir-918","15":"pa_rozmir-919","16":"pa_rozmir-920","17":"pa_rozmir-921","18":"pa_rozmir-922","20":"first","21":"onbackorder","22":"purchasable","23":"product-type-variable"},"_links":{"self":[{"href":"https:\/\/nextsnkr.com\/et\/wp-json\/wp\/v2\/product\/789540","targetHints":{"allow":["GET"]}}],"collection":[{"href":"https:\/\/nextsnkr.com\/et\/wp-json\/wp\/v2\/product"}],"about":[{"href":"https:\/\/nextsnkr.com\/et\/wp-json\/wp\/v2\/types\/product"}],"replies":[{"embeddable":true,"href":"https:\/\/nextsnkr.com\/et\/wp-json\/wp\/v2\/comments?post=789540"}],"version-history":[{"count":0,"href":"https:\/\/nextsnkr.com\/et\/wp-json\/wp\/v2\/product\/789540\/revisions"}],"wp:featuredmedia":[{"embeddable":true,"href":"https:\/\/nextsnkr.com\/et\/wp-json\/wp\/v2\/media\/789541"}],"wp:attachment":[{"href":"https:\/\/nextsnkr.com\/et\/wp-json\/wp\/v2\/media?parent=789540"}],"wp:term":[{"taxonomy":"product_brand","embeddable":true,"href":"https:\/\/nextsnkr.com\/et\/wp-json\/wp\/v2\/product_brand?post=789540"},{"taxonomy":"product_cat","embeddable":true,"href":"https:\/\/nextsnkr.com\/et\/wp-json\/wp\/v2\/product_cat?post=789540"},{"taxonomy":"product_tag","embeddable":true,"href":"https:\/\/nextsnkr.com\/et\/wp-json\/wp\/v2\/product_tag?post=789540"}],"curies":[{"name":"wp","href":"https:\/\/api.w.org\/{rel}","templated":true}]}}