{"id":789370,"date":"2025-06-13T10:20:39","date_gmt":"2025-06-13T07:20:39","guid":{"rendered":"https:\/\/nextsnkr.com\/product\/574-black\/"},"modified":"2026-01-30T16:52:49","modified_gmt":"2026-01-30T13:52:49","slug":"574-black","status":"publish","type":"product","link":"https:\/\/nextsnkr.com\/et\/toode\/574-black\/","title":{"rendered":"574 Mustad seemisnahast ja tekstiilist tossud-Stiil ja mugavus iga p\u00e4ev"},"content":{"rendered":"<h2>574 Mustad seemisnahast ja tekstiilist tossud-Stiil ja mugavus iga p\u00e4ev<\/h2>\n<p>574 Black tossud \u00fchendavad vastupidava tekstiili ja loodusliku seemisnahaga, pakkudes mugavust ja vastupidavust igap\u00e4evaseks kasutamiseks. Lakooniline must disain sobib kergesti mis tahes stiiliga ja kvaliteetne tootmine Hiina tagab optimaalse kulude ja usaldusv\u00e4\u00e4rsuse tasakaalu. See on mitmek\u00fclgne mudel linnatempo, k\u00f5ndimise ja aktiivse elustiili jaoks. Kood ja SKU: 080-418687.<\/p>\n","protected":false},"excerpt":{"rendered":"<p>574 Black tossud \u00fchendavad vastupidava tekstiili ja loodusliku seemisnahaga, pakkudes mugavust ja vastupidavust igap\u00e4evaseks kasutamiseks. Lakooniline must disain sobib kergesti mis tahes stiiliga ja kvaliteetne tootmine Hiina tagab optimaalse kulude ja usaldusv\u00e4\u00e4rsuse tasakaalu. See on mitmek\u00fclgne mudel linnatempo, k\u00f5ndimise ja aktiivse elustiili jaoks. Kood ja SKU: 080-418687.<\/p>\n","protected":false},"featured_media":789371,"comment_status":"open","ping_status":"open","template":"","meta":[],"product_brand":[],"product_cat":[3186,3187],"product_tag":[],"class_list":{"0":"post-789370","1":"product","2":"type-product","3":"status-publish","4":"has-post-thumbnail","6":"product_cat-all-product","7":"product_cat-krosivky","8":"pa_rozmir-910","9":"pa_rozmir-912","10":"pa_rozmir-914","11":"pa_rozmir-915","12":"pa_rozmir-916","13":"pa_rozmir-917","14":"pa_rozmir-918","15":"pa_rozmir-919","16":"pa_rozmir-920","17":"pa_rozmir-921","18":"pa_rozmir-922","20":"first","21":"instock","22":"purchasable","23":"product-type-variable"},"_links":{"self":[{"href":"https:\/\/nextsnkr.com\/et\/wp-json\/wp\/v2\/product\/789370","targetHints":{"allow":["GET"]}}],"collection":[{"href":"https:\/\/nextsnkr.com\/et\/wp-json\/wp\/v2\/product"}],"about":[{"href":"https:\/\/nextsnkr.com\/et\/wp-json\/wp\/v2\/types\/product"}],"replies":[{"embeddable":true,"href":"https:\/\/nextsnkr.com\/et\/wp-json\/wp\/v2\/comments?post=789370"}],"version-history":[{"count":0,"href":"https:\/\/nextsnkr.com\/et\/wp-json\/wp\/v2\/product\/789370\/revisions"}],"wp:featuredmedia":[{"embeddable":true,"href":"https:\/\/nextsnkr.com\/et\/wp-json\/wp\/v2\/media\/789371"}],"wp:attachment":[{"href":"https:\/\/nextsnkr.com\/et\/wp-json\/wp\/v2\/media?parent=789370"}],"wp:term":[{"taxonomy":"product_brand","embeddable":true,"href":"https:\/\/nextsnkr.com\/et\/wp-json\/wp\/v2\/product_brand?post=789370"},{"taxonomy":"product_cat","embeddable":true,"href":"https:\/\/nextsnkr.com\/et\/wp-json\/wp\/v2\/product_cat?post=789370"},{"taxonomy":"product_tag","embeddable":true,"href":"https:\/\/nextsnkr.com\/et\/wp-json\/wp\/v2\/product_tag?post=789370"}],"curies":[{"name":"wp","href":"https:\/\/api.w.org\/{rel}","templated":true}]}}