{"id":788350,"date":"2025-06-13T10:23:00","date_gmt":"2025-06-13T07:23:00","guid":{"rendered":"https:\/\/nextsnkr.com\/product\/1460-x-sex-pistols\/"},"modified":"2026-01-30T16:52:04","modified_gmt":"2026-01-30T13:52:04","slug":"1460-x-sex-pistols","status":"publish","type":"product","link":"https:\/\/nextsnkr.com\/et\/toode\/1460-x-sex-pistols\/","title":{"rendered":"Saapad 1460 X Sex Pistols &#8211; nahast stiilsed saapad"},"content":{"rendered":"<h2>Saapad 1460 X Sex Pistols &#8211; nahast stiilsed saapad<\/h2>\n<p>1460 x Sex Pistols saapad on ainulaadne koost\u00f6\u00f6, mis \u00fchendab ikoonilise disaini ja legendaarse b\u00e4ndi m\u00e4ssumeelse stiili. Valmistatud vastupidavast ehtsast nahast, pakuvad need mugavust, kaitset ja kauakestvat kulumist. Usaldusv\u00e4\u00e4rne tald ja klassikaline k\u00f5rge istuvus muudavad selle mudeli ideaalseks igap\u00e4evaseks kasutamiseks ja ekspressiivseks v\u00e4ljan\u00e4gemiseks. Tootja Hiina tagab kvaliteetse j\u00f5udluse ja korralikud detailid.<\/p>\n","protected":false},"excerpt":{"rendered":"<p>1460 x Sex Pistols saapad on ainulaadne koost\u00f6\u00f6, mis \u00fchendab ikoonilise disaini ja legendaarse b\u00e4ndi m\u00e4ssumeelse stiili. Valmistatud vastupidavast ehtsast nahast, pakuvad need mugavust, kaitset ja kauakestvat kulumist. Usaldusv\u00e4\u00e4rne tald ja klassikaline k\u00f5rge istuvus muudavad selle mudeli ideaalseks igap\u00e4evaseks kasutamiseks ja ekspressiivseks v\u00e4ljan\u00e4gemiseks. Tootja Hiina tagab kvaliteetse j\u00f5udluse ja korralikud detailid.<\/p>\n","protected":false},"featured_media":788351,"comment_status":"open","ping_status":"open","template":"","meta":[],"product_brand":[],"product_cat":[3186,3330],"product_tag":[],"class_list":{"0":"post-788350","1":"product","2":"type-product","3":"status-publish","4":"has-post-thumbnail","6":"product_cat-all-product","7":"product_cat-cherevyky","8":"pa_rozmir-910","9":"pa_rozmir-912","10":"pa_rozmir-914","11":"pa_rozmir-915","12":"pa_rozmir-916","13":"pa_rozmir-917","14":"pa_rozmir-918","15":"pa_rozmir-919","16":"pa_rozmir-920","17":"pa_rozmir-921","18":"pa_rozmir-922","20":"first","21":"instock","22":"purchasable","23":"product-type-variable"},"_links":{"self":[{"href":"https:\/\/nextsnkr.com\/et\/wp-json\/wp\/v2\/product\/788350","targetHints":{"allow":["GET"]}}],"collection":[{"href":"https:\/\/nextsnkr.com\/et\/wp-json\/wp\/v2\/product"}],"about":[{"href":"https:\/\/nextsnkr.com\/et\/wp-json\/wp\/v2\/types\/product"}],"replies":[{"embeddable":true,"href":"https:\/\/nextsnkr.com\/et\/wp-json\/wp\/v2\/comments?post=788350"}],"version-history":[{"count":0,"href":"https:\/\/nextsnkr.com\/et\/wp-json\/wp\/v2\/product\/788350\/revisions"}],"wp:featuredmedia":[{"embeddable":true,"href":"https:\/\/nextsnkr.com\/et\/wp-json\/wp\/v2\/media\/788351"}],"wp:attachment":[{"href":"https:\/\/nextsnkr.com\/et\/wp-json\/wp\/v2\/media?parent=788350"}],"wp:term":[{"taxonomy":"product_brand","embeddable":true,"href":"https:\/\/nextsnkr.com\/et\/wp-json\/wp\/v2\/product_brand?post=788350"},{"taxonomy":"product_cat","embeddable":true,"href":"https:\/\/nextsnkr.com\/et\/wp-json\/wp\/v2\/product_cat?post=788350"},{"taxonomy":"product_tag","embeddable":true,"href":"https:\/\/nextsnkr.com\/et\/wp-json\/wp\/v2\/product_tag?post=788350"}],"curies":[{"name":"wp","href":"https:\/\/api.w.org\/{rel}","templated":true}]}}