{"id":783505,"date":"2025-06-13T10:31:05","date_gmt":"2025-06-13T07:31:05","guid":{"rendered":"https:\/\/nextsnkr.com\/product\/990v6-x-loro-piana\/"},"modified":"2026-01-30T16:49:31","modified_gmt":"2026-01-30T13:49:31","slug":"990v6-x-loro-piana","status":"publish","type":"product","link":"https:\/\/nextsnkr.com\/et\/toode\/990v6-x-loro-piana\/","title":{"rendered":"Tossud 990v6 x Loro Piana-esmaklassiline nahk ja Tekstiil"},"content":{"rendered":"<h2>Tossud 990v6 x Loro Piana-esmaklassiline nahk ja Tekstiil<\/h2>\n<p>990v6 x Loro Piana tossud \u00fchendavad esmaklassilisi materjale-ehtsat nahka ja vastupidavaid tekstiile, et tagada mugavus, vastupidavus ja stiil. Keerukas disain koost\u00f6\u00f6s Loro Pianaga r\u00f5hutab staatust ja t\u00e4helepanu detailidele. Mudel on mugav igap\u00e4evaseks kandmiseks t\u00e4nu l\u00e4bim\u00f5eldud pehmendusele ja kergele tallale. Vietnamis toodetud tossud on ideaalne valik neile, kes hindavad elegantsi, kvaliteedi ja funktsionaalsuse kombinatsiooni.<\/p>\n","protected":false},"excerpt":{"rendered":"<p>990v6 x Loro Piana tossud \u00fchendavad esmaklassilisi materjale-ehtsat nahka ja vastupidavaid tekstiile, et tagada mugavus, vastupidavus ja stiil. Keerukas disain koost\u00f6\u00f6s Loro Pianaga r\u00f5hutab staatust ja t\u00e4helepanu detailidele. Mudel on mugav igap\u00e4evaseks kandmiseks t\u00e4nu l\u00e4bim\u00f5eldud pehmendusele ja kergele tallale. Vietnamis toodetud tossud on ideaalne valik neile, kes hindavad elegantsi, kvaliteedi ja funktsionaalsuse kombinatsiooni.<\/p>\n","protected":false},"featured_media":783506,"comment_status":"open","ping_status":"open","template":"","meta":[],"product_brand":[],"product_cat":[3186,3187],"product_tag":[],"class_list":{"0":"post-783505","1":"product","2":"type-product","3":"status-publish","4":"has-post-thumbnail","6":"product_cat-all-product","7":"product_cat-krosivky","8":"pa_rozmir-910","9":"pa_rozmir-912","10":"pa_rozmir-914","11":"pa_rozmir-915","12":"pa_rozmir-916","13":"pa_rozmir-917","14":"pa_rozmir-918","15":"pa_rozmir-919","16":"pa_rozmir-920","17":"pa_rozmir-921","19":"first","20":"instock","21":"purchasable","22":"product-type-variable"},"_links":{"self":[{"href":"https:\/\/nextsnkr.com\/et\/wp-json\/wp\/v2\/product\/783505","targetHints":{"allow":["GET"]}}],"collection":[{"href":"https:\/\/nextsnkr.com\/et\/wp-json\/wp\/v2\/product"}],"about":[{"href":"https:\/\/nextsnkr.com\/et\/wp-json\/wp\/v2\/types\/product"}],"replies":[{"embeddable":true,"href":"https:\/\/nextsnkr.com\/et\/wp-json\/wp\/v2\/comments?post=783505"}],"version-history":[{"count":0,"href":"https:\/\/nextsnkr.com\/et\/wp-json\/wp\/v2\/product\/783505\/revisions"}],"wp:featuredmedia":[{"embeddable":true,"href":"https:\/\/nextsnkr.com\/et\/wp-json\/wp\/v2\/media\/783506"}],"wp:attachment":[{"href":"https:\/\/nextsnkr.com\/et\/wp-json\/wp\/v2\/media?parent=783505"}],"wp:term":[{"taxonomy":"product_brand","embeddable":true,"href":"https:\/\/nextsnkr.com\/et\/wp-json\/wp\/v2\/product_brand?post=783505"},{"taxonomy":"product_cat","embeddable":true,"href":"https:\/\/nextsnkr.com\/et\/wp-json\/wp\/v2\/product_cat?post=783505"},{"taxonomy":"product_tag","embeddable":true,"href":"https:\/\/nextsnkr.com\/et\/wp-json\/wp\/v2\/product_tag?post=783505"}],"curies":[{"name":"wp","href":"https:\/\/api.w.org\/{rel}","templated":true}]}}