{"id":782878,"date":"2025-06-13T10:32:12","date_gmt":"2025-06-13T07:32:12","guid":{"rendered":"https:\/\/nextsnkr.com\/product\/1906r-white-rain-cloud-silver-metallic\/"},"modified":"2026-01-30T16:49:07","modified_gmt":"2026-01-30T13:49:07","slug":"1906r-white-rain-cloud-silver-metallic-2","status":"publish","type":"product","link":"https:\/\/nextsnkr.com\/et\/toode\/1906r-white-rain-cloud-silver-metallic-2\/","title":{"rendered":"1906r White Rain Cloud Silver Metallic tossud-nahk ja Tekstiil"},"content":{"rendered":"<h2>1906r White Rain Cloud Silver Metallic tossud-nahk ja Tekstiil<\/h2>\n<p>1906r White Rain Cloud Silver Metallic tossud \u00fchendavad stiilse disaini ja kvaliteetsed materjalid: ehtne nahk ja Tekstiil. Mudel pakub mugavust, kergust ja vastupidavust igap\u00e4evases kandmises. Valged ja h\u00f5bedased toonid muudavad kingad mitmek\u00fclgseks erinevate v\u00e4limuste jaoks ning Vietnamis tootmine tagab usaldusv\u00e4\u00e4rsuse ja korraliku teostuse. Ideaalne valik neile, kes hindavad kaubam\u00e4rgiga kingi ja stiilset kaasaegset v\u00e4limust. Kood: N3001-805411.<\/p>\n","protected":false},"excerpt":{"rendered":"<p>1906r White Rain Cloud Silver Metallic tossud \u00fchendavad stiilse disaini ja kvaliteetsed materjalid: ehtne nahk ja Tekstiil. Mudel pakub mugavust, kergust ja vastupidavust igap\u00e4evases kandmises. Valged ja h\u00f5bedased toonid muudavad kingad mitmek\u00fclgseks erinevate v\u00e4limuste jaoks ning Vietnamis tootmine tagab usaldusv\u00e4\u00e4rsuse ja korraliku teostuse. Ideaalne valik neile, kes hindavad kaubam\u00e4rgiga kingi ja stiilset kaasaegset v\u00e4limust. Kood: N3001-805411.<\/p>\n","protected":false},"featured_media":782879,"comment_status":"open","ping_status":"open","template":"","meta":[],"product_brand":[],"product_cat":[3186,3187],"product_tag":[],"class_list":{"0":"post-782878","1":"product","2":"type-product","3":"status-publish","4":"has-post-thumbnail","6":"product_cat-all-product","7":"product_cat-krosivky","8":"pa_rozmir-910","9":"pa_rozmir-912","10":"pa_rozmir-914","11":"pa_rozmir-915","12":"pa_rozmir-916","13":"pa_rozmir-917","14":"pa_rozmir-918","15":"pa_rozmir-919","16":"pa_rozmir-920","17":"pa_rozmir-921","19":"first","20":"instock","21":"purchasable","22":"product-type-variable"},"_links":{"self":[{"href":"https:\/\/nextsnkr.com\/et\/wp-json\/wp\/v2\/product\/782878","targetHints":{"allow":["GET"]}}],"collection":[{"href":"https:\/\/nextsnkr.com\/et\/wp-json\/wp\/v2\/product"}],"about":[{"href":"https:\/\/nextsnkr.com\/et\/wp-json\/wp\/v2\/types\/product"}],"replies":[{"embeddable":true,"href":"https:\/\/nextsnkr.com\/et\/wp-json\/wp\/v2\/comments?post=782878"}],"version-history":[{"count":0,"href":"https:\/\/nextsnkr.com\/et\/wp-json\/wp\/v2\/product\/782878\/revisions"}],"wp:featuredmedia":[{"embeddable":true,"href":"https:\/\/nextsnkr.com\/et\/wp-json\/wp\/v2\/media\/782879"}],"wp:attachment":[{"href":"https:\/\/nextsnkr.com\/et\/wp-json\/wp\/v2\/media?parent=782878"}],"wp:term":[{"taxonomy":"product_brand","embeddable":true,"href":"https:\/\/nextsnkr.com\/et\/wp-json\/wp\/v2\/product_brand?post=782878"},{"taxonomy":"product_cat","embeddable":true,"href":"https:\/\/nextsnkr.com\/et\/wp-json\/wp\/v2\/product_cat?post=782878"},{"taxonomy":"product_tag","embeddable":true,"href":"https:\/\/nextsnkr.com\/et\/wp-json\/wp\/v2\/product_tag?post=782878"}],"curies":[{"name":"wp","href":"https:\/\/api.w.org\/{rel}","templated":true}]}}