{"id":782244,"date":"2025-06-13T10:33:13","date_gmt":"2025-06-13T07:33:13","guid":{"rendered":"https:\/\/nextsnkr.com\/product\/dr-martens-jadon-white\/"},"modified":"2026-01-30T16:48:44","modified_gmt":"2026-01-30T13:48:44","slug":"dr-martens-jadon-white","status":"publish","type":"product","link":"https:\/\/nextsnkr.com\/et\/toode\/dr-martens-jadon-white\/","title":{"rendered":"Saapad Dr. Martens Jadon White-valged k\u00f5rged saapad ilma karusnahata"},"content":{"rendered":"<h2>Saapad Dr. Martens Jadon White-valged k\u00f5rged saapad ilma karusnahata<\/h2>\n<p>Saapad Dr. Martens Jadon White on stiilne ja \u00e4ratuntav mudel, mis \u00fchendab endas vastupidavuse, mugavuse ja ikoonilise disaini. Valmistatud kvaliteetsest siledast materjalist, neid iseloomustab suurenenud kulumiskindlus ja mugavus igap\u00e4evase kandmise ajal. K\u00f5rge tald pakub usaldusv\u00e4\u00e4rset tuge ja annab pildile v\u00e4ljendusrikkuse. Valged Dr. Martens Jadon on ideaalne valik neile, kes hindavad kingade julget stiili, praktilisust ja vastupidavust.<\/p>\n","protected":false},"excerpt":{"rendered":"<p>Saapad Dr. Martens Jadon White on stiilne ja \u00e4ratuntav mudel, mis \u00fchendab endas vastupidavuse, mugavuse ja ikoonilise disaini. Valmistatud kvaliteetsest siledast materjalist, neid iseloomustab suurenenud kulumiskindlus ja mugavus igap\u00e4evase kandmise ajal. K\u00f5rge tald pakub usaldusv\u00e4\u00e4rset tuge ja annab pildile v\u00e4ljendusrikkuse. Valged Dr. Martens Jadon on ideaalne valik neile, kes hindavad kingade julget stiili, praktilisust ja vastupidavust.<\/p>\n","protected":false},"featured_media":782245,"comment_status":"open","ping_status":"open","template":"","meta":[],"product_brand":[2398],"product_cat":[3615,3186,3330],"product_tag":[],"class_list":{"0":"post-782244","1":"product","2":"type-product","3":"status-publish","4":"has-post-thumbnail","6":"product_brand-dr-martens","7":"product_cat-dr-martens","8":"product_cat-all-product","9":"product_cat-cherevyky","10":"pa_rozmir-910","11":"pa_rozmir-912","12":"pa_rozmir-914","13":"pa_rozmir-915","14":"pa_rozmir-916","15":"pa_rozmir-917","16":"pa_rozmir-918","17":"pa_rozmir-919","18":"pa_rozmir-920","19":"pa_rozmir-921","20":"pa_rozmir-922","22":"first","23":"onbackorder","24":"purchasable","25":"product-type-variable"},"_links":{"self":[{"href":"https:\/\/nextsnkr.com\/et\/wp-json\/wp\/v2\/product\/782244","targetHints":{"allow":["GET"]}}],"collection":[{"href":"https:\/\/nextsnkr.com\/et\/wp-json\/wp\/v2\/product"}],"about":[{"href":"https:\/\/nextsnkr.com\/et\/wp-json\/wp\/v2\/types\/product"}],"replies":[{"embeddable":true,"href":"https:\/\/nextsnkr.com\/et\/wp-json\/wp\/v2\/comments?post=782244"}],"version-history":[{"count":0,"href":"https:\/\/nextsnkr.com\/et\/wp-json\/wp\/v2\/product\/782244\/revisions"}],"wp:featuredmedia":[{"embeddable":true,"href":"https:\/\/nextsnkr.com\/et\/wp-json\/wp\/v2\/media\/782245"}],"wp:attachment":[{"href":"https:\/\/nextsnkr.com\/et\/wp-json\/wp\/v2\/media?parent=782244"}],"wp:term":[{"taxonomy":"product_brand","embeddable":true,"href":"https:\/\/nextsnkr.com\/et\/wp-json\/wp\/v2\/product_brand?post=782244"},{"taxonomy":"product_cat","embeddable":true,"href":"https:\/\/nextsnkr.com\/et\/wp-json\/wp\/v2\/product_cat?post=782244"},{"taxonomy":"product_tag","embeddable":true,"href":"https:\/\/nextsnkr.com\/et\/wp-json\/wp\/v2\/product_tag?post=782244"}],"curies":[{"name":"wp","href":"https:\/\/api.w.org\/{rel}","templated":true}]}}