{"id":780187,"date":"2025-06-13T10:37:05","date_gmt":"2025-06-13T07:37:05","guid":{"rendered":"https:\/\/nextsnkr.com\/product\/adidas-samba-vegan\/"},"modified":"2026-01-30T16:47:42","modified_gmt":"2026-01-30T13:47:42","slug":"adidas-samba-vegan","status":"publish","type":"product","link":"https:\/\/nextsnkr.com\/et\/toode\/adidas-samba-vegan\/","title":{"rendered":"Adidas Samba Vegan tossud-nahk ja seemisnahk, stiilne ja keskkonnas\u00f5bralik"},"content":{"rendered":"<h2>Adidas Samba Vegan tossud-nahk ja seemisnahk, stiilne ja keskkonnas\u00f5bralik<\/h2>\n<p>Adidas Samba Vegan tossud \u00fchendavad br\u00e4ndi ikoonilise stiili ja kaasaegse l\u00e4henemise \u00f6koloogiale. Mudel on valmistatud kunstnahast ja seemisnahast, mis tagab kulumiskindluse ja mugavuse igap\u00e4evase kandmise ajal. Klassikalist Samba siluetti on lihtne sobitada mis tahes viisil ja Vietnami tootmise kvaliteet tagab pika teeninduse. Valige Adidas Samba Vegan stiilse, mugava ja vastutustundliku valiku jaoks.<\/p>\n","protected":false},"excerpt":{"rendered":"<p>Adidas Samba Vegan tossud \u00fchendavad br\u00e4ndi ikoonilise stiili ja kaasaegse l\u00e4henemise \u00f6koloogiale. Mudel on valmistatud kunstnahast ja seemisnahast, mis tagab kulumiskindluse ja mugavuse igap\u00e4evase kandmise ajal. Klassikalist Samba siluetti on lihtne sobitada mis tahes viisil ja Vietnami tootmise kvaliteet tagab pika teeninduse. Valige Adidas Samba Vegan stiilse, mugava ja vastutustundliku valiku jaoks.<\/p>\n","protected":false},"featured_media":780189,"comment_status":"open","ping_status":"open","template":"","meta":[],"product_brand":[],"product_cat":[3186,3317],"product_tag":[],"class_list":{"0":"post-780187","1":"product","2":"type-product","3":"status-publish","4":"has-post-thumbnail","6":"product_cat-all-product","7":"product_cat-kedy","8":"pa_rozmir-910","9":"pa_rozmir-912","10":"pa_rozmir-914","11":"pa_rozmir-915","12":"pa_rozmir-916","13":"pa_rozmir-917","14":"pa_rozmir-918","15":"pa_rozmir-919","16":"pa_rozmir-920","17":"pa_rozmir-921","18":"pa_rozmir-922","20":"first","21":"instock","22":"purchasable","23":"product-type-variable"},"_links":{"self":[{"href":"https:\/\/nextsnkr.com\/et\/wp-json\/wp\/v2\/product\/780187","targetHints":{"allow":["GET"]}}],"collection":[{"href":"https:\/\/nextsnkr.com\/et\/wp-json\/wp\/v2\/product"}],"about":[{"href":"https:\/\/nextsnkr.com\/et\/wp-json\/wp\/v2\/types\/product"}],"replies":[{"embeddable":true,"href":"https:\/\/nextsnkr.com\/et\/wp-json\/wp\/v2\/comments?post=780187"}],"version-history":[{"count":0,"href":"https:\/\/nextsnkr.com\/et\/wp-json\/wp\/v2\/product\/780187\/revisions"}],"wp:featuredmedia":[{"embeddable":true,"href":"https:\/\/nextsnkr.com\/et\/wp-json\/wp\/v2\/media\/780189"}],"wp:attachment":[{"href":"https:\/\/nextsnkr.com\/et\/wp-json\/wp\/v2\/media?parent=780187"}],"wp:term":[{"taxonomy":"product_brand","embeddable":true,"href":"https:\/\/nextsnkr.com\/et\/wp-json\/wp\/v2\/product_brand?post=780187"},{"taxonomy":"product_cat","embeddable":true,"href":"https:\/\/nextsnkr.com\/et\/wp-json\/wp\/v2\/product_cat?post=780187"},{"taxonomy":"product_tag","embeddable":true,"href":"https:\/\/nextsnkr.com\/et\/wp-json\/wp\/v2\/product_tag?post=780187"}],"curies":[{"name":"wp","href":"https:\/\/api.w.org\/{rel}","templated":true}]}}