{"id":777158,"date":"2025-06-13T10:41:46","date_gmt":"2025-06-13T07:41:46","guid":{"rendered":"https:\/\/nextsnkr.com\/product\/adidas-nmd-black\/"},"modified":"2026-01-30T16:46:29","modified_gmt":"2026-01-30T13:46:29","slug":"adidas-nmd-black","status":"publish","type":"product","link":"https:\/\/nextsnkr.com\/et\/toode\/adidas-nmd-black\/","title":{"rendered":"Adidas NMD Mustad tossud-kerged tekstiilispordialad linna jaoks"},"content":{"rendered":"<h2>Adidas NMD Mustad tossud-kerged tekstiilispordialad linna jaoks<\/h2>\n<p>Adidas NMD Black tossud on kaasaegsed hingavatest tekstiilidest spordijalatsid, mis on loodud mugavuse ja aktiivse elustiili jaoks. Kerge tald pakub pehmendust ja mugavust pikkadel jalutusk\u00e4ikudel ja treeningutel. Stiilne must disain r\u00f5hutab isikup\u00e4ra ja sobib h\u00f5lpsalt iga garderoobiga. Ideaalne valik linna v\u00e4ljan\u00e4gemise ja igap\u00e4evase kasutamise jaoks. Tootja Vietnam tagab mudeli k\u00f5rge j\u00f5udluse ja pikaealisuse.<\/p>\n","protected":false},"excerpt":{"rendered":"<p>Adidas NMD Black tossud on kaasaegsed hingavatest tekstiilidest spordijalatsid, mis on loodud mugavuse ja aktiivse elustiili jaoks. Kerge tald pakub pehmendust ja mugavust pikkadel jalutusk\u00e4ikudel ja treeningutel. Stiilne must disain r\u00f5hutab isikup\u00e4ra ja sobib h\u00f5lpsalt iga garderoobiga. Ideaalne valik linna v\u00e4ljan\u00e4gemise ja igap\u00e4evase kasutamise jaoks. Tootja Vietnam tagab mudeli k\u00f5rge j\u00f5udluse ja pikaealisuse.<\/p>\n","protected":false},"featured_media":777159,"comment_status":"open","ping_status":"open","template":"","meta":[],"product_brand":[],"product_cat":[3186,3187],"product_tag":[],"class_list":{"0":"post-777158","1":"product","2":"type-product","3":"status-publish","4":"has-post-thumbnail","6":"product_cat-all-product","7":"product_cat-krosivky","8":"pa_rozmir-910","9":"pa_rozmir-912","10":"pa_rozmir-914","11":"pa_rozmir-915","12":"pa_rozmir-916","13":"pa_rozmir-917","14":"pa_rozmir-918","15":"pa_rozmir-919","16":"pa_rozmir-920","17":"pa_rozmir-921","18":"pa_rozmir-922","20":"first","21":"onbackorder","22":"purchasable","23":"product-type-variable"},"_links":{"self":[{"href":"https:\/\/nextsnkr.com\/et\/wp-json\/wp\/v2\/product\/777158","targetHints":{"allow":["GET"]}}],"collection":[{"href":"https:\/\/nextsnkr.com\/et\/wp-json\/wp\/v2\/product"}],"about":[{"href":"https:\/\/nextsnkr.com\/et\/wp-json\/wp\/v2\/types\/product"}],"replies":[{"embeddable":true,"href":"https:\/\/nextsnkr.com\/et\/wp-json\/wp\/v2\/comments?post=777158"}],"version-history":[{"count":0,"href":"https:\/\/nextsnkr.com\/et\/wp-json\/wp\/v2\/product\/777158\/revisions"}],"wp:featuredmedia":[{"embeddable":true,"href":"https:\/\/nextsnkr.com\/et\/wp-json\/wp\/v2\/media\/777159"}],"wp:attachment":[{"href":"https:\/\/nextsnkr.com\/et\/wp-json\/wp\/v2\/media?parent=777158"}],"wp:term":[{"taxonomy":"product_brand","embeddable":true,"href":"https:\/\/nextsnkr.com\/et\/wp-json\/wp\/v2\/product_brand?post=777158"},{"taxonomy":"product_cat","embeddable":true,"href":"https:\/\/nextsnkr.com\/et\/wp-json\/wp\/v2\/product_cat?post=777158"},{"taxonomy":"product_tag","embeddable":true,"href":"https:\/\/nextsnkr.com\/et\/wp-json\/wp\/v2\/product_tag?post=777158"}],"curies":[{"name":"wp","href":"https:\/\/api.w.org\/{rel}","templated":true}]}}