{"id":774860,"date":"2025-06-13T10:50:30","date_gmt":"2025-06-13T07:50:30","guid":{"rendered":"https:\/\/nextsnkr.com\/product\/nike-air-force-1-mini-swoosh\/"},"modified":"2026-01-30T16:44:50","modified_gmt":"2026-01-30T13:44:50","slug":"nike-air-force-1-mini-swoosh","status":"publish","type":"product","link":"https:\/\/nextsnkr.com\/et\/toode\/nike-air-force-1-mini-swoosh\/","title":{"rendered":"Nike Air Force 1 Mini Swoosh nahast tossud-Stiilne klassika"},"content":{"rendered":"<h2>Nike Air Force 1 Mini Swoosh nahast tossud-Stiilne klassika<\/h2>\n<p>Nike Air Force 1 Mini Swoosh tossud on valmistatud kvaliteetsest ehtsast nahast, mis tagab igap\u00e4evase vastupidavuse ja mugavuse. Legendaarset Air Force 1 siluetti t\u00e4iendab korralik Mini Swoosh logo, mis muudab disaini kaasaegseks ja \u00e4ratuntavaks. Vietnamis toodetud tossud eristuvad kvaliteetsest \u00f5mblemisest ja usaldusv\u00e4\u00e4rsetest materjalidest. Ideaalne valik Nike kaubam\u00e4rgi ja klassikalise linnastiili f\u00e4nnidele. Kood ja SKU: 0614v-693094.<\/p>\n","protected":false},"excerpt":{"rendered":"<p>Nike Air Force 1 Mini Swoosh tossud on valmistatud kvaliteetsest ehtsast nahast, mis tagab igap\u00e4evase vastupidavuse ja mugavuse. Legendaarset Air Force 1 siluetti t\u00e4iendab korralik Mini Swoosh logo, mis muudab disaini kaasaegseks ja \u00e4ratuntavaks. Vietnamis toodetud tossud eristuvad kvaliteetsest \u00f5mblemisest ja usaldusv\u00e4\u00e4rsetest materjalidest. Ideaalne valik Nike kaubam\u00e4rgi ja klassikalise linnastiili f\u00e4nnidele. Kood ja SKU: 0614v-693094.<\/p>\n","protected":false},"featured_media":774864,"comment_status":"open","ping_status":"open","template":"","meta":[],"product_brand":[],"product_cat":[3186,3317],"product_tag":[],"class_list":{"0":"post-774860","1":"product","2":"type-product","3":"status-publish","4":"has-post-thumbnail","6":"product_cat-all-product","7":"product_cat-kedy","8":"pa_rozmir-910","9":"pa_rozmir-912","10":"pa_rozmir-914","11":"pa_rozmir-915","12":"pa_rozmir-916","13":"pa_rozmir-917","14":"pa_rozmir-918","15":"pa_rozmir-919","16":"pa_rozmir-920","17":"pa_rozmir-921","18":"pa_rozmir-922","20":"first","21":"instock","22":"purchasable","23":"product-type-variable"},"_links":{"self":[{"href":"https:\/\/nextsnkr.com\/et\/wp-json\/wp\/v2\/product\/774860","targetHints":{"allow":["GET"]}}],"collection":[{"href":"https:\/\/nextsnkr.com\/et\/wp-json\/wp\/v2\/product"}],"about":[{"href":"https:\/\/nextsnkr.com\/et\/wp-json\/wp\/v2\/types\/product"}],"replies":[{"embeddable":true,"href":"https:\/\/nextsnkr.com\/et\/wp-json\/wp\/v2\/comments?post=774860"}],"version-history":[{"count":0,"href":"https:\/\/nextsnkr.com\/et\/wp-json\/wp\/v2\/product\/774860\/revisions"}],"wp:featuredmedia":[{"embeddable":true,"href":"https:\/\/nextsnkr.com\/et\/wp-json\/wp\/v2\/media\/774864"}],"wp:attachment":[{"href":"https:\/\/nextsnkr.com\/et\/wp-json\/wp\/v2\/media?parent=774860"}],"wp:term":[{"taxonomy":"product_brand","embeddable":true,"href":"https:\/\/nextsnkr.com\/et\/wp-json\/wp\/v2\/product_brand?post=774860"},{"taxonomy":"product_cat","embeddable":true,"href":"https:\/\/nextsnkr.com\/et\/wp-json\/wp\/v2\/product_cat?post=774860"},{"taxonomy":"product_tag","embeddable":true,"href":"https:\/\/nextsnkr.com\/et\/wp-json\/wp\/v2\/product_tag?post=774860"}],"curies":[{"name":"wp","href":"https:\/\/api.w.org\/{rel}","templated":true}]}}