{"id":773782,"date":"2025-06-13T10:52:38","date_gmt":"2025-06-13T07:52:38","guid":{"rendered":"https:\/\/nextsnkr.com\/product\/nike-air-force-shadow-full-white\/"},"modified":"2026-01-30T16:44:06","modified_gmt":"2026-01-30T13:44:06","slug":"nike-air-force-shadow-full-white","status":"publish","type":"product","link":"https:\/\/nextsnkr.com\/et\/toode\/nike-air-force-shadow-full-white\/","title":{"rendered":"Nike Air Force Shadow full White tossud-nahast stiilsed naised"},"content":{"rendered":"<h2>Nike Air Force Shadow full White tossud-nahast stiilsed naised<\/h2>\n<p>Nike Air Force Shadow Full White tossud \u00fchendavad legendaarse disaini ja kaasaegse mugavuse. Mudel on valmistatud ehtsast nahast, mis tagab vastupidavuse, mugava istuvuse ja jala toe. Hele valge v\u00e4rv ja mitmetasandiline konstruktsioon r\u00f5hutavad stiili ja isikup\u00e4ra, muutes tossud igap\u00e4evaseks kandmiseks ja aktiivseks linnaeluks mitmek\u00fclgseks. Tootja Vietnam tagab iga detaili k\u00f5rge kvaliteedi ja t\u00e4pse t\u00e4itmise.<\/p>\n","protected":false},"excerpt":{"rendered":"<p>Nike Air Force Shadow Full White tossud \u00fchendavad legendaarse disaini ja kaasaegse mugavuse. Mudel on valmistatud ehtsast nahast, mis tagab vastupidavuse, mugava istuvuse ja jala toe. Hele valge v\u00e4rv ja mitmetasandiline konstruktsioon r\u00f5hutavad stiili ja isikup\u00e4ra, muutes tossud igap\u00e4evaseks kandmiseks ja aktiivseks linnaeluks mitmek\u00fclgseks. Tootja Vietnam tagab iga detaili k\u00f5rge kvaliteedi ja t\u00e4pse t\u00e4itmise.<\/p>\n","protected":false},"featured_media":773783,"comment_status":"open","ping_status":"open","template":"","meta":[],"product_brand":[],"product_cat":[3186,3317],"product_tag":[],"class_list":{"0":"post-773782","1":"product","2":"type-product","3":"status-publish","4":"has-post-thumbnail","6":"product_cat-all-product","7":"product_cat-kedy","8":"pa_rozmir-910","9":"pa_rozmir-912","10":"pa_rozmir-914","11":"pa_rozmir-915","12":"pa_rozmir-916","13":"pa_rozmir-917","14":"pa_rozmir-918","15":"pa_rozmir-919","16":"pa_rozmir-920","17":"pa_rozmir-921","18":"pa_rozmir-922","20":"first","21":"instock","22":"purchasable","23":"product-type-variable"},"_links":{"self":[{"href":"https:\/\/nextsnkr.com\/et\/wp-json\/wp\/v2\/product\/773782","targetHints":{"allow":["GET"]}}],"collection":[{"href":"https:\/\/nextsnkr.com\/et\/wp-json\/wp\/v2\/product"}],"about":[{"href":"https:\/\/nextsnkr.com\/et\/wp-json\/wp\/v2\/types\/product"}],"replies":[{"embeddable":true,"href":"https:\/\/nextsnkr.com\/et\/wp-json\/wp\/v2\/comments?post=773782"}],"version-history":[{"count":0,"href":"https:\/\/nextsnkr.com\/et\/wp-json\/wp\/v2\/product\/773782\/revisions"}],"wp:featuredmedia":[{"embeddable":true,"href":"https:\/\/nextsnkr.com\/et\/wp-json\/wp\/v2\/media\/773783"}],"wp:attachment":[{"href":"https:\/\/nextsnkr.com\/et\/wp-json\/wp\/v2\/media?parent=773782"}],"wp:term":[{"taxonomy":"product_brand","embeddable":true,"href":"https:\/\/nextsnkr.com\/et\/wp-json\/wp\/v2\/product_brand?post=773782"},{"taxonomy":"product_cat","embeddable":true,"href":"https:\/\/nextsnkr.com\/et\/wp-json\/wp\/v2\/product_cat?post=773782"},{"taxonomy":"product_tag","embeddable":true,"href":"https:\/\/nextsnkr.com\/et\/wp-json\/wp\/v2\/product_tag?post=773782"}],"curies":[{"name":"wp","href":"https:\/\/api.w.org\/{rel}","templated":true}]}}