{"id":771288,"date":"2025-06-13T10:58:09","date_gmt":"2025-06-13T07:58:09","guid":{"rendered":"https:\/\/nextsnkr.com\/product\/nike-af1-lx-chrome-swooshees-white-black\/"},"modified":"2026-01-30T16:42:48","modified_gmt":"2026-01-30T13:42:48","slug":"nike-af1-lx-chrome-swooshees-white-black","status":"publish","type":"product","link":"https:\/\/nextsnkr.com\/et\/toode\/nike-af1-lx-chrome-swooshees-white-black\/","title":{"rendered":"Nike af1 LX Chrome Swooshes Valge \/ must nahast tossud-esmaklassiline stiil"},"content":{"rendered":"<h2>Nike af1 LX Chrome Swooshes Valge \/ must nahast tossud-esmaklassiline stiil<\/h2>\n<p>Nike AF1 LX Chrome Swooshes White \/ Black tossud on legendaarne Air Force 1 disain esmaklassilises versioonis. Ehtne nahk tagab k\u00f5rge tugevuse ja vastupidavuse ning kroomitud logod lisavad ainulaadse aktsendi ja stiilse v\u00e4limuse. Valmistatud Vietnamis, tagavad need mugavuse, usaldusv\u00e4\u00e4rse sobivuse ja mitmek\u00fclgsuse igap\u00e4evases v\u00e4limuses. Ideaalne valik kvaliteetsete kingade tundjatele.<\/p>\n","protected":false},"excerpt":{"rendered":"<p>Nike AF1 LX Chrome Swooshes White \/ Black tossud on legendaarne Air Force 1 disain esmaklassilises versioonis. Ehtne nahk tagab k\u00f5rge tugevuse ja vastupidavuse ning kroomitud logod lisavad ainulaadse aktsendi ja stiilse v\u00e4limuse. Valmistatud Vietnamis, tagavad need mugavuse, usaldusv\u00e4\u00e4rse sobivuse ja mitmek\u00fclgsuse igap\u00e4evases v\u00e4limuses. Ideaalne valik kvaliteetsete kingade tundjatele.<\/p>\n","protected":false},"featured_media":771289,"comment_status":"open","ping_status":"open","template":"","meta":[],"product_brand":[],"product_cat":[3186,3317],"product_tag":[],"class_list":{"0":"post-771288","1":"product","2":"type-product","3":"status-publish","4":"has-post-thumbnail","6":"product_cat-all-product","7":"product_cat-kedy","8":"pa_rozmir-910","9":"pa_rozmir-912","10":"pa_rozmir-914","11":"pa_rozmir-915","12":"pa_rozmir-916","13":"pa_rozmir-917","14":"pa_rozmir-918","15":"pa_rozmir-919","16":"pa_rozmir-920","17":"pa_rozmir-921","18":"pa_rozmir-922","20":"first","21":"onbackorder","22":"purchasable","23":"product-type-variable"},"_links":{"self":[{"href":"https:\/\/nextsnkr.com\/et\/wp-json\/wp\/v2\/product\/771288","targetHints":{"allow":["GET"]}}],"collection":[{"href":"https:\/\/nextsnkr.com\/et\/wp-json\/wp\/v2\/product"}],"about":[{"href":"https:\/\/nextsnkr.com\/et\/wp-json\/wp\/v2\/types\/product"}],"replies":[{"embeddable":true,"href":"https:\/\/nextsnkr.com\/et\/wp-json\/wp\/v2\/comments?post=771288"}],"version-history":[{"count":0,"href":"https:\/\/nextsnkr.com\/et\/wp-json\/wp\/v2\/product\/771288\/revisions"}],"wp:featuredmedia":[{"embeddable":true,"href":"https:\/\/nextsnkr.com\/et\/wp-json\/wp\/v2\/media\/771289"}],"wp:attachment":[{"href":"https:\/\/nextsnkr.com\/et\/wp-json\/wp\/v2\/media?parent=771288"}],"wp:term":[{"taxonomy":"product_brand","embeddable":true,"href":"https:\/\/nextsnkr.com\/et\/wp-json\/wp\/v2\/product_brand?post=771288"},{"taxonomy":"product_cat","embeddable":true,"href":"https:\/\/nextsnkr.com\/et\/wp-json\/wp\/v2\/product_cat?post=771288"},{"taxonomy":"product_tag","embeddable":true,"href":"https:\/\/nextsnkr.com\/et\/wp-json\/wp\/v2\/product_tag?post=771288"}],"curies":[{"name":"wp","href":"https:\/\/api.w.org\/{rel}","templated":true}]}}